{"id":126,"date":"2023-11-28T17:41:02","date_gmt":"2023-11-28T20:41:02","guid":{"rendered":"https:\/\/portal.speedmais.com.br\/anac\/?page_id=126"},"modified":"2023-11-30T14:40:41","modified_gmt":"2023-11-30T17:40:41","slug":"sfi","status":"publish","type":"page","link":"https:\/\/portal.speedmais.com.br\/anac\/procedimentos\/sfi\/","title":{"rendered":"SFI"},"content":{"rendered":"\n<div class=\"wp-block-file\"><a id=\"wp-block-file--media-9f41a6bc-8000-469b-9a70-038b90d4a5cb\" href=\"https:\/\/portal.speedmais.com.br\/anac\/wp-content\/uploads\/sites\/35\/2023\/11\/SFI-001-NURAC-Nucleo-Regional-de-Aviacao-Civil.pdf\" target=\"_blank\" rel=\"noreferrer noopener\">SFI-001-NURAC-Nucleo-Regional-de-Aviacao-Civil<\/a><a href=\"https:\/\/portal.speedmais.com.br\/anac\/wp-content\/uploads\/sites\/35\/2023\/11\/SFI-001-NURAC-Nucleo-Regional-de-Aviacao-Civil.pdf\" class=\"wp-block-file__button wp-element-button\" download aria-describedby=\"wp-block-file--media-9f41a6bc-8000-469b-9a70-038b90d4a5cb\">Baixar<\/a><\/div>\n\n\n\n<div class=\"wp-block-file\"><a id=\"wp-block-file--media-7d2dabbc-ed9d-4ef6-899a-785e1ef7c6a3\" href=\"https:\/\/portal.speedmais.com.br\/anac\/wp-content\/uploads\/sites\/35\/2023\/11\/SFI-002-Denuncia-de-pessoa-sem-licenca-sem-habilitacao-ou-com-a-habilitacao-vencida-pilotando-aeronave.pdf\" target=\"_blank\" rel=\"noreferrer noopener\">SFI-002-Denuncia-de-pessoa-sem-licenca-sem-habilita\u00e7\u00e3o-ou-com-a-habilitacao-vencida-pilotando-aeronave<\/a><a href=\"https:\/\/portal.speedmais.com.br\/anac\/wp-content\/uploads\/sites\/35\/2023\/11\/SFI-002-Denuncia-de-pessoa-sem-licenca-sem-habilitacao-ou-com-a-habilitacao-vencida-pilotando-aeronave.pdf\" class=\"wp-block-file__button wp-element-button\" download aria-describedby=\"wp-block-file--media-7d2dabbc-ed9d-4ef6-899a-785e1ef7c6a3\">Baixar<\/a><\/div>\n\n\n\n<div class=\"wp-block-file\"><a id=\"wp-block-file--media-19fafe92-47f2-4a30-b882-5ae26ad1517c\" href=\"https:\/\/portal.speedmais.com.br\/anac\/wp-content\/uploads\/sites\/35\/2023\/11\/SFI-003-Sistema-Decolagem-Certa-\u2013-DCERTA.pdf\">SFI-003-Sistema-Decolagem-Certa-\u2013-DCERTA<\/a><a href=\"https:\/\/portal.speedmais.com.br\/anac\/wp-content\/uploads\/sites\/35\/2023\/11\/SFI-003-Sistema-Decolagem-Certa-\u2013-DCERTA.pdf\" class=\"wp-block-file__button wp-element-button\" download aria-describedby=\"wp-block-file--media-19fafe92-47f2-4a30-b882-5ae26ad1517c\">Baixar<\/a><\/div>\n\n\n\n<div class=\"wp-block-file\"><a id=\"wp-block-file--media-1d06ca6f-0cb7-41f4-9757-576c733855f0\" href=\"https:\/\/portal.speedmais.com.br\/anac\/wp-content\/uploads\/sites\/35\/2023\/11\/SFI-004-Declaracao-de-Regularidade-Entrega.pdf\" target=\"_blank\" rel=\"noreferrer noopener\">SFI-004-Declara\u00e7\u00e3o-de-Regularidade-Entrega<\/a><a href=\"https:\/\/portal.speedmais.com.br\/anac\/wp-content\/uploads\/sites\/35\/2023\/11\/SFI-004-Declaracao-de-Regularidade-Entrega.pdf\" class=\"wp-block-file__button wp-element-button\" download aria-describedby=\"wp-block-file--media-1d06ca6f-0cb7-41f4-9757-576c733855f0\">Baixar<\/a><\/div>\n\n\n\n<div class=\"wp-block-file\"><a id=\"wp-block-file--media-2071ac1e-1e92-48fd-84a6-9f71de126005\" href=\"https:\/\/portal.speedmais.com.br\/anac\/wp-content\/uploads\/sites\/35\/2023\/11\/SFI-006-\u2013-Verificacao-Previa-no-Simulador-de-Voo-Indisponibilidade-do-Sistema-\u2013-DCERTA.pdf\" target=\"_blank\" rel=\"noreferrer noopener\">SFI-006-\u2013-Verifica\u00e7\u00e3o-Previa-no-Simulador-de-Voo-Indisponibilidade-do-Sistema-\u2013-DCERTA<\/a><a href=\"https:\/\/portal.speedmais.com.br\/anac\/wp-content\/uploads\/sites\/35\/2023\/11\/SFI-006-\u2013-Verificacao-Previa-no-Simulador-de-Voo-Indisponibilidade-do-Sistema-\u2013-DCERTA.pdf\" class=\"wp-block-file__button wp-element-button\" download aria-describedby=\"wp-block-file--media-2071ac1e-1e92-48fd-84a6-9f71de126005\">Baixar<\/a><\/div>\n\n\n\n<div class=\"wp-block-file\"><a id=\"wp-block-file--media-ce9849a7-44d5-4ebb-93fb-e2ea4ddf7c6a\" href=\"https:\/\/portal.speedmais.com.br\/anac\/wp-content\/uploads\/sites\/35\/2023\/11\/SFI-007-Declaracao-de-Regularidade-nao-Isenta-Novas-Acoes-de-Fiscalizacao.pdf\" target=\"_blank\" rel=\"noreferrer noopener\">SFI-007-Declara\u00e7\u00e3o-de-Regularidade-nao-Isenta-Novas-Acoes-de-Fiscaliza\u00e7\u00e3o<\/a><a href=\"https:\/\/portal.speedmais.com.br\/anac\/wp-content\/uploads\/sites\/35\/2023\/11\/SFI-007-Declaracao-de-Regularidade-nao-Isenta-Novas-Acoes-de-Fiscalizacao.pdf\" class=\"wp-block-file__button wp-element-button\" download aria-describedby=\"wp-block-file--media-ce9849a7-44d5-4ebb-93fb-e2ea4ddf7c6a\">Baixar<\/a><\/div>\n\n\n\n<div class=\"wp-block-file\"><a id=\"wp-block-file--media-8b5c6c5e-4efc-4239-8571-d015bc7d255d\" href=\"https:\/\/portal.speedmais.com.br\/anac\/wp-content\/uploads\/sites\/35\/2023\/11\/SFI-009-Documentos-e-Itens-Verificados-pelo-Sistema-DCerta.pdf\" target=\"_blank\" rel=\"noreferrer noopener\">SFI-009-Documentos-e-Itens-Verificados-pelo-Sistema-DCerta<\/a><a href=\"https:\/\/portal.speedmais.com.br\/anac\/wp-content\/uploads\/sites\/35\/2023\/11\/SFI-009-Documentos-e-Itens-Verificados-pelo-Sistema-DCerta.pdf\" class=\"wp-block-file__button wp-element-button\" download aria-describedby=\"wp-block-file--media-8b5c6c5e-4efc-4239-8571-d015bc7d255d\">Baixar<\/a><\/div>\n\n\n\n<div class=\"wp-block-file\"><a id=\"wp-block-file--media-bdb0d290-bc2a-4c7a-9bc7-d4c1e5f65a2b\" href=\"https:\/\/portal.speedmais.com.br\/anac\/wp-content\/uploads\/sites\/35\/2023\/11\/SFI-008-Declaracao-de-Regularidade-Desnecessidade-de-Apresentacao-de-Documentos-comprobatorios-a-Sala-AIS-CCF-CMA-vencido.pdf\" target=\"_blank\" rel=\"noreferrer noopener\">SFI-008-Declara\u00e7\u00e3o-de-Regularidade-Desnecessidade-de-Apresenta\u00e7\u00e3o-de-Documentos-comprobat\u00f3rios-a-Sala-AIS-CCF-CMA-vencido<\/a><a href=\"https:\/\/portal.speedmais.com.br\/anac\/wp-content\/uploads\/sites\/35\/2023\/11\/SFI-008-Declaracao-de-Regularidade-Desnecessidade-de-Apresentacao-de-Documentos-comprobatorios-a-Sala-AIS-CCF-CMA-vencido.pdf\" class=\"wp-block-file__button wp-element-button\" download aria-describedby=\"wp-block-file--media-bdb0d290-bc2a-4c7a-9bc7-d4c1e5f65a2b\">Baixar<\/a><\/div>\n\n\n\n<div class=\"wp-block-file\"><a id=\"wp-block-file--media-dff39870-604c-4371-8dd2-4b2967d9bacd\" href=\"https:\/\/portal.speedmais.com.br\/anac\/wp-content\/uploads\/sites\/35\/2023\/11\/SFI-010-Suspensao-do-Certificado-de-Aeronavegabilidade-CA.pdf\" target=\"_blank\" rel=\"noreferrer noopener\">SFI-010-Suspens\u00e3o-do-Certificado-de-Aeronavegabilidade-CA<\/a><a href=\"https:\/\/portal.speedmais.com.br\/anac\/wp-content\/uploads\/sites\/35\/2023\/11\/SFI-010-Suspensao-do-Certificado-de-Aeronavegabilidade-CA.pdf\" class=\"wp-block-file__button wp-element-button\" download aria-describedby=\"wp-block-file--media-dff39870-604c-4371-8dd2-4b2967d9bacd\">Baixar<\/a><\/div>\n\n\n\n<div class=\"wp-block-file\"><a id=\"wp-block-file--media-0504416a-272d-4cba-be8b-e96928cb4fc3\" href=\"https:\/\/portal.speedmais.com.br\/anac\/wp-content\/uploads\/sites\/35\/2023\/11\/SFI-011-DCERTA-TPX-Operando-TPP-\u2013-Aeronave-que-deve-operar-sob-regras-do-RBAC-135-e-deseja-operar-sob-regras-do-RBAC-91-\u2013-Apresentar-Declaracao-de-Regularidade.pdf\" target=\"_blank\" rel=\"noreferrer noopener\">SFI-011-DCERTA-TPX-Operando-TPP-\u2013-Aeronave-que-deve-operar-sob-regras-do-RBAC-135-e-deseja-operar-sob-regras-do-RBAC-91-\u2013-Apresentar-Declara\u00e7\u00e3o-de-Regularidade<\/a><a href=\"https:\/\/portal.speedmais.com.br\/anac\/wp-content\/uploads\/sites\/35\/2023\/11\/SFI-011-DCERTA-TPX-Operando-TPP-\u2013-Aeronave-que-deve-operar-sob-regras-do-RBAC-135-e-deseja-operar-sob-regras-do-RBAC-91-\u2013-Apresentar-Declaracao-de-Regularidade.pdf\" class=\"wp-block-file__button wp-element-button\" download aria-describedby=\"wp-block-file--media-0504416a-272d-4cba-be8b-e96928cb4fc3\">Baixar<\/a><\/div>\n\n\n\n<div class=\"wp-block-file\"><a id=\"wp-block-file--media-0bb1c079-ea15-4c1f-82bf-1363738ad0ac\" href=\"https:\/\/portal.speedmais.com.br\/anac\/wp-content\/uploads\/sites\/35\/2023\/11\/SFI-012-Denuncia-Operacao-de-aviao-em-pista-clandestina-Aerodromo-nao-cadastrado.pdf\" target=\"_blank\" rel=\"noreferrer noopener\">SFI-012-Denuncia-Opera\u00e7\u00e3o-de-avi\u00e3o-em-pista-clandestina-Aer\u00f3dromo-n\u00e3o-cadastrado<\/a><a href=\"https:\/\/portal.speedmais.com.br\/anac\/wp-content\/uploads\/sites\/35\/2023\/11\/SFI-012-Denuncia-Operacao-de-aviao-em-pista-clandestina-Aerodromo-nao-cadastrado.pdf\" class=\"wp-block-file__button wp-element-button\" download aria-describedby=\"wp-block-file--media-0bb1c079-ea15-4c1f-82bf-1363738ad0ac\">Baixar<\/a><\/div>\n\n\n\n<div class=\"wp-block-file\"><a id=\"wp-block-file--media-60733fc8-c61e-42ee-8bb3-4ea541829d29\" href=\"https:\/\/portal.speedmais.com.br\/anac\/wp-content\/uploads\/sites\/35\/2023\/11\/SFI-013-Denuncia-Mecanico-sem-habilitacao.pdf\" target=\"_blank\" rel=\"noreferrer noopener\">SFI-013-Denuncia-Mec\u00e2nico-sem-habilita\u00e7\u00e3o<\/a><a href=\"https:\/\/portal.speedmais.com.br\/anac\/wp-content\/uploads\/sites\/35\/2023\/11\/SFI-013-Denuncia-Mecanico-sem-habilitacao.pdf\" class=\"wp-block-file__button wp-element-button\" download aria-describedby=\"wp-block-file--media-60733fc8-c61e-42ee-8bb3-4ea541829d29\">Baixar<\/a><\/div>\n\n\n\n<div class=\"wp-block-file\"><a id=\"wp-block-file--media-d502229b-efd3-4c36-ba2d-30fa0bac5dc7\" href=\"https:\/\/portal.speedmais.com.br\/anac\/wp-content\/uploads\/sites\/35\/2023\/11\/SFI-014-Denuncia-Manutencao-clandestina.pdf\">SFI-014-Denuncia-Manuten\u00e7\u00e3o-clandestina<\/a><a href=\"https:\/\/portal.speedmais.com.br\/anac\/wp-content\/uploads\/sites\/35\/2023\/11\/SFI-014-Denuncia-Manutencao-clandestina.pdf\" class=\"wp-block-file__button wp-element-button\" download aria-describedby=\"wp-block-file--media-d502229b-efd3-4c36-ba2d-30fa0bac5dc7\">Baixar<\/a><\/div>\n\n\n\n<div class=\"wp-block-file\"><a id=\"wp-block-file--media-fdcd575b-db9b-45d2-80a8-28608b60c654\" href=\"https:\/\/portal.speedmais.com.br\/anac\/wp-content\/uploads\/sites\/35\/2023\/11\/SFI-015-Denuncia-Pecas-suspeitas-adulteradas-clonadas-remarcadas-ou-com-rastreabilidade-alterada.pdf\" target=\"_blank\" rel=\"noreferrer noopener\">SFI-015-Denuncia-Pecas-suspeitas-adulteradas-clonadas-remarcadas-ou-com-rastreabilidade-alterada<\/a><a href=\"https:\/\/portal.speedmais.com.br\/anac\/wp-content\/uploads\/sites\/35\/2023\/11\/SFI-015-Denuncia-Pecas-suspeitas-adulteradas-clonadas-remarcadas-ou-com-rastreabilidade-alterada.pdf\" class=\"wp-block-file__button wp-element-button\" download aria-describedby=\"wp-block-file--media-fdcd575b-db9b-45d2-80a8-28608b60c654\">Baixar<\/a><\/div>\n\n\n\n<div class=\"wp-block-file\"><a id=\"wp-block-file--media-4bff62c7-c94a-41ce-b74e-7d8204a8974d\" href=\"https:\/\/portal.speedmais.com.br\/anac\/wp-content\/uploads\/sites\/35\/2023\/11\/SFI-016-Denuncia-Aeronaves-sem-matriculas-ou-clonadas.pdf\" target=\"_blank\" rel=\"noreferrer noopener\">SFI-016-Denuncia-Aeronaves-sem-matriculas-ou-clonadas<\/a><a href=\"https:\/\/portal.speedmais.com.br\/anac\/wp-content\/uploads\/sites\/35\/2023\/11\/SFI-016-Denuncia-Aeronaves-sem-matriculas-ou-clonadas.pdf\" class=\"wp-block-file__button wp-element-button\" download aria-describedby=\"wp-block-file--media-4bff62c7-c94a-41ce-b74e-7d8204a8974d\">Baixar<\/a><\/div>\n\n\n\n<div class=\"wp-block-file\"><a id=\"wp-block-file--media-a6d4b3d4-41f1-481d-b7b4-7af819094478\" href=\"https:\/\/portal.speedmais.com.br\/anac\/wp-content\/uploads\/sites\/35\/2023\/11\/SFI-017-Denuncia-Aeronaves-com-certificado-de-aeronavegabilidade-CA-vencido-suspenso-ou-cancelado.pdf\" target=\"_blank\" rel=\"noreferrer noopener\">SFI-017-Denuncia-Aeronaves-com-certificado-de-aeronavegabilidade-CA-vencido-suspenso-ou-cancelado<\/a><a href=\"https:\/\/portal.speedmais.com.br\/anac\/wp-content\/uploads\/sites\/35\/2023\/11\/SFI-017-Denuncia-Aeronaves-com-certificado-de-aeronavegabilidade-CA-vencido-suspenso-ou-cancelado.pdf\" class=\"wp-block-file__button wp-element-button\" download aria-describedby=\"wp-block-file--media-a6d4b3d4-41f1-481d-b7b4-7af819094478\">Baixar<\/a><\/div>\n\n\n\n<div class=\"wp-block-file\"><a id=\"wp-block-file--media-7d27215c-2cdb-4156-8be6-367ea767add0\" href=\"https:\/\/portal.speedmais.com.br\/anac\/wp-content\/uploads\/sites\/35\/2023\/11\/SFI-018-Denuncia-TACA-Transporte-Irregular-de-Passageiros.pdf\" target=\"_blank\" rel=\"noreferrer noopener\">SFI-018-Denuncia-TACA-Transporte-Irregular-de-Passageiros<\/a><a href=\"https:\/\/portal.speedmais.com.br\/anac\/wp-content\/uploads\/sites\/35\/2023\/11\/SFI-018-Denuncia-TACA-Transporte-Irregular-de-Passageiros.pdf\" class=\"wp-block-file__button wp-element-button\" download aria-describedby=\"wp-block-file--media-7d27215c-2cdb-4156-8be6-367ea767add0\">Baixar<\/a><\/div>\n\n\n\n<div class=\"wp-block-file\"><a id=\"wp-block-file--media-8375fb41-bdac-4aa1-ab1d-65068ab4424a\" href=\"https:\/\/portal.speedmais.com.br\/anac\/wp-content\/uploads\/sites\/35\/2023\/11\/SFI-021-\u2013-APLICATIVO-PLANO-DE-VOO-\u2013-RECUPERACAO-DE-LOGIN-E-SENHA.pdf\" target=\"_blank\" rel=\"noreferrer noopener\">SFI-021-\u2013-APLICATIVO-PLANO-DE-VOO-\u2013-RECUPERA\u00c7\u00c3O-DE-LOGIN-E-SENHA<\/a><a href=\"https:\/\/portal.speedmais.com.br\/anac\/wp-content\/uploads\/sites\/35\/2023\/11\/SFI-021-\u2013-APLICATIVO-PLANO-DE-VOO-\u2013-RECUPERACAO-DE-LOGIN-E-SENHA.pdf\" class=\"wp-block-file__button wp-element-button\" download aria-describedby=\"wp-block-file--media-8375fb41-bdac-4aa1-ab1d-65068ab4424a\">Baixar<\/a><\/div>\n","protected":false},"excerpt":{"rendered":"","protected":false},"author":1,"featured_media":0,"parent":21,"menu_order":7,"comment_status":"closed","ping_status":"closed","template":"","meta":{"site-sidebar-layout":"default","site-content-layout":"","ast-site-content-layout":"default","site-content-style":"default","site-sidebar-style":"default","ast-global-header-display":"","ast-banner-title-visibility":"","ast-main-header-display":"","ast-hfb-above-header-display":"","ast-hfb-below-header-display":"","ast-hfb-mobile-header-display":"","site-post-title":"","ast-breadcrumbs-content":"","ast-featured-img":"","footer-sml-layout":"","theme-transparent-header-meta":"","adv-header-id-meta":"","stick-header-meta":"","header-above-stick-meta":"","header-main-stick-meta":"","header-below-stick-meta":"","astra-migrate-meta-layouts":"default","ast-page-background-enabled":"default","ast-page-background-meta":{"desktop":{"background-color":"var(--ast-global-color-4)","background-image":"","background-repeat":"repeat","background-position":"center center","background-size":"auto","background-attachment":"scroll","background-type":"","background-media":"","overlay-type":"","overlay-color":"","overlay-opacity":"","overlay-gradient":""},"tablet":{"background-color":"","background-image":"","background-repeat":"repeat","background-position":"center center","background-size":"auto","background-attachment":"scroll","background-type":"","background-media":"","overlay-type":"","overlay-color":"","overlay-opacity":"","overlay-gradient":""},"mobile":{"background-color":"","background-image":"","background-repeat":"repeat","background-position":"center center","background-size":"auto","background-attachment":"scroll","background-type":"","background-media":"","overlay-type":"","overlay-color":"","overlay-opacity":"","overlay-gradient":""}},"ast-content-background-meta":{"desktop":{"background-color":"var(--ast-global-color-5)","background-image":"","background-repeat":"repeat","background-position":"center center","background-size":"auto","background-attachment":"scroll","background-type":"","background-media":"","overlay-type":"","overlay-color":"","overlay-opacity":"","overlay-gradient":""},"tablet":{"background-color":"var(--ast-global-color-5)","background-image":"","background-repeat":"repeat","background-position":"center center","background-size":"auto","background-attachment":"scroll","background-type":"","background-media":"","overlay-type":"","overlay-color":"","overlay-opacity":"","overlay-gradient":""},"mobile":{"background-color":"var(--ast-global-color-5)","background-image":"","background-repeat":"repeat","background-position":"center center","background-size":"auto","background-attachment":"scroll","background-type":"","background-media":"","overlay-type":"","overlay-color":"","overlay-opacity":"","overlay-gradient":""}},"footnotes":""},"class_list":["post-126","page","type-page","status-publish","hentry"],"_links":{"self":[{"href":"https:\/\/portal.speedmais.com.br\/anac\/wp-json\/wp\/v2\/pages\/126","targetHints":{"allow":["GET"]}}],"collection":[{"href":"https:\/\/portal.speedmais.com.br\/anac\/wp-json\/wp\/v2\/pages"}],"about":[{"href":"https:\/\/portal.speedmais.com.br\/anac\/wp-json\/wp\/v2\/types\/page"}],"author":[{"embeddable":true,"href":"https:\/\/portal.speedmais.com.br\/anac\/wp-json\/wp\/v2\/users\/1"}],"replies":[{"embeddable":true,"href":"https:\/\/portal.speedmais.com.br\/anac\/wp-json\/wp\/v2\/comments?post=126"}],"version-history":[{"count":5,"href":"https:\/\/portal.speedmais.com.br\/anac\/wp-json\/wp\/v2\/pages\/126\/revisions"}],"predecessor-version":[{"id":204,"href":"https:\/\/portal.speedmais.com.br\/anac\/wp-json\/wp\/v2\/pages\/126\/revisions\/204"}],"up":[{"embeddable":true,"href":"https:\/\/portal.speedmais.com.br\/anac\/wp-json\/wp\/v2\/pages\/21"}],"wp:attachment":[{"href":"https:\/\/portal.speedmais.com.br\/anac\/wp-json\/wp\/v2\/media?parent=126"}],"curies":[{"name":"wp","href":"https:\/\/api.w.org\/{rel}","templated":true}]}}