{"id":55,"date":"2023-11-03T16:24:10","date_gmt":"2023-11-03T19:24:10","guid":{"rendered":"https:\/\/portal.speedmais.com.br\/anac\/?page_id=55"},"modified":"2023-11-03T17:15:28","modified_gmt":"2023-11-03T20:15:28","slug":"contingencia-ist","status":"publish","type":"page","link":"https:\/\/portal.speedmais.com.br\/anac\/contingencia-ist\/","title":{"rendered":"Conting\u00eancia IST"},"content":{"rendered":"\n<div class=\"wpcf7 no-js\" id=\"wpcf7-f59-o1\" lang=\"pt-BR\" dir=\"ltr\" data-wpcf7-id=\"59\">\n<div class=\"screen-reader-response\"><p role=\"status\" aria-live=\"polite\" aria-atomic=\"true\"><\/p> <ul><\/ul><\/div>\n<form action=\"\/anac\/wp-json\/wp\/v2\/pages\/55#wpcf7-f59-o1\" method=\"post\" class=\"wpcf7-form init cf7skins cf7s-default\" aria-label=\"Formul\u00e1rios de contato\" novalidate=\"novalidate\" data-status=\"init\">\n<fieldset class=\"hidden-fields-container\"><input type=\"hidden\" name=\"_wpcf7\" value=\"59\" \/><input type=\"hidden\" name=\"_wpcf7_version\" value=\"6.1.3\" \/><input type=\"hidden\" name=\"_wpcf7_locale\" value=\"pt_BR\" \/><input type=\"hidden\" name=\"_wpcf7_unit_tag\" value=\"wpcf7-f59-o1\" \/><input type=\"hidden\" name=\"_wpcf7_container_post\" value=\"0\" \/><input type=\"hidden\" name=\"_wpcf7_posted_data_hash\" value=\"\" \/><input type=\"hidden\" name=\"_wpcf7cf_hidden_group_fields\" value=\"[]\" \/><input type=\"hidden\" name=\"_wpcf7cf_hidden_groups\" value=\"[]\" \/><input type=\"hidden\" name=\"_wpcf7cf_visible_groups\" value=\"[]\" \/><input type=\"hidden\" name=\"_wpcf7cf_repeaters\" value=\"[]\" \/><input type=\"hidden\" name=\"_wpcf7cf_steps\" value=\"{}\" \/><input type=\"hidden\" name=\"_wpcf7cf_options\" value=\"{&quot;form_id&quot;:59,&quot;conditions&quot;:[],&quot;settings&quot;:{&quot;animation&quot;:&quot;yes&quot;,&quot;animation_intime&quot;:200,&quot;animation_outtime&quot;:200,&quot;conditions_ui&quot;:&quot;normal&quot;,&quot;notice_dismissed&quot;:false}}\" \/><input type=\"hidden\" name=\"_wpcf7dtx_version\" value=\"5.0.3\" \/>\n<\/fieldset>\n<fieldset>\n \n\t<legend>Citsmart<\/legend>\n\t<ol>\n \n        <li><label for=''><b>Nome Atendente<\/b> <\/label><span class=\"wpcf7-form-control-wrap\" data-name=\"nome_atendente\"><input size=\"40\" maxlength=\"400\" class=\"wpcf7-form-control wpcf7-text\" aria-invalid=\"false\" value=\"\" type=\"text\" name=\"nome_atendente\" \/><\/span><\/li>\n        <li><label for=''><b>Roteiro Utilizado<\/b> <\/label><span class=\"wpcf7-form-control-wrap\" data-name=\"roteiro_utilizado1\"><input size=\"40\" maxlength=\"400\" class=\"wpcf7-form-control wpcf7-text\" aria-invalid=\"false\" value=\"\" type=\"text\" name=\"roteiro_utilizado1\" \/><\/span><\/li>\n        <li><label for=''><b>Roteiro Utilizado<\/b> <\/label><span class=\"wpcf7-form-control-wrap\" data-name=\"roteiro_utilizado2\"><input size=\"40\" maxlength=\"400\" class=\"wpcf7-form-control wpcf7-text\" aria-invalid=\"false\" value=\"\" type=\"text\" name=\"roteiro_utilizado2\" \/><\/span><\/li>\n        <li><label for=''><b>Roteiro Utilizado<\/b> <\/label><span class=\"wpcf7-form-control-wrap\" data-name=\"roteiro_utilizado3\"><input size=\"40\" maxlength=\"400\" class=\"wpcf7-form-control wpcf7-text\" aria-invalid=\"false\" value=\"\" type=\"text\" name=\"roteiro_utilizado3\" \/><\/span><\/li>\n        <li><label for=''><b>Roteiro Utilizado<\/b> <\/label><span class=\"wpcf7-form-control-wrap\" data-name=\"roteiro_utilizado4\"><input size=\"40\" maxlength=\"400\" class=\"wpcf7-form-control wpcf7-text\" aria-invalid=\"false\" value=\"\" type=\"text\" name=\"roteiro_utilizado4\" \/><\/span><\/li>\n        <li><label for=''><b>Canal de Entrada <\/b><\/label><span class=\"wpcf7-form-control-wrap\" data-name=\"canal_entrada\"><select class=\"wpcf7-form-control wpcf7-select\" aria-invalid=\"false\" name=\"canal_entrada\"><option value=\"\">&#8212;Escolha uma op\u00e7\u00e3o&#8212;<\/option><option value=\"Telefone\">Telefone<\/option><option value=\"Chat\">Chat<\/option><option value=\"WhatsApp\">WhatsApp<\/option><\/select><\/span><\/li>\n        <li><label for=''><b>Descri\u00e7\u00e3o <\/b> <\/label><span class=\"wpcf7-form-control-wrap\" data-name=\"descricao\"><textarea cols=\"40\" rows=\"10\" maxlength=\"2000\" class=\"wpcf7-form-control wpcf7-textarea\" aria-invalid=\"false\" name=\"descricao\"><\/textarea><\/span><\/li>\n        <li><label for=''><b>Qualifica\u00e7\u00e3o das Solicita\u00e7\u00f5es <\/b> <\/label><span class=\"wpcf7-form-control-wrap\" data-name=\"qualificacao\"><select class=\"wpcf7-form-control wpcf7-select\" aria-invalid=\"false\" name=\"qualificacao\"><option value=\"\">&#8212;Escolha uma op\u00e7\u00e3o&#8212;<\/option><option value=\"Chat Abandonado\">Chat Abandonado<\/option><option value=\"Contato Ativo\">Contato Ativo<\/option><option value=\"DCI - Dissemina\u00e7\u00e3o Completa de Informa\u00e7\u00e3o\">DCI - Dissemina\u00e7\u00e3o Completa de Informa\u00e7\u00e3o<\/option><option value=\"Engano\">Engano<\/option><option value=\"Liga\u00e7\u00e3o Interrompida\">Liga\u00e7\u00e3o Interrompida<\/option><option value=\"Sem Comunica\u00e7\u00e3o\">Sem Comunica\u00e7\u00e3o<\/option><option value=\"Teste\">Teste<\/option><option value=\"Trote\">Trote<\/option><\/select><\/span><\/li>\n        <li><label for=''><b>Telefone <\/b><\/label><span class=\"wpcf7-form-control-wrap\" data-name=\"telefone\"><input class=\"wpcf7-form-control wpcf7-number wpcf7-validates-as-number digits\" aria-invalid=\"false\" value=\"\" type=\"number\" name=\"telefone\" \/><\/span><\/li>\n        <li><label for=''><b>Email <\/b> <\/label><span class=\"wpcf7-form-control-wrap\" data-name=\"email\"><input size=\"40\" maxlength=\"400\" class=\"wpcf7-form-control wpcf7-text\" aria-invalid=\"false\" value=\"\" type=\"text\" name=\"email\" \/><\/span><\/li>\n        \n        \n\n        <\/ol>\n<\/fieldset>\n\n<input class=\"wpcf7-form-control wpcf7-submit has-spinner\" type=\"submit\" value=\"Enviar\" \/><p style=\"display: none !important;\" class=\"akismet-fields-container\" data-prefix=\"_wpcf7_ak_\"><label>&#916;<textarea name=\"_wpcf7_ak_hp_textarea\" cols=\"45\" rows=\"8\" maxlength=\"100\"><\/textarea><\/label><input type=\"hidden\" id=\"ak_js_1\" name=\"_wpcf7_ak_js\" value=\"205\"\/><script>document.getElementById( \"ak_js_1\" ).setAttribute( \"value\", ( new Date() ).getTime() );<\/script><\/p><div class=\"wpcf7-response-output\" aria-hidden=\"true\"><\/div>\n<\/form>\n<\/div>\n\n","protected":false},"excerpt":{"rendered":"","protected":false},"author":1,"featured_media":0,"parent":0,"menu_order":2,"comment_status":"closed","ping_status":"closed","template":"","meta":{"site-sidebar-layout":"default","site-content-layout":"","ast-site-content-layout":"default","site-content-style":"default","site-sidebar-style":"default","ast-global-header-display":"","ast-banner-title-visibility":"","ast-main-header-display":"","ast-hfb-above-header-display":"","ast-hfb-below-header-display":"","ast-hfb-mobile-header-display":"","site-post-title":"","ast-breadcrumbs-content":"","ast-featured-img":"","footer-sml-layout":"","theme-transparent-header-meta":"","adv-header-id-meta":"","stick-header-meta":"","header-above-stick-meta":"","header-main-stick-meta":"","header-below-stick-meta":"","astra-migrate-meta-layouts":"default","ast-page-background-enabled":"default","ast-page-background-meta":{"desktop":{"background-color":"var(--ast-global-color-4)","background-image":"","background-repeat":"repeat","background-position":"center center","background-size":"auto","background-attachment":"scroll","background-type":"","background-media":"","overlay-type":"","overlay-color":"","overlay-opacity":"","overlay-gradient":""},"tablet":{"background-color":"","background-image":"","background-repeat":"repeat","background-position":"center center","background-size":"auto","background-attachment":"scroll","background-type":"","background-media":"","overlay-type":"","overlay-color":"","overlay-opacity":"","overlay-gradient":""},"mobile":{"background-color":"","background-image":"","background-repeat":"repeat","background-position":"center center","background-size":"auto","background-attachment":"scroll","background-type":"","background-media":"","overlay-type":"","overlay-color":"","overlay-opacity":"","overlay-gradient":""}},"ast-content-background-meta":{"desktop":{"background-color":"var(--ast-global-color-5)","background-image":"","background-repeat":"repeat","background-position":"center center","background-size":"auto","background-attachment":"scroll","background-type":"","background-media":"","overlay-type":"","overlay-color":"","overlay-opacity":"","overlay-gradient":""},"tablet":{"background-color":"var(--ast-global-color-5)","background-image":"","background-repeat":"repeat","background-position":"center center","background-size":"auto","background-attachment":"scroll","background-type":"","background-media":"","overlay-type":"","overlay-color":"","overlay-opacity":"","overlay-gradient":""},"mobile":{"background-color":"var(--ast-global-color-5)","background-image":"","background-repeat":"repeat","background-position":"center center","background-size":"auto","background-attachment":"scroll","background-type":"","background-media":"","overlay-type":"","overlay-color":"","overlay-opacity":"","overlay-gradient":""}},"footnotes":""},"class_list":["post-55","page","type-page","status-publish","hentry"],"_links":{"self":[{"href":"https:\/\/portal.speedmais.com.br\/anac\/wp-json\/wp\/v2\/pages\/55","targetHints":{"allow":["GET"]}}],"collection":[{"href":"https:\/\/portal.speedmais.com.br\/anac\/wp-json\/wp\/v2\/pages"}],"about":[{"href":"https:\/\/portal.speedmais.com.br\/anac\/wp-json\/wp\/v2\/types\/page"}],"author":[{"embeddable":true,"href":"https:\/\/portal.speedmais.com.br\/anac\/wp-json\/wp\/v2\/users\/1"}],"replies":[{"embeddable":true,"href":"https:\/\/portal.speedmais.com.br\/anac\/wp-json\/wp\/v2\/comments?post=55"}],"version-history":[{"count":2,"href":"https:\/\/portal.speedmais.com.br\/anac\/wp-json\/wp\/v2\/pages\/55\/revisions"}],"predecessor-version":[{"id":60,"href":"https:\/\/portal.speedmais.com.br\/anac\/wp-json\/wp\/v2\/pages\/55\/revisions\/60"}],"wp:attachment":[{"href":"https:\/\/portal.speedmais.com.br\/anac\/wp-json\/wp\/v2\/media?parent=55"}],"curies":[{"name":"wp","href":"https:\/\/api.w.org\/{rel}","templated":true}]}}