{"id":64,"date":"2023-11-07T17:54:41","date_gmt":"2023-11-07T20:54:41","guid":{"rendered":"https:\/\/portal.speedmais.com.br\/anac\/?page_id=64"},"modified":"2024-04-03T07:10:54","modified_gmt":"2024-04-03T10:10:54","slug":"anac","status":"publish","type":"page","link":"https:\/\/portal.speedmais.com.br\/anac\/procedimentos\/anac\/","title":{"rendered":"ANAC"},"content":{"rendered":"\n<div class=\"wp-block-file\"><a id=\"wp-block-file--media-261b0633-9814-4dfa-9d1f-971c4abdf96d\" href=\"https:\/\/portal.speedmais.com.br\/anac\/wp-content\/uploads\/sites\/35\/2023\/11\/Alfabeto-Fonetico-da-Aviacao.pdf\" target=\"_blank\" rel=\"noreferrer noopener\">Alfabeto Fon\u00e9tico da Avia\u00e7\u00e3o<\/a><a href=\"https:\/\/portal.speedmais.com.br\/anac\/wp-content\/uploads\/sites\/35\/2023\/11\/Alfabeto-Fonetico-da-Aviacao.pdf\" class=\"wp-block-file__button wp-element-button\" download aria-describedby=\"wp-block-file--media-261b0633-9814-4dfa-9d1f-971c4abdf96d\">Baixar<\/a><\/div>\n\n\n\n<div class=\"wp-block-file\"><a id=\"wp-block-file--media-d062b71b-6898-4d73-95ae-592d1e3de9c5\" href=\"https:\/\/portal.speedmais.com.br\/anac\/wp-content\/uploads\/sites\/35\/2023\/12\/ANAC-001-Caracteristicas-da-ANAC.pdf\" target=\"_blank\" rel=\"noreferrer noopener\">ANAC-001-Caracter\u00edsticas-da-ANAC<\/a><a href=\"https:\/\/portal.speedmais.com.br\/anac\/wp-content\/uploads\/sites\/35\/2023\/12\/ANAC-001-Caracteristicas-da-ANAC.pdf\" class=\"wp-block-file__button wp-element-button\" download aria-describedby=\"wp-block-file--media-d062b71b-6898-4d73-95ae-592d1e3de9c5\">Baixar<\/a><\/div>\n\n\n\n<div class=\"wp-block-file\"><a id=\"wp-block-file--media-21f76f11-f583-4835-a9e7-7ad6f5564f3d\" href=\"https:\/\/portal.speedmais.com.br\/anac\/wp-content\/uploads\/sites\/35\/2023\/12\/ANAC-003-Lei-de-Acesso-a-Informacao-Lei-n.-12.527-11.pdf\" target=\"_blank\" rel=\"noreferrer noopener\">ANAC-003-Lei-de-Acesso-a-Informa\u00e7\u00e3o-Lei-n.-12.527-11<\/a><a href=\"https:\/\/portal.speedmais.com.br\/anac\/wp-content\/uploads\/sites\/35\/2023\/12\/ANAC-003-Lei-de-Acesso-a-Informacao-Lei-n.-12.527-11.pdf\" class=\"wp-block-file__button wp-element-button\" download aria-describedby=\"wp-block-file--media-21f76f11-f583-4835-a9e7-7ad6f5564f3d\">Baixar<\/a><\/div>\n\n\n\n<div class=\"wp-block-file\"><a id=\"wp-block-file--media-85db093c-6989-42d1-a2e1-0e36c26ce6ca\" href=\"https:\/\/portal.speedmais.com.br\/anac\/wp-content\/uploads\/sites\/35\/2023\/12\/ANAC-004-Prazo-Para-Resposta-ao-Usuario.pdf\" target=\"_blank\" rel=\"noreferrer noopener\">ANAC-004-Prazo-Para-Resposta-ao-Usu\u00e1rio<\/a><a href=\"https:\/\/portal.speedmais.com.br\/anac\/wp-content\/uploads\/sites\/35\/2023\/12\/ANAC-004-Prazo-Para-Resposta-ao-Usuario.pdf\" class=\"wp-block-file__button wp-element-button\" download aria-describedby=\"wp-block-file--media-85db093c-6989-42d1-a2e1-0e36c26ce6ca\">Baixar<\/a><\/div>\n\n\n\n<div class=\"wp-block-file\"><a id=\"wp-block-file--media-ea99e292-9824-44ec-bc9e-52aa27b46f7a\" href=\"https:\/\/portal.speedmais.com.br\/anac\/wp-content\/uploads\/sites\/35\/2023\/12\/ANAC-007-\u2013-Medidas-sanitarias-para-aeroportos-de-aeronaves.pdf\" target=\"_blank\" rel=\"noreferrer noopener\">ANAC-007-\u2013-Medidas-sanit\u00e1rias-para-aeroportos-de-aeronaves<\/a><a href=\"https:\/\/portal.speedmais.com.br\/anac\/wp-content\/uploads\/sites\/35\/2023\/12\/ANAC-007-\u2013-Medidas-sanitarias-para-aeroportos-de-aeronaves.pdf\" class=\"wp-block-file__button wp-element-button\" download aria-describedby=\"wp-block-file--media-ea99e292-9824-44ec-bc9e-52aa27b46f7a\">Baixar<\/a><\/div>\n\n\n\n<div class=\"wp-block-file\"><a id=\"wp-block-file--media-7a99ea46-b285-40b8-a0cb-51d14bc2c591\" href=\"https:\/\/portal.speedmais.com.br\/anac\/wp-content\/uploads\/sites\/35\/2023\/12\/ANAC-008-Enderecos-ANAC-Unidades-de-Protocolo-Central.pdf\" target=\"_blank\" rel=\"noreferrer noopener\">ANAC-008-Endere\u00e7os-ANAC-Unidades-de-Protocolo-Central<\/a><a href=\"https:\/\/portal.speedmais.com.br\/anac\/wp-content\/uploads\/sites\/35\/2023\/12\/ANAC-008-Enderecos-ANAC-Unidades-de-Protocolo-Central.pdf\" class=\"wp-block-file__button wp-element-button\" download aria-describedby=\"wp-block-file--media-7a99ea46-b285-40b8-a0cb-51d14bc2c591\">Baixar<\/a><\/div>\n\n\n\n<div class=\"wp-block-file\"><a id=\"wp-block-file--media-0b269cca-8d99-4a3a-9db0-fc6a91dd8a60\" href=\"https:\/\/portal.speedmais.com.br\/anac\/wp-content\/uploads\/sites\/35\/2023\/12\/ANAC-009-\u2013-Gestores-ANAC.pdf\" target=\"_blank\" rel=\"noreferrer noopener\">ANAC-009-\u2013-Gestores-ANAC<\/a><a href=\"https:\/\/portal.speedmais.com.br\/anac\/wp-content\/uploads\/sites\/35\/2023\/12\/ANAC-009-\u2013-Gestores-ANAC.pdf\" class=\"wp-block-file__button wp-element-button\" download aria-describedby=\"wp-block-file--media-0b269cca-8d99-4a3a-9db0-fc6a91dd8a60\">Baixar<\/a><\/div>\n\n\n\n<div class=\"wp-block-file\"><a id=\"wp-block-file--media-0890253c-6151-447e-beee-032229ba70ec\" href=\"https:\/\/portal.speedmais.com.br\/anac\/wp-content\/uploads\/sites\/35\/2023\/12\/ANAC-012-Horario-Funcionamento-ANAC.pdf\" target=\"_blank\" rel=\"noreferrer noopener\">ANAC-012-Hor\u00e1rio-Funcionamento-ANAC<\/a><a href=\"https:\/\/portal.speedmais.com.br\/anac\/wp-content\/uploads\/sites\/35\/2023\/12\/ANAC-012-Horario-Funcionamento-ANAC.pdf\" class=\"wp-block-file__button wp-element-button\" download aria-describedby=\"wp-block-file--media-0890253c-6151-447e-beee-032229ba70ec\">Baixar<\/a><\/div>\n\n\n\n<div class=\"wp-block-file\"><a id=\"wp-block-file--media-b9fd8ef5-71be-4d36-b8fb-a25694bc53a7\" href=\"https:\/\/portal.speedmais.com.br\/anac\/wp-content\/uploads\/sites\/35\/2023\/12\/ANAC-013-\u2013-Informacao-acerca-de-fechamento-de-aeroportos-Coronavirus.pdf\" target=\"_blank\" rel=\"noreferrer noopener\">ANAC-013-\u2013-Informa\u00e7\u00e3o-acerca-de-fechamento-de-aeroportos-Coronav\u00edrus<\/a><a href=\"https:\/\/portal.speedmais.com.br\/anac\/wp-content\/uploads\/sites\/35\/2023\/12\/ANAC-013-\u2013-Informacao-acerca-de-fechamento-de-aeroportos-Coronavirus.pdf\" class=\"wp-block-file__button wp-element-button\" download aria-describedby=\"wp-block-file--media-b9fd8ef5-71be-4d36-b8fb-a25694bc53a7\">Baixar<\/a><\/div>\n\n\n\n<div class=\"wp-block-file\"><a id=\"wp-block-file--media-da22a897-e4a7-49a4-9dbe-18b114f13737\" href=\"https:\/\/portal.speedmais.com.br\/anac\/wp-content\/uploads\/sites\/35\/2023\/12\/ANAC-014-\u2013-Orientacoes-para-passageiros-que-pretendem-voltar-ao-Brasil-Coronavirus.pdf\" target=\"_blank\" rel=\"noreferrer noopener\">ANAC-014-\u2013-Orienta\u00e7\u00f5es-para-passageiros-que-pretendem-voltar-ao-Brasil-Coronav\u00edrus<\/a><a href=\"https:\/\/portal.speedmais.com.br\/anac\/wp-content\/uploads\/sites\/35\/2023\/12\/ANAC-014-\u2013-Orientacoes-para-passageiros-que-pretendem-voltar-ao-Brasil-Coronavirus.pdf\" class=\"wp-block-file__button wp-element-button\" download aria-describedby=\"wp-block-file--media-da22a897-e4a7-49a4-9dbe-18b114f13737\">Baixar<\/a><\/div>\n\n\n\n<div class=\"wp-block-file\"><a id=\"wp-block-file--media-ee68011a-b8f5-4020-aee0-516642fe1df7\" href=\"https:\/\/portal.speedmais.com.br\/anac\/wp-content\/uploads\/sites\/35\/2023\/12\/ANAC-015-Programa-Voo-Simples.pdf\" target=\"_blank\" rel=\"noreferrer noopener\">ANAC-015-Programa-Voo-Simples<\/a><a href=\"https:\/\/portal.speedmais.com.br\/anac\/wp-content\/uploads\/sites\/35\/2023\/12\/ANAC-015-Programa-Voo-Simples.pdf\" class=\"wp-block-file__button wp-element-button\" download aria-describedby=\"wp-block-file--media-ee68011a-b8f5-4020-aee0-516642fe1df7\">Baixar<\/a><\/div>\n\n\n\n<div class=\"wp-block-file\"><a id=\"wp-block-file--media-bb98594d-98ff-4589-bfd1-a03e7109dca4\" href=\"https:\/\/portal.speedmais.com.br\/anac\/wp-content\/uploads\/sites\/35\/2023\/12\/ANAC-016-Acoes-de-fiscalizacao-sanitaria-Responsabilidade.pdf\" target=\"_blank\" rel=\"noreferrer noopener\">ANAC-016-Acoes-de-fiscaliza\u00e7\u00e3o-sanit\u00e1ria-Responsabilidade<\/a><a href=\"https:\/\/portal.speedmais.com.br\/anac\/wp-content\/uploads\/sites\/35\/2023\/12\/ANAC-016-Acoes-de-fiscalizacao-sanitaria-Responsabilidade.pdf\" class=\"wp-block-file__button wp-element-button\" download aria-describedby=\"wp-block-file--media-bb98594d-98ff-4589-bfd1-a03e7109dca4\">Baixar<\/a><\/div>\n\n\n\n<div class=\"wp-block-file\"><a id=\"wp-block-file--media-2eb14236-7bae-4964-b3f5-3f9ac6cb1af1\" href=\"https:\/\/portal.speedmais.com.br\/anac\/wp-content\/uploads\/sites\/35\/2023\/12\/ANAC-017-Lei-Geral-de-Protecao-de-dados.pdf\" target=\"_blank\" rel=\"noreferrer noopener\">ANAC-017-Lei-Geral-de-Prote\u00e7\u00e3o-de-dados<\/a><a href=\"https:\/\/portal.speedmais.com.br\/anac\/wp-content\/uploads\/sites\/35\/2023\/12\/ANAC-017-Lei-Geral-de-Protecao-de-dados.pdf\" class=\"wp-block-file__button wp-element-button\" download aria-describedby=\"wp-block-file--media-2eb14236-7bae-4964-b3f5-3f9ac6cb1af1\">Baixar<\/a><\/div>\n\n\n\n<div class=\"wp-block-file\"><a id=\"wp-block-file--media-2eb14236-7bae-4964-b3f5-3f9ac6cb1af1\" href=\"https:\/\/portal.speedmais.com.br\/anac\/wp-content\/uploads\/sites\/35\/2024\/04\/ANAC-018-Acesso-ao-sistema-de-login-unico-gov.br_.pdf\" target=\"_blank\" rel=\"noreferrer noopener\">ANAC-018-Acesso-ao-sistema-de-login-unico-gov.br_<\/a><a href=\"https:\/\/portal.speedmais.com.br\/anac\/wp-content\/uploads\/sites\/35\/2024\/04\/ANAC-018-Acesso-ao-sistema-de-login-unico-gov.br_.pdf\" class=\"wp-block-file__button wp-element-button\" download aria-describedby=\"wp-block-file--media-2eb14236-7bae-4964-b3f5-3f9ac6cb1af1\">Baixar<\/a><\/div>\n","protected":false},"excerpt":{"rendered":"","protected":false},"author":1,"featured_media":0,"parent":21,"menu_order":1,"comment_status":"closed","ping_status":"closed","template":"","meta":{"site-sidebar-layout":"default","site-content-layout":"","ast-site-content-layout":"default","site-content-style":"default","site-sidebar-style":"default","ast-global-header-display":"","ast-banner-title-visibility":"","ast-main-header-display":"","ast-hfb-above-header-display":"","ast-hfb-below-header-display":"","ast-hfb-mobile-header-display":"","site-post-title":"","ast-breadcrumbs-content":"","ast-featured-img":"","footer-sml-layout":"","theme-transparent-header-meta":"","adv-header-id-meta":"","stick-header-meta":"","header-above-stick-meta":"","header-main-stick-meta":"","header-below-stick-meta":"","astra-migrate-meta-layouts":"default","ast-page-background-enabled":"default","ast-page-background-meta":{"desktop":{"background-color":"var(--ast-global-color-4)","background-image":"","background-repeat":"repeat","background-position":"center center","background-size":"auto","background-attachment":"scroll","background-type":"","background-media":"","overlay-type":"","overlay-color":"","overlay-opacity":"","overlay-gradient":""},"tablet":{"background-color":"","background-image":"","background-repeat":"repeat","background-position":"center center","background-size":"auto","background-attachment":"scroll","background-type":"","background-media":"","overlay-type":"","overlay-color":"","overlay-opacity":"","overlay-gradient":""},"mobile":{"background-color":"","background-image":"","background-repeat":"repeat","background-position":"center center","background-size":"auto","background-attachment":"scroll","background-type":"","background-media":"","overlay-type":"","overlay-color":"","overlay-opacity":"","overlay-gradient":""}},"ast-content-background-meta":{"desktop":{"background-color":"var(--ast-global-color-5)","background-image":"","background-repeat":"repeat","background-position":"center center","background-size":"auto","background-attachment":"scroll","background-type":"","background-media":"","overlay-type":"","overlay-color":"","overlay-opacity":"","overlay-gradient":""},"tablet":{"background-color":"var(--ast-global-color-5)","background-image":"","background-repeat":"repeat","background-position":"center center","background-size":"auto","background-attachment":"scroll","background-type":"","background-media":"","overlay-type":"","overlay-color":"","overlay-opacity":"","overlay-gradient":""},"mobile":{"background-color":"var(--ast-global-color-5)","background-image":"","background-repeat":"repeat","background-position":"center center","background-size":"auto","background-attachment":"scroll","background-type":"","background-media":"","overlay-type":"","overlay-color":"","overlay-opacity":"","overlay-gradient":""}},"footnotes":""},"class_list":["post-64","page","type-page","status-publish","hentry"],"_links":{"self":[{"href":"https:\/\/portal.speedmais.com.br\/anac\/wp-json\/wp\/v2\/pages\/64","targetHints":{"allow":["GET"]}}],"collection":[{"href":"https:\/\/portal.speedmais.com.br\/anac\/wp-json\/wp\/v2\/pages"}],"about":[{"href":"https:\/\/portal.speedmais.com.br\/anac\/wp-json\/wp\/v2\/types\/page"}],"author":[{"embeddable":true,"href":"https:\/\/portal.speedmais.com.br\/anac\/wp-json\/wp\/v2\/users\/1"}],"replies":[{"embeddable":true,"href":"https:\/\/portal.speedmais.com.br\/anac\/wp-json\/wp\/v2\/comments?post=64"}],"version-history":[{"count":5,"href":"https:\/\/portal.speedmais.com.br\/anac\/wp-json\/wp\/v2\/pages\/64\/revisions"}],"predecessor-version":[{"id":627,"href":"https:\/\/portal.speedmais.com.br\/anac\/wp-json\/wp\/v2\/pages\/64\/revisions\/627"}],"up":[{"embeddable":true,"href":"https:\/\/portal.speedmais.com.br\/anac\/wp-json\/wp\/v2\/pages\/21"}],"wp:attachment":[{"href":"https:\/\/portal.speedmais.com.br\/anac\/wp-json\/wp\/v2\/media?parent=64"}],"curies":[{"name":"wp","href":"https:\/\/api.w.org\/{rel}","templated":true}]}}