{"id":66,"date":"2023-11-07T17:55:55","date_gmt":"2023-11-07T20:55:55","guid":{"rendered":"https:\/\/portal.speedmais.com.br\/anac\/?page_id=66"},"modified":"2023-12-11T19:45:50","modified_gmt":"2023-12-11T22:45:50","slug":"asjin","status":"publish","type":"page","link":"https:\/\/portal.speedmais.com.br\/anac\/procedimentos\/asjin\/","title":{"rendered":"ASJIN"},"content":{"rendered":"\n<div class=\"wp-block-file\"><a id=\"wp-block-file--media-a61f16fa-f161-4a5f-9133-31c144b486c8\" href=\"https:\/\/portal.speedmais.com.br\/anac\/wp-content\/uploads\/sites\/35\/2023\/12\/ASJIN-002-Notificacao-de-Convalidacao.pdf\" target=\"_blank\" rel=\"noreferrer noopener\">ASJIN-002-Notifica\u00e7\u00e3o-de-Convalida\u00e7\u00e3o<\/a><a href=\"https:\/\/portal.speedmais.com.br\/anac\/wp-content\/uploads\/sites\/35\/2023\/12\/ASJIN-002-Notificacao-de-Convalidacao.pdf\" class=\"wp-block-file__button wp-element-button\" download aria-describedby=\"wp-block-file--media-a61f16fa-f161-4a5f-9133-31c144b486c8\">Baixar<\/a><\/div>\n\n\n\n<div class=\"wp-block-file\"><a id=\"wp-block-file--media-2a77f5df-00a5-4cc9-a054-ac6097c7911b\" href=\"https:\/\/portal.speedmais.com.br\/anac\/wp-content\/uploads\/sites\/35\/2023\/12\/ASJIN-003-Notificacao-de-sancao-multa-suspensao-cassacao.pdf\" target=\"_blank\" rel=\"noreferrer noopener\">ASJIN-003-Notifica\u00e7\u00e3o-de-san\u00e7\u00e3o-multa-suspens\u00e3o-cassa\u00e7\u00e3o<\/a><a href=\"https:\/\/portal.speedmais.com.br\/anac\/wp-content\/uploads\/sites\/35\/2023\/12\/ASJIN-003-Notificacao-de-sancao-multa-suspensao-cassacao.pdf\" class=\"wp-block-file__button wp-element-button\" download aria-describedby=\"wp-block-file--media-2a77f5df-00a5-4cc9-a054-ac6097c7911b\">Baixar<\/a><\/div>\n\n\n\n<div class=\"wp-block-file\"><a id=\"wp-block-file--media-32bb43b6-56f6-4f03-83e9-7293e4f6212b\" href=\"https:\/\/portal.speedmais.com.br\/anac\/wp-content\/uploads\/sites\/35\/2023\/12\/ASJIN-004-Auto-de-Infracao.pdf\" target=\"_blank\" rel=\"noreferrer noopener\">ASJIN-004-Auto-de-Infra\u00e7\u00e3o<\/a><a href=\"https:\/\/portal.speedmais.com.br\/anac\/wp-content\/uploads\/sites\/35\/2023\/12\/ASJIN-004-Auto-de-Infracao.pdf\" class=\"wp-block-file__button wp-element-button\" download aria-describedby=\"wp-block-file--media-32bb43b6-56f6-4f03-83e9-7293e4f6212b\">Baixar<\/a><\/div>\n\n\n\n<div class=\"wp-block-file\"><a id=\"wp-block-file--media-6dc176d0-5467-4267-b0b0-fc65c4828eba\" href=\"https:\/\/portal.speedmais.com.br\/anac\/wp-content\/uploads\/sites\/35\/2023\/12\/ASJIN-005-Sancoes-Penalidades.pdf\" target=\"_blank\" rel=\"noreferrer noopener\">ASJIN-005-San\u00e7\u00f5es-Penalidades<\/a><a href=\"https:\/\/portal.speedmais.com.br\/anac\/wp-content\/uploads\/sites\/35\/2023\/12\/ASJIN-005-Sancoes-Penalidades.pdf\" class=\"wp-block-file__button wp-element-button\" download aria-describedby=\"wp-block-file--media-6dc176d0-5467-4267-b0b0-fc65c4828eba\">Baixar<\/a><\/div>\n\n\n\n<div class=\"wp-block-file\"><a id=\"wp-block-file--media-77610ead-e23b-42c6-bdbf-21b619505c69\" href=\"https:\/\/portal.speedmais.com.br\/anac\/wp-content\/uploads\/sites\/35\/2023\/12\/ASJIN-006-Necessidade-de-Advogado.pdf\" target=\"_blank\" rel=\"noreferrer noopener\">ASJIN-006-Necessidade-de-Advogado<\/a><a href=\"https:\/\/portal.speedmais.com.br\/anac\/wp-content\/uploads\/sites\/35\/2023\/12\/ASJIN-006-Necessidade-de-Advogado.pdf\" class=\"wp-block-file__button wp-element-button\" download aria-describedby=\"wp-block-file--media-77610ead-e23b-42c6-bdbf-21b619505c69\">Baixar<\/a><\/div>\n\n\n\n<div class=\"wp-block-file\"><a id=\"wp-block-file--media-e4de7920-5eb1-46a0-bdf6-84f7a7807d45\" href=\"https:\/\/portal.speedmais.com.br\/anac\/wp-content\/uploads\/sites\/35\/2023\/12\/ASJIN-007-Enderecamento-de-defesa.pdf\" target=\"_blank\" rel=\"noreferrer noopener\">ASJIN-007-Endere\u00e7amento-de-defesa<\/a><a href=\"https:\/\/portal.speedmais.com.br\/anac\/wp-content\/uploads\/sites\/35\/2023\/12\/ASJIN-007-Enderecamento-de-defesa.pdf\" class=\"wp-block-file__button wp-element-button\" download aria-describedby=\"wp-block-file--media-e4de7920-5eb1-46a0-bdf6-84f7a7807d45\">Baixar<\/a><\/div>\n\n\n\n<div class=\"wp-block-file\"><a id=\"wp-block-file--media-8d6dd042-d78e-49b0-8eb0-60c06246c61d\" href=\"https:\/\/portal.speedmais.com.br\/anac\/wp-content\/uploads\/sites\/35\/2023\/12\/ASJIN-008-Efeito-suspensivo.pdf\" target=\"_blank\" rel=\"noreferrer noopener\">ASJIN-008-Efeito-suspensivo<\/a><a href=\"https:\/\/portal.speedmais.com.br\/anac\/wp-content\/uploads\/sites\/35\/2023\/12\/ASJIN-008-Efeito-suspensivo.pdf\" class=\"wp-block-file__button wp-element-button\" download aria-describedby=\"wp-block-file--media-8d6dd042-d78e-49b0-8eb0-60c06246c61d\">Baixar<\/a><\/div>\n\n\n\n<div class=\"wp-block-file\"><a id=\"wp-block-file--media-9651cfc2-63b6-46da-b3c2-717ec76e10c2\" href=\"https:\/\/portal.speedmais.com.br\/anac\/wp-content\/uploads\/sites\/35\/2023\/12\/ASJIN-009-Numero-SIGEC.pdf\" target=\"_blank\" rel=\"noreferrer noopener\">ASJIN-009-Numero-SIGEC<\/a><a href=\"https:\/\/portal.speedmais.com.br\/anac\/wp-content\/uploads\/sites\/35\/2023\/12\/ASJIN-009-Numero-SIGEC.pdf\" class=\"wp-block-file__button wp-element-button\" download aria-describedby=\"wp-block-file--media-9651cfc2-63b6-46da-b3c2-717ec76e10c2\">Baixar<\/a><\/div>\n\n\n\n<div class=\"wp-block-file\"><a id=\"wp-block-file--media-7ce76f55-a89b-4e3c-9aa3-a57b3234fe77\" href=\"https:\/\/portal.speedmais.com.br\/anac\/wp-content\/uploads\/sites\/35\/2023\/12\/ASJIN-010-Renuncia-Revogacao-de-procuracao.pdf\" target=\"_blank\" rel=\"noreferrer noopener\">ASJIN-010-Renuncia-Revoga\u00e7\u00e3o-de-procura\u00e7\u00e3o<\/a><a href=\"https:\/\/portal.speedmais.com.br\/anac\/wp-content\/uploads\/sites\/35\/2023\/12\/ASJIN-010-Renuncia-Revogacao-de-procuracao.pdf\" class=\"wp-block-file__button wp-element-button\" download aria-describedby=\"wp-block-file--media-7ce76f55-a89b-4e3c-9aa3-a57b3234fe77\">Baixar<\/a><\/div>\n\n\n\n<div class=\"wp-block-file\"><a id=\"wp-block-file--media-2a885b05-da8d-42b8-a376-f3d2ed3c6a01\" href=\"https:\/\/portal.speedmais.com.br\/anac\/wp-content\/uploads\/sites\/35\/2023\/12\/ASJIN-011-Desistencia-de-recurso.pdf\" target=\"_blank\" rel=\"noreferrer noopener\">ASJIN-011-Desist\u00eancia-de-recurso<\/a><a href=\"https:\/\/portal.speedmais.com.br\/anac\/wp-content\/uploads\/sites\/35\/2023\/12\/ASJIN-011-Desistencia-de-recurso.pdf\" class=\"wp-block-file__button wp-element-button\" download aria-describedby=\"wp-block-file--media-2a885b05-da8d-42b8-a376-f3d2ed3c6a01\">Baixar<\/a><\/div>\n\n\n\n<div class=\"wp-block-file\"><a id=\"wp-block-file--media-cab06bf8-10e3-4d77-8c20-7081321912be\" href=\"https:\/\/portal.speedmais.com.br\/anac\/wp-content\/uploads\/sites\/35\/2023\/12\/ASJIN-012-Requerimento-de-50.pdf\" target=\"_blank\" rel=\"noreferrer noopener\">ASJIN-012-Requerimento-de-50<\/a><a href=\"https:\/\/portal.speedmais.com.br\/anac\/wp-content\/uploads\/sites\/35\/2023\/12\/ASJIN-012-Requerimento-de-50.pdf\" class=\"wp-block-file__button wp-element-button\" download aria-describedby=\"wp-block-file--media-cab06bf8-10e3-4d77-8c20-7081321912be\">Baixar<\/a><\/div>\n\n\n\n<div class=\"wp-block-file\"><a id=\"wp-block-file--media-2f96029b-d71e-4f7d-8f40-f83ab12f7b01\" href=\"https:\/\/portal.speedmais.com.br\/anac\/wp-content\/uploads\/sites\/35\/2023\/12\/ASJIN-013-Recurso-a-Diretoria-Pedido-de-Revisao.pdf\" target=\"_blank\" rel=\"noreferrer noopener\">ASJIN-013-Recurso-a-Diretoria-Pedido-de-Revis\u00e3o<\/a><a href=\"https:\/\/portal.speedmais.com.br\/anac\/wp-content\/uploads\/sites\/35\/2023\/12\/ASJIN-013-Recurso-a-Diretoria-Pedido-de-Revisao.pdf\" class=\"wp-block-file__button wp-element-button\" download aria-describedby=\"wp-block-file--media-2f96029b-d71e-4f7d-8f40-f83ab12f7b01\">Baixar<\/a><\/div>\n\n\n\n<div class=\"wp-block-file\"><a id=\"wp-block-file--media-1b5a8c91-f114-4b8a-8045-1abc02c6c571\" href=\"https:\/\/portal.speedmais.com.br\/anac\/wp-content\/uploads\/sites\/35\/2023\/12\/ASJIN-014-Documentos-de-defesa-representacao-legal.pdf\">ASJIN-014-Documentos-de-defesa-representa\u00e7\u00e3o-legal<\/a><a href=\"https:\/\/portal.speedmais.com.br\/anac\/wp-content\/uploads\/sites\/35\/2023\/12\/ASJIN-014-Documentos-de-defesa-representacao-legal.pdf\" class=\"wp-block-file__button wp-element-button\" download aria-describedby=\"wp-block-file--media-1b5a8c91-f114-4b8a-8045-1abc02c6c571\">Baixar<\/a><\/div>\n\n\n\n<div class=\"wp-block-file\"><a id=\"wp-block-file--media-3b923340-5746-4078-93a5-6896e1e8fe99\" href=\"https:\/\/portal.speedmais.com.br\/anac\/wp-content\/uploads\/sites\/35\/2023\/12\/ASJIN-015-Calculo-do-valor-de-multa.pdf\" target=\"_blank\" rel=\"noreferrer noopener\">ASJIN-015-Calculo-do-valor-de-multa<\/a><a href=\"https:\/\/portal.speedmais.com.br\/anac\/wp-content\/uploads\/sites\/35\/2023\/12\/ASJIN-015-Calculo-do-valor-de-multa.pdf\" class=\"wp-block-file__button wp-element-button\" download aria-describedby=\"wp-block-file--media-3b923340-5746-4078-93a5-6896e1e8fe99\">Baixar<\/a><\/div>\n\n\n\n<div class=\"wp-block-file\"><a id=\"wp-block-file--media-ffd2e4ca-4512-45cf-bb9b-5b034d4fdf5f\" href=\"https:\/\/portal.speedmais.com.br\/anac\/wp-content\/uploads\/sites\/35\/2023\/12\/ASJIN-016-Acesso-ao-processo-Pedido-de-vista-Solicitacao-de-copia-total-ou-parcial-do-processo.pdf\" target=\"_blank\" rel=\"noreferrer noopener\">ASJIN-016-Acesso-ao-processo-Pedido-de-vista-Solicita\u00e7\u00e3o-de-copia-total-ou-parcial-do-processo<\/a><a href=\"https:\/\/portal.speedmais.com.br\/anac\/wp-content\/uploads\/sites\/35\/2023\/12\/ASJIN-016-Acesso-ao-processo-Pedido-de-vista-Solicitacao-de-copia-total-ou-parcial-do-processo.pdf\" class=\"wp-block-file__button wp-element-button\" download aria-describedby=\"wp-block-file--media-ffd2e4ca-4512-45cf-bb9b-5b034d4fdf5f\">Baixar<\/a><\/div>\n\n\n\n<div class=\"wp-block-file\"><a id=\"wp-block-file--media-6952168b-6842-41a9-bcc3-849673638cc8\" href=\"https:\/\/portal.speedmais.com.br\/anac\/wp-content\/uploads\/sites\/35\/2023\/12\/ASJIN-017-HISTORICO-DE-SANCOES.pdf\" target=\"_blank\" rel=\"noreferrer noopener\">ASJIN-017-HIST\u00d3RICO-DE-SAN\u00c7\u00d5ES<\/a><a href=\"https:\/\/portal.speedmais.com.br\/anac\/wp-content\/uploads\/sites\/35\/2023\/12\/ASJIN-017-HISTORICO-DE-SANCOES.pdf\" class=\"wp-block-file__button wp-element-button\" download aria-describedby=\"wp-block-file--media-6952168b-6842-41a9-bcc3-849673638cc8\">Baixar<\/a><\/div>\n","protected":false},"excerpt":{"rendered":"","protected":false},"author":1,"featured_media":0,"parent":21,"menu_order":2,"comment_status":"closed","ping_status":"closed","template":"","meta":{"site-sidebar-layout":"default","site-content-layout":"","ast-site-content-layout":"default","site-content-style":"default","site-sidebar-style":"default","ast-global-header-display":"","ast-banner-title-visibility":"","ast-main-header-display":"","ast-hfb-above-header-display":"","ast-hfb-below-header-display":"","ast-hfb-mobile-header-display":"","site-post-title":"","ast-breadcrumbs-content":"","ast-featured-img":"","footer-sml-layout":"","theme-transparent-header-meta":"","adv-header-id-meta":"","stick-header-meta":"","header-above-stick-meta":"","header-main-stick-meta":"","header-below-stick-meta":"","astra-migrate-meta-layouts":"default","ast-page-background-enabled":"default","ast-page-background-meta":{"desktop":{"background-color":"var(--ast-global-color-4)","background-image":"","background-repeat":"repeat","background-position":"center center","background-size":"auto","background-attachment":"scroll","background-type":"","background-media":"","overlay-type":"","overlay-color":"","overlay-opacity":"","overlay-gradient":""},"tablet":{"background-color":"","background-image":"","background-repeat":"repeat","background-position":"center center","background-size":"auto","background-attachment":"scroll","background-type":"","background-media":"","overlay-type":"","overlay-color":"","overlay-opacity":"","overlay-gradient":""},"mobile":{"background-color":"","background-image":"","background-repeat":"repeat","background-position":"center center","background-size":"auto","background-attachment":"scroll","background-type":"","background-media":"","overlay-type":"","overlay-color":"","overlay-opacity":"","overlay-gradient":""}},"ast-content-background-meta":{"desktop":{"background-color":"var(--ast-global-color-5)","background-image":"","background-repeat":"repeat","background-position":"center center","background-size":"auto","background-attachment":"scroll","background-type":"","background-media":"","overlay-type":"","overlay-color":"","overlay-opacity":"","overlay-gradient":""},"tablet":{"background-color":"var(--ast-global-color-5)","background-image":"","background-repeat":"repeat","background-position":"center center","background-size":"auto","background-attachment":"scroll","background-type":"","background-media":"","overlay-type":"","overlay-color":"","overlay-opacity":"","overlay-gradient":""},"mobile":{"background-color":"var(--ast-global-color-5)","background-image":"","background-repeat":"repeat","background-position":"center center","background-size":"auto","background-attachment":"scroll","background-type":"","background-media":"","overlay-type":"","overlay-color":"","overlay-opacity":"","overlay-gradient":""}},"footnotes":""},"class_list":["post-66","page","type-page","status-publish","hentry"],"_links":{"self":[{"href":"https:\/\/portal.speedmais.com.br\/anac\/wp-json\/wp\/v2\/pages\/66","targetHints":{"allow":["GET"]}}],"collection":[{"href":"https:\/\/portal.speedmais.com.br\/anac\/wp-json\/wp\/v2\/pages"}],"about":[{"href":"https:\/\/portal.speedmais.com.br\/anac\/wp-json\/wp\/v2\/types\/page"}],"author":[{"embeddable":true,"href":"https:\/\/portal.speedmais.com.br\/anac\/wp-json\/wp\/v2\/users\/1"}],"replies":[{"embeddable":true,"href":"https:\/\/portal.speedmais.com.br\/anac\/wp-json\/wp\/v2\/comments?post=66"}],"version-history":[{"count":2,"href":"https:\/\/portal.speedmais.com.br\/anac\/wp-json\/wp\/v2\/pages\/66\/revisions"}],"predecessor-version":[{"id":418,"href":"https:\/\/portal.speedmais.com.br\/anac\/wp-json\/wp\/v2\/pages\/66\/revisions\/418"}],"up":[{"embeddable":true,"href":"https:\/\/portal.speedmais.com.br\/anac\/wp-json\/wp\/v2\/pages\/21"}],"wp:attachment":[{"href":"https:\/\/portal.speedmais.com.br\/anac\/wp-json\/wp\/v2\/media?parent=66"}],"curies":[{"name":"wp","href":"https:\/\/api.w.org\/{rel}","templated":true}]}}