{"id":70,"date":"2023-11-07T17:57:51","date_gmt":"2023-11-07T20:57:51","guid":{"rendered":"https:\/\/portal.speedmais.com.br\/anac\/?page_id=70"},"modified":"2023-11-28T11:23:22","modified_gmt":"2023-11-28T14:23:22","slug":"saf","status":"publish","type":"page","link":"https:\/\/portal.speedmais.com.br\/anac\/procedimentos\/saf\/","title":{"rendered":"SAF"},"content":{"rendered":"\n<div class=\"wp-block-file\"><a id=\"wp-block-file--media-d5aaa2ab-a0e8-4823-8462-6d8d85a1fa04\" href=\"https:\/\/portal.speedmais.com.br\/anac\/wp-content\/uploads\/sites\/35\/2023\/11\/SAF-001-Como-Emitir-Guia-de-Recolhimento-da-Uniao-GRU-de-TFAC-ou-de-Multa.pdf\" target=\"_blank\" rel=\"noreferrer noopener\">SAF 001-Como Emitir Guia de Recolhimento da Uni\u00e3o GRU de TFAC ou de Multa.<\/a><a href=\"https:\/\/portal.speedmais.com.br\/anac\/wp-content\/uploads\/sites\/35\/2023\/11\/SAF-001-Como-Emitir-Guia-de-Recolhimento-da-Uniao-GRU-de-TFAC-ou-de-Multa.pdf\" class=\"wp-block-file__button wp-element-button\" download aria-describedby=\"wp-block-file--media-d5aaa2ab-a0e8-4823-8462-6d8d85a1fa04\">Baixar<\/a><\/div>\n\n\n\n<div class=\"wp-block-file\"><a id=\"wp-block-file--media-0fe397c7-b814-45b1-ab27-75d6265f5a37\" href=\"https:\/\/portal.speedmais.com.br\/anac\/wp-content\/uploads\/sites\/35\/2023\/11\/SAF-002-Como-Confirmar-se-a-GRU-de-TFAC-Emitida-Corresponde-ao-Servico-de-TFAC-Desejado.pdf\" target=\"_blank\" rel=\"noreferrer noopener\">SAF 002- Como Confirmar se a GRU de TFAC Emitida Corresponde ao Servi\u00e7o de TFAC Desejado<\/a><a href=\"https:\/\/portal.speedmais.com.br\/anac\/wp-content\/uploads\/sites\/35\/2023\/11\/SAF-002-Como-Confirmar-se-a-GRU-de-TFAC-Emitida-Corresponde-ao-Servico-de-TFAC-Desejado.pdf\" class=\"wp-block-file__button wp-element-button\" download aria-describedby=\"wp-block-file--media-0fe397c7-b814-45b1-ab27-75d6265f5a37\">Baixar<\/a><\/div>\n\n\n\n<div class=\"wp-block-file\"><a id=\"wp-block-file--media-25294ab2-7faa-4880-8e28-aee63e3761f2\" href=\"https:\/\/portal.speedmais.com.br\/anac\/wp-content\/uploads\/sites\/35\/2023\/11\/SAF-003-GRU-Emitida-com-Nome-Incorreto-casos-de-nomes-alterados-por-casamento-separacao-etc.pdf\" target=\"_blank\" rel=\"noreferrer noopener\">SAF 003-GRU Emitida com Nome Incorreto casos de nomes alterados por casamento, separa\u00e7\u00e3o, etc.<\/a><a href=\"https:\/\/portal.speedmais.com.br\/anac\/wp-content\/uploads\/sites\/35\/2023\/11\/SAF-003-GRU-Emitida-com-Nome-Incorreto-casos-de-nomes-alterados-por-casamento-separacao-etc.pdf\" class=\"wp-block-file__button wp-element-button\" download aria-describedby=\"wp-block-file--media-25294ab2-7faa-4880-8e28-aee63e3761f2\">Baixar<\/a><\/div>\n\n\n\n<div class=\"wp-block-file\"><a id=\"wp-block-file--media-b2748297-5d0b-476b-8ad0-c23106d52806\" href=\"https:\/\/portal.speedmais.com.br\/anac\/wp-content\/uploads\/sites\/35\/2023\/11\/SAF-004-Pagamento-de-GRU-de-TFAC-Realizado-com-No-de-Referencia-Incorreto-ou-Nao-Localizado-1.pdf\" target=\"_blank\" rel=\"noreferrer noopener\">SAF 004-Pagamento de GRU de TFAC Realizado com N\u00ba de Refer\u00eancia Incorreto ou N\u00e3o Localizado<\/a><a href=\"https:\/\/portal.speedmais.com.br\/anac\/wp-content\/uploads\/sites\/35\/2023\/11\/SAF-004-Pagamento-de-GRU-de-TFAC-Realizado-com-No-de-Referencia-Incorreto-ou-Nao-Localizado-1.pdf\" class=\"wp-block-file__button wp-element-button\" download aria-describedby=\"wp-block-file--media-b2748297-5d0b-476b-8ad0-c23106d52806\">Baixar<\/a><\/div>\n\n\n\n<div class=\"wp-block-file\"><a id=\"wp-block-file--media-5804edc7-5f31-465f-b2cb-5b8f708c79dc\" href=\"https:\/\/portal.speedmais.com.br\/anac\/wp-content\/uploads\/sites\/35\/2023\/11\/SAF-005-Duvidas-Sobre-GRU-de-Debitos-Inscritos-em-Divida-Ativa.pdf\" target=\"_blank\" rel=\"noreferrer noopener\">SAF 005-Duvidas Sobre GRU de D\u00e9bitos Inscritos em D\u00edvida Ativa<\/a><a href=\"https:\/\/portal.speedmais.com.br\/anac\/wp-content\/uploads\/sites\/35\/2023\/11\/SAF-005-Duvidas-Sobre-GRU-de-Debitos-Inscritos-em-Divida-Ativa.pdf\" class=\"wp-block-file__button wp-element-button\" download aria-describedby=\"wp-block-file--media-5804edc7-5f31-465f-b2cb-5b8f708c79dc\">Baixar<\/a><\/div>\n\n\n\n<div class=\"wp-block-file\"><a id=\"wp-block-file--media-d39e0435-e670-4bd5-9d19-5172768a7b3f\" href=\"https:\/\/portal.speedmais.com.br\/anac\/wp-content\/uploads\/sites\/35\/2023\/11\/SAF-006-Problemas-na-Emissao-de-GRUs-Multa-ou-TFAC-1.pdf\" target=\"_blank\" rel=\"noreferrer noopener\">SAF-006 Problemas na Emiss\u00e3o de GRUs Multa ou TFAC-1<\/a><a href=\"https:\/\/portal.speedmais.com.br\/anac\/wp-content\/uploads\/sites\/35\/2023\/11\/SAF-006-Problemas-na-Emissao-de-GRUs-Multa-ou-TFAC-1.pdf\" class=\"wp-block-file__button wp-element-button\" download aria-describedby=\"wp-block-file--media-d39e0435-e670-4bd5-9d19-5172768a7b3f\">Baixar<\/a><\/div>\n\n\n\n<div class=\"wp-block-file\"><a id=\"wp-block-file--media-5f56ffed-564d-496d-a9bc-547eaff00d34\" href=\"https:\/\/portal.speedmais.com.br\/anac\/wp-content\/uploads\/sites\/35\/2023\/11\/SAF-007-Debitos-em-Divida-Ativa-da-Uniao.pdf\" target=\"_blank\" rel=\"noreferrer noopener\">SAF 007-D\u00e9bitos em d\u00edvida Ativa da Uni\u00e3o<\/a><a href=\"https:\/\/portal.speedmais.com.br\/anac\/wp-content\/uploads\/sites\/35\/2023\/11\/SAF-007-Debitos-em-Divida-Ativa-da-Uniao.pdf\" class=\"wp-block-file__button wp-element-button\" download aria-describedby=\"wp-block-file--media-5f56ffed-564d-496d-a9bc-547eaff00d34\">Baixar<\/a><\/div>\n\n\n\n<div class=\"wp-block-file\"><a id=\"wp-block-file--media-ef567700-5e9b-4764-8e3b-70a06d8607e4\" href=\"https:\/\/portal.speedmais.com.br\/anac\/wp-content\/uploads\/sites\/35\/2023\/11\/SAF-008-Regulado-Alega-Quitacao-de-Debitos-em-Divida-Ativa-mas-as-Restricoes-se-Mantem-Certidao-Positiva-CADIN.pdf\" target=\"_blank\" rel=\"noreferrer noopener\">SAF 008-Regulado Alega Quita\u00e7\u00e3o de D\u00e9bitos em d\u00edvida Ativa, mas as Restri\u00e7\u00f5es se Mant\u00e9m Certid\u00e3o Positiva-CADIN<\/a><a href=\"https:\/\/portal.speedmais.com.br\/anac\/wp-content\/uploads\/sites\/35\/2023\/11\/SAF-008-Regulado-Alega-Quitacao-de-Debitos-em-Divida-Ativa-mas-as-Restricoes-se-Mantem-Certidao-Positiva-CADIN.pdf\" class=\"wp-block-file__button wp-element-button\" download aria-describedby=\"wp-block-file--media-ef567700-5e9b-4764-8e3b-70a06d8607e4\">Baixar<\/a><\/div>\n\n\n\n<div class=\"wp-block-file\"><a id=\"wp-block-file--media-0725a851-5c0e-4fe1-bad3-5020c0d3ece6\" href=\"https:\/\/portal.speedmais.com.br\/anac\/wp-content\/uploads\/sites\/35\/2023\/11\/SAF-009-TFAC-Paga-Utilizada-por-Outra-Pessoa-CPFs-diferentes.pdf\" target=\"_blank\" rel=\"noreferrer noopener\">SAF 009-TFAC Paga Utilizada por Outra Pessoa CPFs diferentes<\/a><a href=\"https:\/\/portal.speedmais.com.br\/anac\/wp-content\/uploads\/sites\/35\/2023\/11\/SAF-009-TFAC-Paga-Utilizada-por-Outra-Pessoa-CPFs-diferentes.pdf\" class=\"wp-block-file__button wp-element-button\" download aria-describedby=\"wp-block-file--media-0725a851-5c0e-4fe1-bad3-5020c0d3ece6\">Baixar<\/a><\/div>\n\n\n\n<div class=\"wp-block-file\"><a id=\"wp-block-file--media-397068d7-f3e6-48d0-ac0d-d3be672e5b4c\" href=\"https:\/\/portal.speedmais.com.br\/anac\/wp-content\/uploads\/sites\/35\/2023\/11\/SAF-010-Restituicao-de-TFAC.pdf\" target=\"_blank\" rel=\"noreferrer noopener\">SAF 010-Restitui\u00e7\u00e3o de TFAC<\/a><a href=\"https:\/\/portal.speedmais.com.br\/anac\/wp-content\/uploads\/sites\/35\/2023\/11\/SAF-010-Restituicao-de-TFAC.pdf\" class=\"wp-block-file__button wp-element-button\" download aria-describedby=\"wp-block-file--media-397068d7-f3e6-48d0-ac0d-d3be672e5b4c\">Baixar<\/a><\/div>\n\n\n\n<div class=\"wp-block-file\"><a id=\"wp-block-file--media-5a806bd4-e351-4dc1-a5ea-85a31e21b671\" href=\"https:\/\/portal.speedmais.com.br\/anac\/wp-content\/uploads\/sites\/35\/2023\/11\/SAF-011-Data-para-Recebimento-do-Pagamento-de-Restituicao-de-TFAC.pdf\" target=\"_blank\" rel=\"noreferrer noopener\">SAF 011-Data para Recebimento do Pagamento de Restitui\u00e7\u00e3o de TFAC<\/a><a href=\"https:\/\/portal.speedmais.com.br\/anac\/wp-content\/uploads\/sites\/35\/2023\/11\/SAF-011-Data-para-Recebimento-do-Pagamento-de-Restituicao-de-TFAC.pdf\" class=\"wp-block-file__button wp-element-button\" download aria-describedby=\"wp-block-file--media-5a806bd4-e351-4dc1-a5ea-85a31e21b671\">Baixar<\/a><\/div>\n\n\n\n<div class=\"wp-block-file\"><a id=\"wp-block-file--media-f15ed851-e370-4132-b5fe-32ea84963279\" href=\"https:\/\/portal.speedmais.com.br\/anac\/wp-content\/uploads\/sites\/35\/2023\/11\/SAF-012-Solicitacao-de-Informacoes-sobre-Debitos-em-seu-Nome-ou-em-Nome-da-Empresa.pdf\" target=\"_blank\" rel=\"noreferrer noopener\">SAF 012-Solicita\u00e7\u00e3o de Informa\u00e7\u00f5es sobre D\u00e9bitos em seu Nome ou em Nome da Empresa<\/a><a href=\"https:\/\/portal.speedmais.com.br\/anac\/wp-content\/uploads\/sites\/35\/2023\/11\/SAF-012-Solicitacao-de-Informacoes-sobre-Debitos-em-seu-Nome-ou-em-Nome-da-Empresa.pdf\" class=\"wp-block-file__button wp-element-button\" download aria-describedby=\"wp-block-file--media-f15ed851-e370-4132-b5fe-32ea84963279\">Baixar<\/a><\/div>\n\n\n\n<div class=\"wp-block-file\"><a id=\"wp-block-file--media-9846af8b-adc5-4cbb-8479-e0e192f7b7f3\" href=\"https:\/\/portal.speedmais.com.br\/anac\/wp-content\/uploads\/sites\/35\/2023\/11\/SAF-013-Como-Solicitar-Parcelamento-de-Multas.pdf\" target=\"_blank\" rel=\"noreferrer noopener\">SAF 013-Como Solicitar Parcelamento de Multas<\/a><a href=\"https:\/\/portal.speedmais.com.br\/anac\/wp-content\/uploads\/sites\/35\/2023\/11\/SAF-013-Como-Solicitar-Parcelamento-de-Multas.pdf\" class=\"wp-block-file__button wp-element-button\" download aria-describedby=\"wp-block-file--media-9846af8b-adc5-4cbb-8479-e0e192f7b7f3\">Baixar<\/a><\/div>\n\n\n\n<div class=\"wp-block-file\"><a id=\"wp-block-file--media-4ad0271d-34c8-47cf-b652-760c3d3823f9\" href=\"https:\/\/portal.speedmais.com.br\/anac\/wp-content\/uploads\/sites\/35\/2023\/11\/SAF-014-Titularidade-das-Receitas-de-Multas.pdf\" target=\"_blank\" rel=\"noreferrer noopener\">SAF 014-Titularidade das Receitas de Multas<\/a><a href=\"https:\/\/portal.speedmais.com.br\/anac\/wp-content\/uploads\/sites\/35\/2023\/11\/SAF-014-Titularidade-das-Receitas-de-Multas.pdf\" class=\"wp-block-file__button wp-element-button\" download aria-describedby=\"wp-block-file--media-4ad0271d-34c8-47cf-b652-760c3d3823f9\">Baixar<\/a><\/div>\n\n\n\n<div class=\"wp-block-file\"><a id=\"wp-block-file--media-eb853f13-55e8-49ae-86bb-20984ef08b0e\" href=\"https:\/\/portal.speedmais.com.br\/anac\/wp-content\/uploads\/sites\/35\/2023\/11\/SAF-015-Tempo-de-Validade-da-TFAC-para-Solicitacao-do-Servico-ou-Pedido-de-Restituicao.pdf\" target=\"_blank\" rel=\"noreferrer noopener\">SAF 015-Tempo de Validade da TFAC para Solicita\u00e7\u00e3o do Servi\u00e7o ou Pedido de Restitui\u00e7\u00e3o<\/a><a href=\"https:\/\/portal.speedmais.com.br\/anac\/wp-content\/uploads\/sites\/35\/2023\/11\/SAF-015-Tempo-de-Validade-da-TFAC-para-Solicitacao-do-Servico-ou-Pedido-de-Restituicao.pdf\" class=\"wp-block-file__button wp-element-button\" download aria-describedby=\"wp-block-file--media-eb853f13-55e8-49ae-86bb-20984ef08b0e\">Baixar<\/a><\/div>\n\n\n\n<div class=\"wp-block-file\"><a id=\"wp-block-file--media-abfc61aa-e6da-4ca0-aa64-dac81c5fc483\" href=\"https:\/\/portal.speedmais.com.br\/anac\/wp-content\/uploads\/sites\/35\/2023\/11\/SAF-017-Pedidos-de-Vista-ou-Copia-de-Processos-Documentos-da-ANAC.pdf\" target=\"_blank\" rel=\"noreferrer noopener\">SAF-017-Pedidos-de-Vista-ou-Copia-de-Processos-Documentos-da-ANAC<\/a><a href=\"https:\/\/portal.speedmais.com.br\/anac\/wp-content\/uploads\/sites\/35\/2023\/11\/SAF-017-Pedidos-de-Vista-ou-Copia-de-Processos-Documentos-da-ANAC.pdf\" class=\"wp-block-file__button wp-element-button\" download aria-describedby=\"wp-block-file--media-abfc61aa-e6da-4ca0-aa64-dac81c5fc483\">Baixar<\/a><\/div>\n\n\n\n<div class=\"wp-block-file\"><a id=\"wp-block-file--media-4d451bcb-096f-45ff-b576-0611900480ce\" href=\"https:\/\/portal.speedmais.com.br\/anac\/wp-content\/uploads\/sites\/35\/2023\/11\/SAF-018-\u2013-Perda-de-Comprovante-de-Pagamento-de-TFAC-Taxa-de-Fiscalizacao-da-Aviacao-Civil.pdf\" target=\"_blank\" rel=\"noreferrer noopener\">SAF 018 &#8211; Perda de Comprovante de Pagamento de TFAC Taxa de Fiscaliza\u00e7\u00e3o da Avia\u00e7\u00e3o Civil<\/a><a href=\"https:\/\/portal.speedmais.com.br\/anac\/wp-content\/uploads\/sites\/35\/2023\/11\/SAF-018-\u2013-Perda-de-Comprovante-de-Pagamento-de-TFAC-Taxa-de-Fiscalizacao-da-Aviacao-Civil.pdf\" class=\"wp-block-file__button wp-element-button\" download aria-describedby=\"wp-block-file--media-4d451bcb-096f-45ff-b576-0611900480ce\">Baixar<\/a><\/div>\n\n\n\n<div class=\"wp-block-file\"><a id=\"wp-block-file--media-e662bcfc-97c0-4c62-9857-2bdfa20f0b5a\" href=\"https:\/\/portal.speedmais.com.br\/anac\/wp-content\/uploads\/sites\/35\/2023\/11\/SAF-019-\u2013-GRU-Guia-De-Recolhimento-Da-Uniao-de-TFAC-Gerada-em-Duplicidade.pdf\" target=\"_blank\" rel=\"noreferrer noopener\">SAF 019 &#8211; GRU Guia De Recolhimento Da Uni\u00e3o de TFAC Gerada em Duplicidade<\/a><a href=\"https:\/\/portal.speedmais.com.br\/anac\/wp-content\/uploads\/sites\/35\/2023\/11\/SAF-019-\u2013-GRU-Guia-De-Recolhimento-Da-Uniao-de-TFAC-Gerada-em-Duplicidade.pdf\" class=\"wp-block-file__button wp-element-button\" download aria-describedby=\"wp-block-file--media-e662bcfc-97c0-4c62-9857-2bdfa20f0b5a\">Baixar<\/a><\/div>\n\n\n\n<div class=\"wp-block-file\"><a id=\"wp-block-file--media-53780d4f-ab63-4cb9-80c5-6774163d35b9\" href=\"https:\/\/portal.speedmais.com.br\/anac\/wp-content\/uploads\/sites\/35\/2023\/11\/SAF-020-Como-Protocolar-Documentos-na-ANAC.pdf\" target=\"_blank\" rel=\"noreferrer noopener\">SAF 020-Como Protocolar Documentos na ANAC<\/a><a href=\"https:\/\/portal.speedmais.com.br\/anac\/wp-content\/uploads\/sites\/35\/2023\/11\/SAF-020-Como-Protocolar-Documentos-na-ANAC.pdf\" class=\"wp-block-file__button wp-element-button\" download aria-describedby=\"wp-block-file--media-53780d4f-ab63-4cb9-80c5-6774163d35b9\">Baixar<\/a><\/div>\n","protected":false},"excerpt":{"rendered":"","protected":false},"author":1,"featured_media":0,"parent":21,"menu_order":4,"comment_status":"closed","ping_status":"closed","template":"","meta":{"site-sidebar-layout":"default","site-content-layout":"","ast-site-content-layout":"default","site-content-style":"default","site-sidebar-style":"default","ast-global-header-display":"","ast-banner-title-visibility":"","ast-main-header-display":"","ast-hfb-above-header-display":"","ast-hfb-below-header-display":"","ast-hfb-mobile-header-display":"","site-post-title":"","ast-breadcrumbs-content":"","ast-featured-img":"","footer-sml-layout":"","theme-transparent-header-meta":"","adv-header-id-meta":"","stick-header-meta":"","header-above-stick-meta":"","header-main-stick-meta":"","header-below-stick-meta":"","astra-migrate-meta-layouts":"default","ast-page-background-enabled":"default","ast-page-background-meta":{"desktop":{"background-color":"var(--ast-global-color-4)","background-image":"","background-repeat":"repeat","background-position":"center center","background-size":"auto","background-attachment":"scroll","background-type":"","background-media":"","overlay-type":"","overlay-color":"","overlay-opacity":"","overlay-gradient":""},"tablet":{"background-color":"","background-image":"","background-repeat":"repeat","background-position":"center center","background-size":"auto","background-attachment":"scroll","background-type":"","background-media":"","overlay-type":"","overlay-color":"","overlay-opacity":"","overlay-gradient":""},"mobile":{"background-color":"","background-image":"","background-repeat":"repeat","background-position":"center center","background-size":"auto","background-attachment":"scroll","background-type":"","background-media":"","overlay-type":"","overlay-color":"","overlay-opacity":"","overlay-gradient":""}},"ast-content-background-meta":{"desktop":{"background-color":"var(--ast-global-color-5)","background-image":"","background-repeat":"repeat","background-position":"center center","background-size":"auto","background-attachment":"scroll","background-type":"","background-media":"","overlay-type":"","overlay-color":"","overlay-opacity":"","overlay-gradient":""},"tablet":{"background-color":"var(--ast-global-color-5)","background-image":"","background-repeat":"repeat","background-position":"center center","background-size":"auto","background-attachment":"scroll","background-type":"","background-media":"","overlay-type":"","overlay-color":"","overlay-opacity":"","overlay-gradient":""},"mobile":{"background-color":"var(--ast-global-color-5)","background-image":"","background-repeat":"repeat","background-position":"center center","background-size":"auto","background-attachment":"scroll","background-type":"","background-media":"","overlay-type":"","overlay-color":"","overlay-opacity":"","overlay-gradient":""}},"footnotes":""},"class_list":["post-70","page","type-page","status-publish","hentry"],"_links":{"self":[{"href":"https:\/\/portal.speedmais.com.br\/anac\/wp-json\/wp\/v2\/pages\/70","targetHints":{"allow":["GET"]}}],"collection":[{"href":"https:\/\/portal.speedmais.com.br\/anac\/wp-json\/wp\/v2\/pages"}],"about":[{"href":"https:\/\/portal.speedmais.com.br\/anac\/wp-json\/wp\/v2\/types\/page"}],"author":[{"embeddable":true,"href":"https:\/\/portal.speedmais.com.br\/anac\/wp-json\/wp\/v2\/users\/1"}],"replies":[{"embeddable":true,"href":"https:\/\/portal.speedmais.com.br\/anac\/wp-json\/wp\/v2\/comments?post=70"}],"version-history":[{"count":14,"href":"https:\/\/portal.speedmais.com.br\/anac\/wp-json\/wp\/v2\/pages\/70\/revisions"}],"predecessor-version":[{"id":121,"href":"https:\/\/portal.speedmais.com.br\/anac\/wp-json\/wp\/v2\/pages\/70\/revisions\/121"}],"up":[{"embeddable":true,"href":"https:\/\/portal.speedmais.com.br\/anac\/wp-json\/wp\/v2\/pages\/21"}],"wp:attachment":[{"href":"https:\/\/portal.speedmais.com.br\/anac\/wp-json\/wp\/v2\/media?parent=70"}],"curies":[{"name":"wp","href":"https:\/\/api.w.org\/{rel}","templated":true}]}}