{"id":176,"date":"2024-09-04T22:11:44","date_gmt":"2024-09-05T01:11:44","guid":{"rendered":"https:\/\/portal.speedmais.com.br\/atualizacao\/?page_id=176"},"modified":"2024-09-04T22:19:39","modified_gmt":"2024-09-05T01:19:39","slug":"canal-de-denuncia","status":"publish","type":"page","link":"https:\/\/portal.speedmais.com.br\/atualizacao\/canal-de-denuncia\/","title":{"rendered":""},"content":{"rendered":"\n<div class=\"wpcf7 no-js\" id=\"wpcf7-f175-o1\" lang=\"pt-BR\" dir=\"ltr\" data-wpcf7-id=\"175\">\n<div class=\"screen-reader-response\"><p role=\"status\" aria-live=\"polite\" aria-atomic=\"true\"><\/p> <ul><\/ul><\/div>\n<form action=\"\/atualizacao\/wp-json\/wp\/v2\/pages\/176#wpcf7-f175-o1\" method=\"post\" class=\"wpcf7-form init cf7skins cf7s-default\" aria-label=\"Formul\u00e1rios de contato\" enctype=\"multipart\/form-data\" novalidate=\"novalidate\" data-status=\"init\">\n<fieldset class=\"hidden-fields-container\"><input type=\"hidden\" name=\"_wpcf7\" value=\"175\" \/><input type=\"hidden\" name=\"_wpcf7_version\" value=\"6.1.3\" \/><input type=\"hidden\" name=\"_wpcf7_locale\" value=\"pt_BR\" \/><input type=\"hidden\" name=\"_wpcf7_unit_tag\" value=\"wpcf7-f175-o1\" \/><input type=\"hidden\" name=\"_wpcf7_container_post\" value=\"0\" \/><input type=\"hidden\" name=\"_wpcf7_posted_data_hash\" value=\"\" \/><input type=\"hidden\" name=\"_wpcf7cf_hidden_group_fields\" value=\"[]\" \/><input type=\"hidden\" name=\"_wpcf7cf_hidden_groups\" value=\"[]\" \/><input type=\"hidden\" name=\"_wpcf7cf_visible_groups\" value=\"[]\" \/><input type=\"hidden\" name=\"_wpcf7cf_repeaters\" value=\"[]\" \/><input type=\"hidden\" name=\"_wpcf7cf_steps\" value=\"{}\" \/><input type=\"hidden\" name=\"_wpcf7cf_options\" value=\"{&quot;form_id&quot;:175,&quot;conditions&quot;:[],&quot;settings&quot;:{&quot;animation&quot;:&quot;yes&quot;,&quot;animation_intime&quot;:200,&quot;animation_outtime&quot;:200,&quot;conditions_ui&quot;:&quot;normal&quot;,&quot;notice_dismissed&quot;:false}}\" \/><input type=\"hidden\" name=\"_wpcf7dtx_version\" value=\"5.0.3\" \/>\n<\/fieldset>\n<fieldset>\n\t<legend>Preencha os dados abaixo<\/legend>\n\t<ol>\n                <li><label for=''><\/label><input class=\"wpcf7-form-control wpcf7-hidden\" value=\"\" type=\"hidden\" name=\"protocolo-de-atendimento\" \/><\/li>\n                <li><label for=''>Nome\/Nome Social <\/label><span class=\"wpcf7-form-control-wrap\" data-name=\"nome_social\"><input size=\"40\" maxlength=\"400\" class=\"wpcf7-form-control wpcf7-text\" aria-invalid=\"false\" value=\"\" type=\"text\" name=\"nome_social\" \/><\/span><\/li>\n                <li><label for=''>Telefone <\/label><span class=\"wpcf7-form-control-wrap\" data-name=\"tel_contato\"><input size=\"40\" maxlength=\"400\" class=\"wpcf7-form-control wpcf7-tel wpcf7-text wpcf7-validates-as-tel digitis\" aria-invalid=\"false\" value=\"\" type=\"tel\" name=\"tel_contato\" \/><\/span><\/li>\n                <li><label for=''>E-mail <em class=\"cf7s-reqd\">*<\/em> <\/label><span class=\"wpcf7-form-control-wrap\" data-name=\"email\"><input size=\"40\" maxlength=\"400\" class=\"wpcf7-form-control wpcf7-email wpcf7-validates-as-required wpcf7-text wpcf7-validates-as-email email\" aria-required=\"true\" aria-invalid=\"false\" value=\"\" type=\"email\" name=\"email\" \/><\/span><\/li>\n\t\t<li>Ocorr\u00eancia <span class=\"wpcf7-form-control-wrap\" data-name=\"ocorrencia\"><textarea cols=\"40\" rows=\"10\" maxlength=\"2000\" class=\"wpcf7-form-control wpcf7-textarea\" aria-invalid=\"false\" name=\"ocorrencia\"><\/textarea><\/span><\/li\n                <li><label for=''> Qual a unidade onde os fatos ocorreram? (Obrigat\u00f3rio)<em class=\"cf7s-reqd\">*<\/em> <\/label><span class=\"wpcf7-form-control-wrap\" data-name=\"estado\"><select class=\"wpcf7-form-control wpcf7-select wpcf7-validates-as-required\" aria-required=\"true\" aria-invalid=\"false\" name=\"estado\"><option value=\"\">&#8212;Escolha uma op\u00e7\u00e3o&#8212;<\/option><option value=\"PE\">PE<\/option><option value=\"BA\">BA<\/option><option value=\"CE\">CE<\/option><option value=\"RJ\">RJ<\/option><option value=\"ES\">ES<\/option><option value=\"SP\">SP<\/option><option value=\"PB\">PB<\/option><option value=\"RN\">RN<\/option><\/select><\/span><\/li>\n\t\t<li><label for=''>Indique o local\/departamento onde ocorreu o fato que voc\u00ea est\u00e1 denunciando. <\/label><span class=\"wpcf7-form-control-wrap\" data-name=\"local_departamento\"><input size=\"40\" maxlength=\"400\" class=\"wpcf7-form-control wpcf7-text\" aria-invalid=\"false\" value=\"\" type=\"text\" name=\"local_departamento\" \/><\/span><\/li>                \n                <li>Qual o tipo da Den\u00fancia? (Obrigat\u00f3rio) <span class=\"wpcf7-form-control-wrap\" data-name=\"denuncia\"><select class=\"wpcf7-form-control wpcf7-select wpcf7-validates-as-required\" aria-required=\"true\" aria-invalid=\"false\" name=\"denuncia\"><option value=\"\">&#8212;Escolha uma op\u00e7\u00e3o&#8212;<\/option><option value=\"Agress\u00e3o F\u00edsica\">Agress\u00e3o F\u00edsica<\/option><option value=\"Amea\u00e7a\/Persegui\u00e7\u00e3o\">Amea\u00e7a\/Persegui\u00e7\u00e3o<\/option><option value=\"Ass\u00e9dio Moral\">Ass\u00e9dio Moral<\/option><option value=\"Ass\u00e9dio Sexual\">Ass\u00e9dio Sexual<\/option><option value=\"Conflito de interesses\/Favorecimento\">Conflito de interesses\/Favorecimento<\/option><option value=\"Corrup\u00e7\u00e3o\">Corrup\u00e7\u00e3o<\/option><option value=\"Dano ao patrim\u00f4nio da empresa\">Dano ao patrim\u00f4nio da empresa<\/option><option value=\"Descumprimento de Leis ou normas internas\">Descumprimento de Leis ou normas internas<\/option><option value=\"Discrimina\u00e7\u00e3o por condi\u00e7\u00e3o f\u00edsica\">Discrimina\u00e7\u00e3o por condi\u00e7\u00e3o f\u00edsica<\/option><option value=\"Discrimina\u00e7\u00e3o por faixa et\u00e1ria\">Discrimina\u00e7\u00e3o por faixa et\u00e1ria<\/option><option value=\"Discrimina\u00e7\u00e3o por orienta\u00e7\u00e3o sexual\">Discrimina\u00e7\u00e3o por orienta\u00e7\u00e3o sexual<\/option><option value=\"Discrimina\u00e7\u00e3o por ra\u00e7a\/etnia\/cor\">Discrimina\u00e7\u00e3o por ra\u00e7a\/etnia\/cor<\/option><option value=\"Discrimina\u00e7\u00e3o por religiosidade\">Discrimina\u00e7\u00e3o por religiosidade<\/option><option value=\"Discrimica\u00e7\u00e3o por sexo\">Discrimica\u00e7\u00e3o por sexo<\/option><option value=\"Fraude\">Fraude<\/option><option value=\"Iportuna\u00e7\u00e3o Sexual\">Iportuna\u00e7\u00e3o Sexual<\/option><option value=\"Outros\">Outros<\/option><option value=\"Ouvidoria\">Ouvidoria<\/option><option value=\"Retalia\u00e7\u00e3o\">Retalia\u00e7\u00e3o<\/option><option value=\"Roubo\/furto\">Roubo\/furto<\/option><option value=\"Suborno\">Suborno<\/option><option value=\"Uso ou tr\u00e1fico de subst\u00e2ncia proibidas\">Uso ou tr\u00e1fico de subst\u00e2ncia proibidas<\/option><option value=\"Vazamento ou uso indevido de informa\u00e7\u00f5es\">Vazamento ou uso indevido de informa\u00e7\u00f5es<\/option><option value=\"Viola\u00e7\u00e3o de leis ambientais\">Viola\u00e7\u00e3o de leis ambientais<\/option><\/select><\/span><\/li>\n\t\t<li>A pessoa denunciada pertence ao setor respons\u00e1vel de Compliance? (Obrigat\u00f3rio) <span class=\"wpcf7-form-control-wrap\" data-name=\"tipo_solicit\"><span class=\"wpcf7-form-control wpcf7-radio\"><span class=\"wpcf7-list-item first\"><input type=\"radio\" name=\"tipo_solicit\" value=\"N\u00e3o\/N\u00e3o sei\" \/><span class=\"wpcf7-list-item-label\">N\u00e3o\/N\u00e3o sei<\/span><\/span><span class=\"wpcf7-list-item last\"><input type=\"radio\" name=\"tipo_solicit\" value=\"Sim\" \/><span class=\"wpcf7-list-item-label\">Sim<\/span><\/span><\/span><\/span>\n\t\t<li><label for=''>Descreva em detalhes o ocorrido (Obrigat\u00f3rio) <\/label><span class=\"wpcf7-form-control-wrap\" data-name=\"detalhes_ocorrido\"><textarea cols=\"40\" rows=\"10\" maxlength=\"2000\" class=\"wpcf7-form-control wpcf7-textarea\" aria-invalid=\"false\" name=\"detalhes_ocorrido\"><\/textarea><\/span><\/li>\n                <li><label for=''>Qual o seu G\u00eanero? (Obrigat\u00f3rio) <em class=\"cf7s-reqd\">*<\/em> <\/label><span class=\"wpcf7-form-control-wrap\" data-name=\"genero\"><select class=\"wpcf7-form-control wpcf7-select wpcf7-validates-as-required\" aria-required=\"true\" aria-invalid=\"false\" name=\"genero\"><option value=\"\">&#8212;Escolha uma op\u00e7\u00e3o&#8212;<\/option><option value=\"Feminino\">Feminino<\/option><option value=\"Masculino\">Masculino<\/option><option value=\"N\u00e3o desejo informar\">N\u00e3o desejo informar<\/option><\/select><\/span><\/li>\n\n\n                <li><label for=''>Informe abaixo se alguma lideran\u00e7a est\u00e1 ciente do problema relatado. (Obrigat\u00f3rio) <em class=\"cf7s-reqd\">*<\/em> <\/label><span class=\"wpcf7-form-control-wrap\" data-name=\"lideranca_ciente\"><select class=\"wpcf7-form-control wpcf7-select wpcf7-validates-as-required\" aria-required=\"true\" aria-invalid=\"false\" name=\"lideranca_ciente\"><option value=\"\">&#8212;Escolha uma op\u00e7\u00e3o&#8212;<\/option><option value=\"Diretor\">Diretor<\/option><option value=\"Gerente\">Gerente<\/option><option value=\"Coordenador(a)\">Coordenador(a)<\/option><option value=\"Supervisor(a)\">Supervisor(a)<\/option><option value=\"Os l\u00edderes n\u00e3o est\u00e3o cientes\">Os l\u00edderes n\u00e3o est\u00e3o cientes<\/option><\/select><\/span><\/li>\n                <li><label for=''>Voc\u00ea \u00e9 ?  <em class=\"cf7s-reqd\">*<\/em> <\/label><span class=\"wpcf7-form-control-wrap\" data-name=\"voce_e\"><select class=\"wpcf7-form-control wpcf7-select wpcf7-validates-as-required\" aria-required=\"true\" aria-invalid=\"false\" name=\"voce_e\"><option value=\"\">&#8212;Escolha uma op\u00e7\u00e3o&#8212;<\/option><option value=\"Colaborador\">Colaborador<\/option><option value=\"Fornecedor\">Fornecedor<\/option><option value=\"Cliente\">Cliente<\/option><option value=\"Outros\">Outros<\/option><option value=\"N\u00e3o desejo informar\">N\u00e3o desejo informar<\/option><\/select><\/span><\/li>\n\t\t<li><label for=''>Informe o nome completo do denunciado(a) e se poss\u00edvel a matr\u00edcula. (Obrigat\u00f3rio) <\/label><span class=\"wpcf7-form-control-wrap\" data-name=\"nome_denunciado\"><input size=\"40\" maxlength=\"400\" class=\"wpcf7-form-control wpcf7-text\" aria-invalid=\"false\" value=\"\" type=\"text\" name=\"nome_denunciado\" \/><\/span><\/li>\n                <li><label for='anexo'><strong>Anexo <\/strong><\/label><div id=\"mfcf7_zl_multifilecontainer\"><span class=\"mfcf7-zl-multiline-sample\" style=\"display:none\"><p class=\"wpcf7-form-control-wrap anexo\"><input size=\"40\" class=\"wpcf7-form-control wpcf7-multilinefile\" multiple=\"multiple\" value=\"Upload\" aria-invalid=\"false\" type=\"file\" name=\"anexo[]\" \/> <span class=\"mfcf7-zl-multifile-name\"><\/span><a href=\"javascript:void(0);\" class=\"mfcf7_zl_delete_file\"><span class=\"delete-file\" aria-hidden=\"true\">&#x274C;<\/span><\/a><\/p><\/span><\/div><span class=\"wpcf7-form-control-wrap zl-form-control-wrap anexo\"><input size=\"40\" class=\"wpcf7-form-control wpcf7-multilinefile\" multiple=\"multiple\" value=\"Upload\" aria-invalid=\"false\" type=\"file\" name=\"anexo[]\" \/> <span class=\"mfcf7-zl-multifile-name\"><\/span><a href=\"javascript:void(0);\" class=\"mfcf7_zl_delete_file\"><span class=\"delete-file\" aria-hidden=\"true\">&#x274C;<\/span><\/a><\/span><p><label><span class=\"wpcf7-form-control-wrap\" data-name=\"anexo-zl-mfcf7-upld-btn\"><input type=\"button\" name=\"anexo-zl-mfcf7-upld-btn\" class=\"button button-primary qbutton\" id=\"mfcf7_zl_add_file\" value=\"Upload\"><\/span><\/label><\/p><\/li>\n\n<\/fieldset>\n\n<div class=\"cbolm-hide-after-sent\">\n<input class=\"wpcf7-form-control wpcf7-submit has-spinner\" type=\"submit\" value=\"Enviar\" \/><\/div><p style=\"display: none !important;\" class=\"akismet-fields-container\" data-prefix=\"_wpcf7_ak_\"><label>&#916;<textarea name=\"_wpcf7_ak_hp_textarea\" cols=\"45\" rows=\"8\" maxlength=\"100\"><\/textarea><\/label><input type=\"hidden\" id=\"ak_js_1\" name=\"_wpcf7_ak_js\" value=\"175\"\/><script>document.getElementById( \"ak_js_1\" ).setAttribute( \"value\", ( new Date() ).getTime() );<\/script><\/p><div class=\"wpcf7-response-output\" aria-hidden=\"true\"><\/div>\n<\/form>\n<\/div>\n\n","protected":false},"excerpt":{"rendered":"","protected":false},"author":1,"featured_media":0,"parent":0,"menu_order":2,"comment_status":"closed","ping_status":"closed","template":"","meta":{"site-sidebar-layout":"default","site-content-layout":"","ast-site-content-layout":"default","site-content-style":"default","site-sidebar-style":"default","ast-global-header-display":"","ast-banner-title-visibility":"","ast-main-header-display":"","ast-hfb-above-header-display":"","ast-hfb-below-header-display":"","ast-hfb-mobile-header-display":"","site-post-title":"","ast-breadcrumbs-content":"","ast-featured-img":"","footer-sml-layout":"","theme-transparent-header-meta":"","adv-header-id-meta":"","stick-header-meta":"","header-above-stick-meta":"","header-main-stick-meta":"","header-below-stick-meta":"","astra-migrate-meta-layouts":"set","ast-page-background-enabled":"default","ast-page-background-meta":{"desktop":{"background-color":"var(--ast-global-color-4)","background-image":"","background-repeat":"repeat","background-position":"center center","background-size":"auto","background-attachment":"scroll","background-type":"","background-media":"","overlay-type":"","overlay-color":"","overlay-opacity":"","overlay-gradient":""},"tablet":{"background-color":"","background-image":"","background-repeat":"repeat","background-position":"center center","background-size":"auto","background-attachment":"scroll","background-type":"","background-media":"","overlay-type":"","overlay-color":"","overlay-opacity":"","overlay-gradient":""},"mobile":{"background-color":"","background-image":"","background-repeat":"repeat","background-position":"center center","background-size":"auto","background-attachment":"scroll","background-type":"","background-media":"","overlay-type":"","overlay-color":"","overlay-opacity":"","overlay-gradient":""}},"ast-content-background-meta":{"desktop":{"background-color":"var(--ast-global-color-5)","background-image":"","background-repeat":"repeat","background-position":"center center","background-size":"auto","background-attachment":"scroll","background-type":"","background-media":"","overlay-type":"","overlay-color":"","overlay-opacity":"","overlay-gradient":""},"tablet":{"background-color":"var(--ast-global-color-5)","background-image":"","background-repeat":"repeat","background-position":"center center","background-size":"auto","background-attachment":"scroll","background-type":"","background-media":"","overlay-type":"","overlay-color":"","overlay-opacity":"","overlay-gradient":""},"mobile":{"background-color":"var(--ast-global-color-5)","background-image":"","background-repeat":"repeat","background-position":"center center","background-size":"auto","background-attachment":"scroll","background-type":"","background-media":"","overlay-type":"","overlay-color":"","overlay-opacity":"","overlay-gradient":""}},"footnotes":""},"class_list":["post-176","page","type-page","status-publish","hentry"],"_links":{"self":[{"href":"https:\/\/portal.speedmais.com.br\/atualizacao\/wp-json\/wp\/v2\/pages\/176","targetHints":{"allow":["GET"]}}],"collection":[{"href":"https:\/\/portal.speedmais.com.br\/atualizacao\/wp-json\/wp\/v2\/pages"}],"about":[{"href":"https:\/\/portal.speedmais.com.br\/atualizacao\/wp-json\/wp\/v2\/types\/page"}],"author":[{"embeddable":true,"href":"https:\/\/portal.speedmais.com.br\/atualizacao\/wp-json\/wp\/v2\/users\/1"}],"replies":[{"embeddable":true,"href":"https:\/\/portal.speedmais.com.br\/atualizacao\/wp-json\/wp\/v2\/comments?post=176"}],"version-history":[{"count":2,"href":"https:\/\/portal.speedmais.com.br\/atualizacao\/wp-json\/wp\/v2\/pages\/176\/revisions"}],"predecessor-version":[{"id":181,"href":"https:\/\/portal.speedmais.com.br\/atualizacao\/wp-json\/wp\/v2\/pages\/176\/revisions\/181"}],"wp:attachment":[{"href":"https:\/\/portal.speedmais.com.br\/atualizacao\/wp-json\/wp\/v2\/media?parent=176"}],"curies":[{"name":"wp","href":"https:\/\/api.w.org\/{rel}","templated":true}]}}