{"id":265,"date":"2025-01-22T20:05:46","date_gmt":"2025-01-22T23:05:46","guid":{"rendered":"https:\/\/portal.speedmais.com.br\/atualizacao\/?page_id=265"},"modified":"2025-01-22T20:08:00","modified_gmt":"2025-01-22T23:08:00","slug":"lead","status":"publish","type":"page","link":"https:\/\/portal.speedmais.com.br\/atualizacao\/lead\/","title":{"rendered":""},"content":{"rendered":"\n<div class=\"wpcf7 no-js\" id=\"wpcf7-f264-o1\" lang=\"pt-BR\" dir=\"ltr\" data-wpcf7-id=\"264\">\n<div class=\"screen-reader-response\"><p role=\"status\" aria-live=\"polite\" aria-atomic=\"true\"><\/p> <ul><\/ul><\/div>\n<form action=\"\/atualizacao\/wp-json\/wp\/v2\/pages\/265#wpcf7-f264-o1\" method=\"post\" class=\"wpcf7-form init cf7skins cf7s-default\" aria-label=\"Formul\u00e1rios de contato\" novalidate=\"novalidate\" data-status=\"init\">\n<fieldset class=\"hidden-fields-container\"><input type=\"hidden\" name=\"_wpcf7\" value=\"264\" \/><input type=\"hidden\" name=\"_wpcf7_version\" value=\"6.1.3\" \/><input type=\"hidden\" name=\"_wpcf7_locale\" value=\"pt_BR\" \/><input type=\"hidden\" name=\"_wpcf7_unit_tag\" value=\"wpcf7-f264-o1\" \/><input type=\"hidden\" name=\"_wpcf7_container_post\" value=\"0\" \/><input type=\"hidden\" name=\"_wpcf7_posted_data_hash\" value=\"\" \/><input type=\"hidden\" name=\"_wpcf7cf_hidden_group_fields\" value=\"[]\" \/><input type=\"hidden\" name=\"_wpcf7cf_hidden_groups\" value=\"[]\" \/><input type=\"hidden\" name=\"_wpcf7cf_visible_groups\" value=\"[]\" \/><input type=\"hidden\" name=\"_wpcf7cf_repeaters\" value=\"[]\" \/><input type=\"hidden\" name=\"_wpcf7cf_steps\" value=\"{}\" \/><input type=\"hidden\" name=\"_wpcf7cf_options\" value=\"{&quot;form_id&quot;:264,&quot;conditions&quot;:[],&quot;settings&quot;:{&quot;animation&quot;:&quot;yes&quot;,&quot;animation_intime&quot;:200,&quot;animation_outtime&quot;:200,&quot;conditions_ui&quot;:&quot;normal&quot;,&quot;notice_dismissed&quot;:false}}\" \/><input type=\"hidden\" name=\"_wpcf7dtx_version\" value=\"5.0.3\" \/>\n<\/fieldset>\n<p> <b>Mapeamento do escopo do projeto<\/b> <\/p>\n<br>\n<p> Ol\u00e1! Para garantir um atendimento sob medida, solicitamos que responda a algumas perguntas espec\u00edficas sobre o seu neg\u00f3cio. Essas informa\u00e7\u00f5es ser\u00e3o a base para desenvolvermos estrat\u00e9gias personalizadas que atendam \u00e0s suas necessidades. Seu feedback \u00e9 essencial para que possamos oferecer a melhor assist\u00eancia poss\u00edvel. Agradecemos antecipadamente por compartilhar detalhes relevantes para otimizar nossos servi\u00e7os.  <p>\n\n<fieldset>\n\t<legend><b>Registro<\/b><\/legend>\n\t<ol>\n\n                <li><label for=''> Ramo\/nome da Empresa  <em class=\"cf7s-reqd\">*<\/em> <\/label><span class=\"wpcf7-form-control-wrap\" data-name=\"ramo\"><input size=\"40\" maxlength=\"400\" class=\"wpcf7-form-control wpcf7-text wpcf7-validates-as-required\" aria-required=\"true\" aria-invalid=\"false\" value=\"\" type=\"text\" name=\"ramo\" \/><\/span><\/li>\n                <li>Qual o hor\u00e1rio de atendimento de acordo com os dias trabalhados?\n                 EX.: Segunda \u00e0 Sexta das 8h \u00e0s 20h e s\u00e1bado das 10h \u00e0s 16h <\/b> <span class=\"wpcf7-form-control-wrap\" data-name=\"horario_atendimento\"><input size=\"40\" maxlength=\"400\" class=\"wpcf7-form-control wpcf7-text wpcf7-validates-as-required\" aria-required=\"true\" aria-invalid=\"false\" value=\"\" type=\"text\" name=\"horario_atendimento\" \/><\/span><\/li> \n                <li><label for=''>Sobre o local de atendimento (onde ser\u00e1 localizada a opera\u00e7\u00e3o de call center). Ser\u00e1 na Speedmais?<\/label><span class=\"wpcf7-form-control-wrap\" data-name=\"local_speed\"><span class=\"wpcf7-form-control wpcf7-radio\"><span class=\"wpcf7-list-item first\"><input type=\"radio\" name=\"local_speed\" value=\"Sim\" \/><span class=\"wpcf7-list-item-label\">Sim<\/span><\/span><span class=\"wpcf7-list-item last\"><input type=\"radio\" name=\"local_speed\" value=\"N\u00e3o\" \/><span class=\"wpcf7-list-item-label\">N\u00e3o<\/span><\/span><\/span><\/span><\/li>\n                <li><label for=''> Caso a resposta acima tenha sido \"Sim\", qual a localiza\u00e7\u00e3o desejada? (Ex.: Recife, PE)   <em class=\"cf7s-reqd\">*<\/em> <\/label><span class=\"wpcf7-form-control-wrap\" data-name=\"localizacao\"><input size=\"40\" maxlength=\"400\" class=\"wpcf7-form-control wpcf7-text wpcf7-validates-as-required\" aria-required=\"true\" aria-invalid=\"false\" value=\"\" type=\"text\" name=\"localizacao\" \/><\/span><\/li>\n\t\t<li><label for=''>Est\u00e1 incluso feriado na jornada de trabalho?<\/label><span class=\"wpcf7-form-control-wrap\" data-name=\"jornada\"><span class=\"wpcf7-form-control wpcf7-radio\"><span class=\"wpcf7-list-item first\"><input type=\"radio\" name=\"jornada\" value=\"Sim\" \/><span class=\"wpcf7-list-item-label\">Sim<\/span><\/span><span class=\"wpcf7-list-item last\"><input type=\"radio\" name=\"jornada\" value=\"N\u00e3o\" \/><span class=\"wpcf7-list-item-label\">N\u00e3o<\/span><\/span><\/span><\/span><\/li>\n                <li><label for=''>Indique as op\u00e7\u00f5es de canais de comunica\u00e7\u00e3o que gostaria de utilizar para o atendimento. <em class=\"cf7s-reqd\">*<\/em> <\/label><span class=\"wpcf7-form-control-wrap\" data-name=\"canais\"><select class=\"wpcf7-form-control wpcf7-select wpcf7-validates-as-required\" aria-required=\"true\" aria-invalid=\"false\" name=\"canais\"><option value=\"\">&#8212;Escolha uma op\u00e7\u00e3o&#8212;<\/option><option value=\"liga\u00e7\u00e3o (voz) receptiva - Atendente recebe a liga\u00e7\u00e3o\">liga\u00e7\u00e3o (voz) receptiva - Atendente recebe a liga\u00e7\u00e3o<\/option><option value=\"Liga\u00e7\u00e3o (voz) ativa - Atendente faz a liga\u00e7\u00e3o\">Liga\u00e7\u00e3o (voz) ativa - Atendente faz a liga\u00e7\u00e3o<\/option><option value=\"Digital - Chat\">Digital - Chat<\/option><option value=\"Digital - WhatsApp\">Digital - WhatsApp<\/option><option value=\"Digital - Telegram\">Digital - Telegram<\/option><option value=\"Digital - E-mail e\/ou Fale Conosco\">Digital - E-mail e\/ou Fale Conosco<\/option><option value=\"SMS - Ativo\">SMS - Ativo<\/option><option value=\"TTS - Ativo\">TTS - Ativo<\/option><option value=\"Redes Sociais (Exemplos : Instagram, Facebook,...)\">Redes Sociais (Exemplos : Instagram, Facebook,...)<\/option><\/select><\/span><\/li>\n                <li><label for=''>Caso a resposta cima tenha inclu\u00eddo \"Redes Sociais\", qual seriam as redes sociais?  <em class=\"cf7s-reqd\">*<\/em> <\/label><span class=\"wpcf7-form-control-wrap\" data-name=\"redes\"><select class=\"wpcf7-form-control wpcf7-select wpcf7-validates-as-required\" aria-required=\"true\" aria-invalid=\"false\" name=\"redes\"><option value=\"\">&#8212;Escolha uma op\u00e7\u00e3o&#8212;<\/option><option value=\"Instagram\">Instagram<\/option><option value=\"Facebook\">Facebook<\/option><option value=\"Linkedin\">Linkedin<\/option><option value=\"Tik Tok\">Tik Tok<\/option><\/select><\/span><\/li>\n                <li><label for=''> Outro: (Informe abaixo) <\/label><span class=\"wpcf7-form-control-wrap\" data-name=\"outra_rede\"><input size=\"40\" maxlength=\"400\" class=\"wpcf7-form-control wpcf7-text\" aria-invalid=\"false\" value=\"\" type=\"text\" name=\"outra_rede\" \/><\/span><\/li>\n                <li><label for=''>Quais os servi\u00e7os (Atendimentos) que ser\u00e3o realizados na opera\u00e7\u00e3o?   <em class=\"cf7s-reqd\">*<\/em> <\/label><span class=\"wpcf7-form-control-wrap\" data-name=\"atendimentos\"><select class=\"wpcf7-form-control wpcf7-select wpcf7-validates-as-required\" aria-required=\"true\" aria-invalid=\"false\" name=\"atendimentos\"><option value=\"\">&#8212;Escolha uma op\u00e7\u00e3o&#8212;<\/option><option value=\"SAC\">SAC<\/option><option value=\"Cobran\u00e7a\">Cobran\u00e7a<\/option><option value=\"Ouvidoria\">Ouvidoria<\/option><option value=\"Vendas Receptivas\">Vendas Receptivas<\/option><option value=\"Vendas Ativas (prospec\u00e7\u00e3o)\">Vendas Ativas (prospec\u00e7\u00e3o)<\/option><\/select><\/span><\/li>\n                <li><label for=''> Outro: (Informe abaixo) <\/label><span class=\"wpcf7-form-control-wrap\" data-name=\"outro_servico\"><input size=\"40\" maxlength=\"400\" class=\"wpcf7-form-control wpcf7-text\" aria-invalid=\"false\" value=\"\" type=\"text\" name=\"outro_servico\" \/><\/span><\/li>\n                <li><label for=''>Quanto tempo ir\u00e1 durar nosso contrato?<\/label><span class=\"wpcf7-form-control-wrap\" data-name=\"periodo\"><span class=\"wpcf7-form-control wpcf7-radio\"><span class=\"wpcf7-list-item first\"><input type=\"radio\" name=\"periodo\" value=\"12 meses\" \/><span class=\"wpcf7-list-item-label\">12 meses<\/span><\/span><span class=\"wpcf7-list-item\"><input type=\"radio\" name=\"periodo\" value=\"24 meses\" \/><span class=\"wpcf7-list-item-label\">24 meses<\/span><\/span><span class=\"wpcf7-list-item last\"><input type=\"radio\" name=\"periodo\" value=\"36 meses\" \/><span class=\"wpcf7-list-item-label\">36 meses<\/span><\/span><\/span><\/span><\/li>\n                <li><label for=''>Para cada atendimento, deve haver um registro de informa\u00e7\u00f5es que se transformam em dados e insumos para que consigamos mapear todas as caracter\u00edsticas dos clientes e leads al\u00e9m de informa\u00e7\u00f5es da liga\u00e7\u00e3o, esses registros de atendimento ser\u00e3o realizados nos Software da Speedmais? <\/b> <\/label><span class=\"wpcf7-form-control-wrap\" data-name=\"registro_dados\"><span class=\"wpcf7-form-control wpcf7-radio\"><span class=\"wpcf7-list-item first\"><input type=\"radio\" name=\"registro_dados\" value=\"Sim\" \/><span class=\"wpcf7-list-item-label\">Sim<\/span><\/span><span class=\"wpcf7-list-item last\"><input type=\"radio\" name=\"registro_dados\" value=\"N\u00e3o\" \/><span class=\"wpcf7-list-item-label\">N\u00e3o<\/span><\/span><\/span><\/span><\/li>\n               <li><label for=''> Hoje j\u00e1 existe a presta\u00e7\u00e3o dos servi\u00e7os com outra empresa ou ser\u00e1 uma opera\u00e7\u00e3o nova? <\/b> <\/label><span class=\"wpcf7-form-control-wrap\" data-name=\"operacao_nova\"><span class=\"wpcf7-form-control wpcf7-radio\"><span class=\"wpcf7-list-item first\"><input type=\"radio\" name=\"operacao_nova\" value=\"J\u00e1 possuo o servi\u00e7o de call center em minha empresa\" \/><span class=\"wpcf7-list-item-label\">J\u00e1 possuo o servi\u00e7o de call center em minha empresa<\/span><\/span><span class=\"wpcf7-list-item last\"><input type=\"radio\" name=\"operacao_nova\" value=\"\u00c9 nova opera\u00e7\u00e3o\" \/><span class=\"wpcf7-list-item-label\">\u00c9 nova opera\u00e7\u00e3o<\/span><\/span><\/span><\/span><\/li>\n               <li><label for=''> Na opera\u00e7\u00e3o ter\u00e1 atendimento ativo? <\/b> <\/label><span class=\"wpcf7-form-control-wrap\" data-name=\"ativo\"><span class=\"wpcf7-form-control wpcf7-radio\"><span class=\"wpcf7-list-item first\"><input type=\"radio\" name=\"ativo\" value=\"Sim\" \/><span class=\"wpcf7-list-item-label\">Sim<\/span><\/span><span class=\"wpcf7-list-item last\"><input type=\"radio\" name=\"ativo\" value=\"N\u00e3o\" \/><span class=\"wpcf7-list-item-label\">N\u00e3o<\/span><\/span><\/span><\/span><\/li>\n<\/ol>\n<\/fieldset>\n\n<fieldset>\n\t<legend><b>ATENDIMENTO ATIVO<\/b><\/legend>\n\t<ol>\n \n                <p> <b>Caso a sua opera\u00e7\u00e3o realize ativo, preencha abaixo<\/b><p>\n\n       <br>\n\n\t\t<li><label for=''> Qual o p\u00fablico alvo que deseja atingir?  <\/label><span class=\"wpcf7-form-control-wrap\" data-name=\"alvo\"><input size=\"40\" maxlength=\"400\" class=\"wpcf7-form-control wpcf7-text\" aria-invalid=\"false\" value=\"\" type=\"text\" name=\"alvo\" \/><\/span><\/li>\n                <li><label for=''>Qual a periodicidade de envio de mailing?  <\/label><span class=\"wpcf7-form-control-wrap\" data-name=\"mailing\"><span class=\"wpcf7-form-control wpcf7-radio\"><span class=\"wpcf7-list-item first\"><input type=\"radio\" name=\"mailing\" value=\"Semanal\" \/><span class=\"wpcf7-list-item-label\">Semanal<\/span><\/span><span class=\"wpcf7-list-item\"><input type=\"radio\" name=\"mailing\" value=\"Quinzenal\" \/><span class=\"wpcf7-list-item-label\">Quinzenal<\/span><\/span><span class=\"wpcf7-list-item\"><input type=\"radio\" name=\"mailing\" value=\"Mensal\" \/><span class=\"wpcf7-list-item-label\">Mensal<\/span><\/span><span class=\"wpcf7-list-item\"><input type=\"radio\" name=\"mailing\" value=\"Espor\u00e1dico\" \/><span class=\"wpcf7-list-item-label\">Espor\u00e1dico<\/span><\/span><span class=\"wpcf7-list-item last\"><input type=\"radio\" name=\"mailing\" value=\"Outro\" \/><span class=\"wpcf7-list-item-label\">Outro<\/span><\/span><\/span><\/span><\/li>\n                <li><label for='custo_ativo'>Quando o atendente faz a liga\u00e7\u00e3o (liga\u00e7\u00e3o ativa), seja para vendas, cobran\u00e7a ou outro tipo de atendimento, existe um custo por liga\u00e7\u00e3o efetuada, este custo ser\u00e1 da Speedmais?  <\/label><span class=\"wpcf7-form-control-wrap\" data-name=\"custo_ativo\"><span class=\"wpcf7-form-control wpcf7-radio\"><span class=\"wpcf7-list-item first\"><input type=\"radio\" name=\"custo_ativo\" value=\"Sim\" \/><span class=\"wpcf7-list-item-label\">Sim<\/span><\/span><span class=\"wpcf7-list-item last\"><input type=\"radio\" name=\"custo_ativo\" value=\"N\u00e3o\" \/><span class=\"wpcf7-list-item-label\">N\u00e3o<\/span><\/span><\/span><\/span><\/li>\n                <li><label for=''>Em atendimentos ativos, trabalhamos com mailing, que nada mais \u00e9 que uma lista de contatos enviados pela sua empresa para a Speedmais. Caso a opera\u00e7\u00e3o tenha esse tipo de atendimento, quantos contatos ser\u00e3o disponibilizados diariamente?  <\/label><span class=\"wpcf7-form-control-wrap\" data-name=\"contatos_mailing\"><input size=\"40\" maxlength=\"400\" class=\"wpcf7-form-control wpcf7-text\" aria-invalid=\"false\" value=\"\" type=\"text\" name=\"contatos_mailing\" \/><\/span><\/li>\n                <li><label for='custo_ativo'>Hoje j\u00e1 existe a presta\u00e7\u00e3o dos servi\u00e7os com outra empresa ou ser\u00e1 uma opera\u00e7\u00e3o nova?  <\/label><span class=\"wpcf7-form-control-wrap\" data-name=\"custo_ativo\"><span class=\"wpcf7-form-control wpcf7-radio\"><span class=\"wpcf7-list-item first\"><input type=\"radio\" name=\"custo_ativo\" value=\"J\u00e1 possuo o servi\u00e7o de call center em minha empresa\" \/><span class=\"wpcf7-list-item-label\">J\u00e1 possuo o servi\u00e7o de call center em minha empresa<\/span><\/span><span class=\"wpcf7-list-item last\"><input type=\"radio\" name=\"custo_ativo\" value=\"\u00c9 nova opera\u00e7\u00e3o\" \/><span class=\"wpcf7-list-item-label\">\u00c9 nova opera\u00e7\u00e3o<\/span><\/span><\/span><\/span><\/li>\n    <\/ol>\n    <\/fieldset>  \n\n<fieldset>\n\t<legend><b>Call Center<\/b><\/legend>\n\t<ol> \n              <p><b>Prezado(a), esta \u00e9 a segunda parte do nosso formul\u00e1rio. <\/b><p>\n              <p><b>(Caso a sua empresa j\u00e1 disponha do servi\u00e7o de Contact Center.)<\/b><p>   \n       <br>\n\t\t<li><label for=''> J\u00e1 existe um Software de atendimento? Se sim, qual?  <\/label><span class=\"wpcf7-form-control-wrap\" data-name=\"software\"><input size=\"40\" maxlength=\"400\" class=\"wpcf7-form-control wpcf7-text\" aria-invalid=\"false\" value=\"\" type=\"text\" name=\"software\" \/><\/span><\/li>\n                <li><label for=''> A licen\u00e7a do Software pode ser disponibilizada para a Speedmais?  <\/label><span class=\"wpcf7-form-control-wrap\" data-name=\"licenca_disponibilizada\"><span class=\"wpcf7-form-control wpcf7-radio\"><span class=\"wpcf7-list-item first\"><input type=\"radio\" name=\"licenca_disponibilizada\" value=\"Sim\" \/><span class=\"wpcf7-list-item-label\">Sim<\/span><\/span><span class=\"wpcf7-list-item last\"><input type=\"radio\" name=\"licenca_disponibilizada\" value=\"N\u00e3o\" \/><span class=\"wpcf7-list-item-label\">N\u00e3o<\/span><\/span><\/span><\/span><\/li>\n\t\t<li><label for=''>Volume de atendimento mensal dos \u00faltimos 6 meses (M\u00e9dia entre os 6 meses)  <\/label><span class=\"wpcf7-form-control-wrap\" data-name=\"seis_meses\"><input size=\"40\" maxlength=\"400\" class=\"wpcf7-form-control wpcf7-text\" aria-invalid=\"false\" value=\"\" type=\"text\" name=\"seis_meses\" \/><\/span><\/li>\n\t\t<li><label for=''> Volume de atendimento di\u00e1rio do \u00faltimo m\u00eas (M\u00e9dia entres os dias de funcionamento)  <\/label><span class=\"wpcf7-form-control-wrap\" data-name=\"ultimo_mes\"><input size=\"40\" maxlength=\"400\" class=\"wpcf7-form-control wpcf7-text\" aria-invalid=\"false\" value=\"\" type=\"text\" name=\"ultimo_mes\" \/><\/span><\/li>\n\t\t<li><label for=''> Volume de atendimento hora a hora do dia de maior volume de atendimento ocorrido no \u00faltimo m\u00eas.  <\/label><span class=\"wpcf7-form-control-wrap\" data-name=\"maior_volume\"><input size=\"40\" maxlength=\"400\" class=\"wpcf7-form-control wpcf7-text\" aria-invalid=\"false\" value=\"\" type=\"text\" name=\"maior_volume\" \/><\/span><\/li>\n\t\t<li><label for=''> Possui algum hor\u00e1rio de pico de atendimento? Se sim, qual (is)?  <\/label><span class=\"wpcf7-form-control-wrap\" data-name=\"pico_atendimento\"><input size=\"40\" maxlength=\"400\" class=\"wpcf7-form-control wpcf7-text\" aria-invalid=\"false\" value=\"\" type=\"text\" name=\"pico_atendimento\" \/><\/span><\/li>\n\t\t<li><label for=''> Qual o tempo m\u00e9dio que um colaborador atinge no atendimento?  <\/label><span class=\"wpcf7-form-control-wrap\" data-name=\"tempo_medio\"><input size=\"40\" maxlength=\"400\" class=\"wpcf7-form-control wpcf7-text\" aria-invalid=\"false\" value=\"\" type=\"text\" name=\"tempo_medio\" \/><\/span><\/li>\n\t\t<li><label for=''> Caso j\u00e1 tenha a presta\u00e7\u00e3o de servi\u00e7o, qual a quantidade de operadores atual?  <\/label><span class=\"wpcf7-form-control-wrap\" data-name=\"operadores_atual\"><input size=\"40\" maxlength=\"400\" class=\"wpcf7-form-control wpcf7-text\" aria-invalid=\"false\" value=\"\" type=\"text\" name=\"operadores_atual\" \/><\/span><\/li>\n\t\t<li><label for=''> Qual a quantidade de esta\u00e7\u00f5es de trabalho atual? (Ex.: quantidade de baias)  <\/label><span class=\"wpcf7-form-control-wrap\" data-name=\"estacoes_atual\"><input size=\"40\" maxlength=\"400\" class=\"wpcf7-form-control wpcf7-text\" aria-invalid=\"false\" value=\"\" type=\"text\" name=\"estacoes_atual\" \/><\/span><\/li>\n    <\/ol>\n    <\/fieldset>\n  <input class=\"wpcf7-form-control wpcf7-submit has-spinner\" type=\"submit\" value=\"Enviar\" \/><p style=\"display: none !important;\" class=\"akismet-fields-container\" data-prefix=\"_wpcf7_ak_\"><label>&#916;<textarea name=\"_wpcf7_ak_hp_textarea\" cols=\"45\" rows=\"8\" maxlength=\"100\"><\/textarea><\/label><input type=\"hidden\" id=\"ak_js_1\" name=\"_wpcf7_ak_js\" value=\"214\"\/><script>document.getElementById( \"ak_js_1\" ).setAttribute( \"value\", ( new Date() ).getTime() );<\/script><\/p><div class=\"wpcf7-response-output\" aria-hidden=\"true\"><\/div>\n<\/form>\n<\/div>\n\n","protected":false},"excerpt":{"rendered":"","protected":false},"author":1,"featured_media":0,"parent":0,"menu_order":0,"comment_status":"closed","ping_status":"closed","template":"","meta":{"site-sidebar-layout":"default","site-content-layout":"","ast-site-content-layout":"default","site-content-style":"default","site-sidebar-style":"default","ast-global-header-display":"","ast-banner-title-visibility":"","ast-main-header-display":"","ast-hfb-above-header-display":"","ast-hfb-below-header-display":"","ast-hfb-mobile-header-display":"","site-post-title":"","ast-breadcrumbs-content":"","ast-featured-img":"","footer-sml-layout":"","theme-transparent-header-meta":"","adv-header-id-meta":"","stick-header-meta":"","header-above-stick-meta":"","header-main-stick-meta":"","header-below-stick-meta":"","astra-migrate-meta-layouts":"set","ast-page-background-enabled":"default","ast-page-background-meta":{"desktop":{"background-color":"var(--ast-global-color-4)","background-image":"","background-repeat":"repeat","background-position":"center center","background-size":"auto","background-attachment":"scroll","background-type":"","background-media":"","overlay-type":"","overlay-color":"","overlay-opacity":"","overlay-gradient":""},"tablet":{"background-color":"","background-image":"","background-repeat":"repeat","background-position":"center center","background-size":"auto","background-attachment":"scroll","background-type":"","background-media":"","overlay-type":"","overlay-color":"","overlay-opacity":"","overlay-gradient":""},"mobile":{"background-color":"","background-image":"","background-repeat":"repeat","background-position":"center center","background-size":"auto","background-attachment":"scroll","background-type":"","background-media":"","overlay-type":"","overlay-color":"","overlay-opacity":"","overlay-gradient":""}},"ast-content-background-meta":{"desktop":{"background-color":"var(--ast-global-color-5)","background-image":"","background-repeat":"repeat","background-position":"center center","background-size":"auto","background-attachment":"scroll","background-type":"","background-media":"","overlay-type":"","overlay-color":"","overlay-opacity":"","overlay-gradient":""},"tablet":{"background-color":"var(--ast-global-color-5)","background-image":"","background-repeat":"repeat","background-position":"center center","background-size":"auto","background-attachment":"scroll","background-type":"","background-media":"","overlay-type":"","overlay-color":"","overlay-opacity":"","overlay-gradient":""},"mobile":{"background-color":"var(--ast-global-color-5)","background-image":"","background-repeat":"repeat","background-position":"center center","background-size":"auto","background-attachment":"scroll","background-type":"","background-media":"","overlay-type":"","overlay-color":"","overlay-opacity":"","overlay-gradient":""}},"footnotes":""},"class_list":["post-265","page","type-page","status-publish","hentry"],"_links":{"self":[{"href":"https:\/\/portal.speedmais.com.br\/atualizacao\/wp-json\/wp\/v2\/pages\/265","targetHints":{"allow":["GET"]}}],"collection":[{"href":"https:\/\/portal.speedmais.com.br\/atualizacao\/wp-json\/wp\/v2\/pages"}],"about":[{"href":"https:\/\/portal.speedmais.com.br\/atualizacao\/wp-json\/wp\/v2\/types\/page"}],"author":[{"embeddable":true,"href":"https:\/\/portal.speedmais.com.br\/atualizacao\/wp-json\/wp\/v2\/users\/1"}],"replies":[{"embeddable":true,"href":"https:\/\/portal.speedmais.com.br\/atualizacao\/wp-json\/wp\/v2\/comments?post=265"}],"version-history":[{"count":2,"href":"https:\/\/portal.speedmais.com.br\/atualizacao\/wp-json\/wp\/v2\/pages\/265\/revisions"}],"predecessor-version":[{"id":267,"href":"https:\/\/portal.speedmais.com.br\/atualizacao\/wp-json\/wp\/v2\/pages\/265\/revisions\/267"}],"wp:attachment":[{"href":"https:\/\/portal.speedmais.com.br\/atualizacao\/wp-json\/wp\/v2\/media?parent=265"}],"curies":[{"name":"wp","href":"https:\/\/api.w.org\/{rel}","templated":true}]}}