{"id":31,"date":"2025-03-07T17:13:48","date_gmt":"2025-03-07T20:13:48","guid":{"rendered":"https:\/\/portal.speedmais.com.br\/chatanac\/?page_id=31"},"modified":"2025-03-18T20:32:29","modified_gmt":"2025-03-18T23:32:29","slug":"atendimento-anac","status":"publish","type":"page","link":"https:\/\/portal.speedmais.com.br\/chatanac\/atendimento-anac\/","title":{"rendered":"Atendimento ANAC"},"content":{"rendered":"\n<p>Aqui voc\u00ea ter\u00e1 acesso \u00e0s orienta\u00e7\u00f5es dos servi\u00e7os da ANAC por meio do chat. Para iniciar o atendimento clique no \u00edcone no canto inferior direito (ANAC).<\/p>\n\n\n<p><script>\n  window.TOOKE_API_PUBLIC_URL = 'https:\/\/anac.evolux.cx';\n  window.LIVECHAT_CHANNEL_UUID = 'dadbc4ac-75c3-499c-b3a2-1fed46befe0a';\n  window.LIVECHAT_AVATAR_ICON_WIDTH = 64\n  window.LIVECHAT_AVATAR_ICON = 'https:\/\/logodownload.org\/wp-content\/uploads\/2018\/06\/anac-logo.png';\n  window.LIVECHAT_AVATAR_ICON_HEIGHT = 64;\n  window.LIVECHAT_TITLE = 'Atendimento ANAC';\n  window.LIVECHAT_LOGO_ICON = 'https:\/\/logodownload.org\/wp-content\/uploads\/2018\/06\/anac-logo.png';\n  window.LIVECHAT_HEADER_LOGO_WIDTH = 45;\n  window.LIVECHAT_HEADER_LOGO_HEIGHT = 45;\n  window.LIVECHAT_BACKGROUND_MESSAGES_ONLY = true;\n  window.LIVECHAT_MESSAGE_SIZE_TO_COLLAPSE = 250;\n<\/script><\/p>\n<style>\n  :root {\n    --livechat-primary: #00bbd3;\n    --livechat-primary-light: #e6f8fb;\n    --livechat-primary-dark: #0096a9;\n    --livechat-secondary: #696667;\n    --livechat-secondary-light: #e9e9e9;\n    --livechat-link: #0096a9;\n    --livechat-negative: #fe604f;\n    --livechat-avatar-background: transparent;\n    --livechat-avatar-background-hover: transparent;\n  }\n<\/style>\n<p><script defer src=\"https:\/\/tooke-widgets.s3.us-east-1.amazonaws.com\/tooke-live-chat.min.js\"><\/script><\/p>\n","protected":false},"excerpt":{"rendered":"<p>Aqui voc\u00ea ter\u00e1 acesso \u00e0s orienta\u00e7\u00f5es dos servi\u00e7os da ANAC por meio do chat. Para iniciar o atendimento clique no \u00edcone no canto inferior direito (ANAC).<\/p>\n","protected":false},"author":1,"featured_media":0,"parent":0,"menu_order":0,"comment_status":"closed","ping_status":"closed","template":"","meta":{"site-sidebar-layout":"default","site-content-layout":"","ast-site-content-layout":"default","site-content-style":"default","site-sidebar-style":"default","ast-global-header-display":"","ast-banner-title-visibility":"","ast-main-header-display":"","ast-hfb-above-header-display":"","ast-hfb-below-header-display":"","ast-hfb-mobile-header-display":"","site-post-title":"","ast-breadcrumbs-content":"","ast-featured-img":"","footer-sml-layout":"","theme-transparent-header-meta":"","adv-header-id-meta":"","stick-header-meta":"","header-above-stick-meta":"","header-main-stick-meta":"","header-below-stick-meta":"","astra-migrate-meta-layouts":"default","ast-page-background-enabled":"default","ast-page-background-meta":{"desktop":{"background-color":"var(--ast-global-color-4)","background-image":"","background-repeat":"repeat","background-position":"center center","background-size":"auto","background-attachment":"scroll","background-type":"","background-media":"","overlay-type":"","overlay-color":"","overlay-opacity":"","overlay-gradient":""},"tablet":{"background-color":"","background-image":"","background-repeat":"repeat","background-position":"center center","background-size":"auto","background-attachment":"scroll","background-type":"","background-media":"","overlay-type":"","overlay-color":"","overlay-opacity":"","overlay-gradient":""},"mobile":{"background-color":"","background-image":"","background-repeat":"repeat","background-position":"center center","background-size":"auto","background-attachment":"scroll","background-type":"","background-media":"","overlay-type":"","overlay-color":"","overlay-opacity":"","overlay-gradient":""}},"ast-content-background-meta":{"desktop":{"background-color":"var(--ast-global-color-5)","background-image":"","background-repeat":"repeat","background-position":"center center","background-size":"auto","background-attachment":"scroll","background-type":"","background-media":"","overlay-type":"","overlay-color":"","overlay-opacity":"","overlay-gradient":""},"tablet":{"background-color":"var(--ast-global-color-5)","background-image":"","background-repeat":"repeat","background-position":"center center","background-size":"auto","background-attachment":"scroll","background-type":"","background-media":"","overlay-type":"","overlay-color":"","overlay-opacity":"","overlay-gradient":""},"mobile":{"background-color":"var(--ast-global-color-5)","background-image":"","background-repeat":"repeat","background-position":"center center","background-size":"auto","background-attachment":"scroll","background-type":"","background-media":"","overlay-type":"","overlay-color":"","overlay-opacity":"","overlay-gradient":""}},"footnotes":""},"class_list":["post-31","page","type-page","status-publish","hentry"],"_links":{"self":[{"href":"https:\/\/portal.speedmais.com.br\/chatanac\/wp-json\/wp\/v2\/pages\/31","targetHints":{"allow":["GET"]}}],"collection":[{"href":"https:\/\/portal.speedmais.com.br\/chatanac\/wp-json\/wp\/v2\/pages"}],"about":[{"href":"https:\/\/portal.speedmais.com.br\/chatanac\/wp-json\/wp\/v2\/types\/page"}],"author":[{"embeddable":true,"href":"https:\/\/portal.speedmais.com.br\/chatanac\/wp-json\/wp\/v2\/users\/1"}],"replies":[{"embeddable":true,"href":"https:\/\/portal.speedmais.com.br\/chatanac\/wp-json\/wp\/v2\/comments?post=31"}],"version-history":[{"count":3,"href":"https:\/\/portal.speedmais.com.br\/chatanac\/wp-json\/wp\/v2\/pages\/31\/revisions"}],"predecessor-version":[{"id":35,"href":"https:\/\/portal.speedmais.com.br\/chatanac\/wp-json\/wp\/v2\/pages\/31\/revisions\/35"}],"wp:attachment":[{"href":"https:\/\/portal.speedmais.com.br\/chatanac\/wp-json\/wp\/v2\/media?parent=31"}],"curies":[{"name":"wp","href":"https:\/\/api.w.org\/{rel}","templated":true}]}}