{"id":31,"date":"2022-08-23T15:17:05","date_gmt":"2022-08-23T18:17:05","guid":{"rendered":"https:\/\/portal.speedmais.com.br\/chatdetran\/?page_id=31"},"modified":"2023-11-08T00:50:13","modified_gmt":"2023-11-08T03:50:13","slug":"atendimento-detran","status":"publish","type":"page","link":"https:\/\/portal.speedmais.com.br\/chatdetran\/","title":{"rendered":"Atendimento tr\u00e2nsito.mg"},"content":{"rendered":"<p><script>\n  window.TOOKE_API_PUBLIC_URL = 'https:\/\/ligminas.evolux.cx';\n  window.LIVECHAT_CHANNEL_UUID = 'c474c95b-801d-4c44-a51d-c5cc9d314cbc';\n  window.LIVECHAT_TITLE = 'tr\u00e2nsito.mg';\n  window.LIVECHAT_LOGO_ICON = 'https:\/\/i.ibb.co\/DgmfpdD\/transitomg.png';\n<\/script><\/p>\n<style>\n  :root {\n    --livechat-primary: #990000;\n    --livechat-primary-light: #dbc4c4;\n    --livechat-primary-dark: #630101;\n    --livechat-secondary: #696667;\n    --livechat-secondary-light: #e9e9e9;\n    --livechat-link: #0096a9;\n    --livechat-negative: #fe604f;\n    --livechat-avatar-background: #990000;\n    --livechat-avatar-background-hover: #630101;\n  }\n<\/style>\n<p><script defer src=\"https:\/\/tooke-widgets.s3.us-east-1.amazonaws.com\/tooke-live-chat.min.js\"><\/script><\/p>\n\n\n\n<p>Aqui voc\u00ea ter\u00e1 acesso \u00e0s orienta\u00e7\u00f5es dos servi\u00e7os do tr\u00e2nsito.mg por meio do chat. Para iniciar o atendimento clique no \u00edcone no canto inferior direito.<\/p>\n\n\n\n<p><\/p>\n","protected":false},"excerpt":{"rendered":"<p>Aqui voc\u00ea ter\u00e1 acesso \u00e0s orienta\u00e7\u00f5es dos servi\u00e7os do tr\u00e2nsito.mg por meio do chat. Para iniciar o atendimento clique no \u00edcone no canto inferior direito.<\/p>\n","protected":false},"author":1,"featured_media":0,"parent":0,"menu_order":0,"comment_status":"closed","ping_status":"closed","template":"","meta":{"site-sidebar-layout":"default","site-content-layout":"","ast-site-content-layout":"default","site-content-style":"default","site-sidebar-style":"default","ast-global-header-display":"","ast-banner-title-visibility":"","ast-main-header-display":"","ast-hfb-above-header-display":"","ast-hfb-below-header-display":"","ast-hfb-mobile-header-display":"","site-post-title":"","ast-breadcrumbs-content":"","ast-featured-img":"","footer-sml-layout":"","theme-transparent-header-meta":"","adv-header-id-meta":"","stick-header-meta":"","header-above-stick-meta":"","header-main-stick-meta":"","header-below-stick-meta":"","astra-migrate-meta-layouts":"set","ast-page-background-enabled":"default","ast-page-background-meta":{"desktop":{"background-color":"var(--ast-global-color-4)","background-image":"","background-repeat":"repeat","background-position":"center center","background-size":"auto","background-attachment":"scroll","background-type":"","background-media":"","overlay-type":"","overlay-color":"","overlay-opacity":"","overlay-gradient":""},"tablet":{"background-color":"","background-image":"","background-repeat":"repeat","background-position":"center center","background-size":"auto","background-attachment":"scroll","background-type":"","background-media":"","overlay-type":"","overlay-color":"","overlay-opacity":"","overlay-gradient":""},"mobile":{"background-color":"","background-image":"","background-repeat":"repeat","background-position":"center center","background-size":"auto","background-attachment":"scroll","background-type":"","background-media":"","overlay-type":"","overlay-color":"","overlay-opacity":"","overlay-gradient":""}},"ast-content-background-meta":{"desktop":{"background-color":"var(--ast-global-color-5)","background-image":"","background-repeat":"repeat","background-position":"center center","background-size":"auto","background-attachment":"scroll","background-type":"","background-media":"","overlay-type":"","overlay-color":"","overlay-opacity":"","overlay-gradient":""},"tablet":{"background-color":"var(--ast-global-color-5)","background-image":"","background-repeat":"repeat","background-position":"center center","background-size":"auto","background-attachment":"scroll","background-type":"","background-media":"","overlay-type":"","overlay-color":"","overlay-opacity":"","overlay-gradient":""},"mobile":{"background-color":"var(--ast-global-color-5)","background-image":"","background-repeat":"repeat","background-position":"center center","background-size":"auto","background-attachment":"scroll","background-type":"","background-media":"","overlay-type":"","overlay-color":"","overlay-opacity":"","overlay-gradient":""}},"footnotes":""},"class_list":["post-31","page","type-page","status-publish","hentry"],"_links":{"self":[{"href":"https:\/\/portal.speedmais.com.br\/chatdetran\/wp-json\/wp\/v2\/pages\/31","targetHints":{"allow":["GET"]}}],"collection":[{"href":"https:\/\/portal.speedmais.com.br\/chatdetran\/wp-json\/wp\/v2\/pages"}],"about":[{"href":"https:\/\/portal.speedmais.com.br\/chatdetran\/wp-json\/wp\/v2\/types\/page"}],"author":[{"embeddable":true,"href":"https:\/\/portal.speedmais.com.br\/chatdetran\/wp-json\/wp\/v2\/users\/1"}],"replies":[{"embeddable":true,"href":"https:\/\/portal.speedmais.com.br\/chatdetran\/wp-json\/wp\/v2\/comments?post=31"}],"version-history":[{"count":15,"href":"https:\/\/portal.speedmais.com.br\/chatdetran\/wp-json\/wp\/v2\/pages\/31\/revisions"}],"predecessor-version":[{"id":64,"href":"https:\/\/portal.speedmais.com.br\/chatdetran\/wp-json\/wp\/v2\/pages\/31\/revisions\/64"}],"wp:attachment":[{"href":"https:\/\/portal.speedmais.com.br\/chatdetran\/wp-json\/wp\/v2\/media?parent=31"}],"curies":[{"name":"wp","href":"https:\/\/api.w.org\/{rel}","templated":true}]}}