{"id":32,"date":"2022-08-03T17:14:26","date_gmt":"2022-08-03T20:14:26","guid":{"rendered":"http:\/\/34.138.209.52\/rioprevidencia\/?page_id=32"},"modified":"2024-06-16T21:00:41","modified_gmt":"2024-06-17T00:00:41","slug":"fale-conosco","status":"publish","type":"page","link":"https:\/\/portal.speedmais.com.br\/rioprevidencia\/fale-conosco\/","title":{"rendered":"Solicita\u00e7\u00e3o"},"content":{"rendered":"\n<div class=\"wp-block-contact-form-7-contact-form-selector\">\n<div class=\"wpcf7 no-js\" id=\"wpcf7-f36-o1\" lang=\"pt-BR\" dir=\"ltr\" data-wpcf7-id=\"36\">\n<div class=\"screen-reader-response\"><p role=\"status\" aria-live=\"polite\" aria-atomic=\"true\"><\/p> <ul><\/ul><\/div>\n<form action=\"\/rioprevidencia\/wp-json\/wp\/v2\/pages\/32#wpcf7-f36-o1\" method=\"post\" class=\"wpcf7-form init cf7skins cf7s-default wpcf7-acceptance-as-validation\" aria-label=\"Formul\u00e1rios de contato\" enctype=\"multipart\/form-data\" novalidate=\"novalidate\" data-status=\"init\">\n<fieldset class=\"hidden-fields-container\"><input type=\"hidden\" name=\"_wpcf7\" value=\"36\" \/><input type=\"hidden\" name=\"_wpcf7_version\" value=\"6.1.3\" \/><input type=\"hidden\" name=\"_wpcf7_locale\" value=\"pt_BR\" \/><input type=\"hidden\" name=\"_wpcf7_unit_tag\" value=\"wpcf7-f36-o1\" \/><input type=\"hidden\" name=\"_wpcf7_container_post\" value=\"0\" \/><input type=\"hidden\" name=\"_wpcf7_posted_data_hash\" value=\"\" \/><input type=\"hidden\" name=\"_wpcf7cf_hidden_group_fields\" value=\"[]\" \/><input type=\"hidden\" name=\"_wpcf7cf_hidden_groups\" value=\"[]\" \/><input type=\"hidden\" name=\"_wpcf7cf_visible_groups\" value=\"[]\" \/><input type=\"hidden\" name=\"_wpcf7cf_repeaters\" value=\"[]\" \/><input type=\"hidden\" name=\"_wpcf7cf_steps\" value=\"{}\" \/><input type=\"hidden\" name=\"_wpcf7cf_options\" value=\"{&quot;form_id&quot;:36,&quot;conditions&quot;:[],&quot;settings&quot;:{&quot;animation&quot;:&quot;yes&quot;,&quot;animation_intime&quot;:200,&quot;animation_outtime&quot;:200,&quot;conditions_ui&quot;:&quot;normal&quot;,&quot;notice_dismissed&quot;:false}}\" \/><input type=\"hidden\" name=\"_wpcf7dtx_version\" value=\"5.0.3\" \/>\n<\/fieldset>\n<fieldset class=\"cbolm-hide-after-sent\">\n\t<legend><\/legend>\n\t<ol>\n\t\t<li><label for=''><\/label><input class=\"wpcf7-form-control wpcf7-hidden\" value=\"\" type=\"hidden\" name=\"protocolo-de-atendimento\" \/><\/li>\n                <li><label for=''>Nome Completo <em class=\"cf7s-reqd\">*<\/em> <\/label><span class=\"wpcf7-form-control-wrap\" data-name=\"nomecompleto\"><input size=\"40\" maxlength=\"400\" class=\"wpcf7-form-control wpcf7-text wpcf7-validates-as-required\" aria-required=\"true\" aria-invalid=\"false\" value=\"\" type=\"text\" name=\"nomecompleto\" \/><\/span><\/li>\n                <li><label for=''>CPF (Apenas N\u00fameros) <em class=\"cf7s-reqd\">*<\/em> <\/label><span class=\"wpcf7-form-control-wrap\" data-name=\"cpf\"><input size=\"40\" maxlength=\"400\" class=\"wpcf7-form-control wpcf7-text wpcf7-validates-as-required cpf\" aria-required=\"true\" aria-invalid=\"false\" value=\"\" type=\"text\" name=\"cpf\" \/><\/span><\/li>\n                <li><label for=''>Email <em class=\"cf7s-reqd\">*<\/em> <\/label><span class=\"wpcf7-form-control-wrap\" data-name=\"email-cliente\"><input size=\"40\" maxlength=\"400\" class=\"wpcf7-form-control wpcf7-email wpcf7-validates-as-required wpcf7-text wpcf7-validates-as-email\" aria-required=\"true\" aria-invalid=\"false\" value=\"\" type=\"email\" name=\"email-cliente\" \/><\/span> <\/li>\n                <li>Telefone <span class=\"wpcf7-form-control-wrap\" data-name=\"telefone\"><input size=\"40\" maxlength=\"400\" class=\"wpcf7-form-control wpcf7-tel wpcf7-validates-as-required wpcf7-text wpcf7-validates-as-tel telefone\" aria-required=\"true\" aria-invalid=\"false\" value=\"\" type=\"tel\" name=\"telefone\" \/><\/span>\n                <li><label for=''>Tipo de Segurado <em class=\"cf7s-reqd\">*<\/em> <\/label><span class=\"wpcf7-form-control-wrap\" data-name=\"tipo_segurado\"><select class=\"wpcf7-form-control wpcf7-select wpcf7-validates-as-required\" aria-required=\"true\" aria-invalid=\"false\" name=\"tipo_segurado\"><option value=\"\">&#8212;Escolha uma op\u00e7\u00e3o&#8212;<\/option><option value=\"Consignatario\">Consignatario<\/option><option value=\"Pensionista\">Pensionista<\/option><option value=\"Publico Geral\">Publico Geral<\/option><option value=\"Servidor Ativo\">Servidor Ativo<\/option><option value=\"Servidor Inativo\">Servidor Inativo<\/option><option value=\"Servidor Inativo e Pensionista\">Servidor Inativo e Pensionista<\/option><option value=\"Servidor Ativo e Pensionista\">Servidor Ativo e Pensionista<\/option><\/select><\/span><\/li>\n                <li><label for=''>Servi\u00e7o <em class=\"cf7s-reqd\">*<\/em> <\/label><span class=\"wpcf7-form-control-wrap\" data-name=\"tipo_servico\"><select class=\"wpcf7-form-control wpcf7-select wpcf7-validates-as-required\" aria-required=\"true\" aria-invalid=\"false\" name=\"tipo_servico\"><option value=\"\">&#8212;Escolha uma op\u00e7\u00e3o&#8212;<\/option><option value=\"Aposentadoria\">Aposentadoria<\/option><option value=\"Contribuicao\">Contribuicao<\/option><option value=\"Previdenciaria\">Previdenciaria<\/option><option value=\"Imoveis\/GCR\">Imoveis\/GCR<\/option><option value=\"Licen\u00e7a Sem Vencimento\">Licen\u00e7a Sem Vencimento<\/option><option value=\"Licitacoes\">Licitacoes<\/option><option value=\"Pensao\">Pensao<\/option><option value=\"Repasse aos Consignatarios\">Repasse aos Consignatarios<\/option><\/select><\/span><\/li>\n                <li><label for=''>Categoria (Documenta\u00e7\u00e3o necess\u00e1ria:<\/strong> <a href=\"https:\/\/portal.speedmais.com.br\/rioprevidencia\/documentacoes\/\" target=\"_blank\" rel=\"noreferrer noopener\">Clique aqui<\/a>) <em class=\"cf7s-reqd\">*<\/em> <\/label><span class=\"wpcf7-form-control-wrap\" data-name=\"tipo_categoria\"><select class=\"wpcf7-form-control wpcf7-select wpcf7-validates-as-required\" aria-required=\"true\" aria-invalid=\"false\" name=\"tipo_categoria\"><option value=\"\">&#8212;Escolha uma op\u00e7\u00e3o&#8212;<\/option><option value=\"13\u00ba Pagamento\">13\u00ba Pagamento<\/option><option value=\"Agendamento\">Agendamento<\/option><option value=\"Altera\u00e7\u00e3o cadastral\">Altera\u00e7\u00e3o cadastral<\/option><option value=\"Cadastro de e-mail para acesso ao contracheque\">Cadastro de e-mail para acesso ao contracheque<\/option><option value=\"Certid\u00e3o de benefici\u00e1rio\/nada consta\">Certid\u00e3o de benefici\u00e1rio\/nada consta<\/option><option value=\"Certid\u00e3o da exist\u00eancia\/inexist\u00eancia de dependentes\">Certid\u00e3o da exist\u00eancia\/inexist\u00eancia de dependentes<\/option><option value=\"Certid\u00e3o de Pis\/Pasep\">Certid\u00e3o de Pis\/Pasep<\/option><option value=\"Comunicacao de obito de pensionista\/Reversao\">Comunicacao de obito de pensionista\/Reversao<\/option><option value=\"Concessao de aposentadoria\">Concessao de aposentadoria<\/option><option value=\"Consignacao\">Consignacao<\/option><option value=\"Consulta Contracheque\">Consulta Contracheque<\/option><option value=\"Consulta Processo\">Consulta Processo<\/option><option value=\"Convoca\u00e7\u00e3o\/Exig\u00eancia\">Convoca\u00e7\u00e3o\/Exig\u00eancia<\/option><option value=\"Declara\u00e7\u00e3o de Escolaridade\">Declara\u00e7\u00e3o de Escolaridade<\/option><option value=\"Informacoes sobre Pagamento\">Informacoes sobre Pagamento<\/option><option value=\"Informe de Rendimentos\">Informe de Rendimentos<\/option><option value=\"Isencao do Imposto de Renda\">Isencao do Imposto de Renda<\/option><option value=\"Licenca sem Vencimento\">Licenca sem Vencimento<\/option><option value=\"Pagamento de Atrasados\">Pagamento de Atrasados<\/option><option value=\"Problema de Pagamento\">Problema de Pagamento<\/option><option value=\"Reajuste INPC\">Reajuste INPC<\/option><option value=\"Recadastramento\/Recenseamento\/Prova de vida\">Recadastramento\/Recenseamento\/Prova de vida<\/option><option value=\"Retificacao de Imposto de Renda (fita DIRF)\">Retificacao de Imposto de Renda (fita DIRF)<\/option><option value=\"Revisao de Pensao\">Revisao de Pensao<\/option><\/select><\/span><\/li>\n                <li><label for=''>N\u00famero do Processo <\/label><span class=\"wpcf7-form-control-wrap\" data-name=\"numprocesso\"><input size=\"40\" maxlength=\"400\" class=\"wpcf7-form-control wpcf7-text\" aria-invalid=\"false\" value=\"\" type=\"text\" name=\"numprocesso\" \/><\/span><\/li>\n                <li><label for=''>Assunto <em class=\"cf7s-reqd\">*<\/em> <\/label><span class=\"wpcf7-form-control-wrap\" data-name=\"assunto\"><input size=\"40\" maxlength=\"400\" class=\"wpcf7-form-control wpcf7-text wpcf7-validates-as-required\" aria-required=\"true\" aria-invalid=\"false\" value=\"\" type=\"text\" name=\"assunto\" \/><\/span><\/li>\n                <li><label for=''>Pergunta <em class=\"cf7s-reqd\">*<\/em> <\/label><span class=\"wpcf7-form-control-wrap\" data-name=\"pergunta\"><textarea cols=\"40\" rows=\"10\" maxlength=\"2000\" class=\"wpcf7-form-control wpcf7-textarea wpcf7-validates-as-required\" aria-required=\"true\" aria-invalid=\"false\" name=\"pergunta\"><\/textarea><\/span><\/li>\n                <li><label for='anexo'><strong>Anexo: (Tamanho m\u00e1ximo de 30MB)<\/strong><\/label><div id=\"mfcf7_zl_multifilecontainer\"><span class=\"mfcf7-zl-multiline-sample\" style=\"display:none\"><p class=\"wpcf7-form-control-wrap anexo\"><input size=\"40\" class=\"wpcf7-form-control wpcf7-multilinefile\" multiple=\"multiple\" value=\"Upload\" aria-invalid=\"false\" type=\"file\" name=\"anexo[]\" \/> <span class=\"mfcf7-zl-multifile-name\"><\/span><a href=\"javascript:void(0);\" class=\"mfcf7_zl_delete_file\"><span class=\"delete-file\" aria-hidden=\"true\">&#x274C;<\/span><\/a><\/p><\/span><\/div><span class=\"wpcf7-form-control-wrap zl-form-control-wrap anexo\"><input size=\"40\" class=\"wpcf7-form-control wpcf7-multilinefile\" multiple=\"multiple\" value=\"Upload\" aria-invalid=\"false\" type=\"file\" name=\"anexo[]\" \/> <span class=\"mfcf7-zl-multifile-name\"><\/span><a href=\"javascript:void(0);\" class=\"mfcf7_zl_delete_file\"><span class=\"delete-file\" aria-hidden=\"true\">&#x274C;<\/span><\/a><\/span><p><label><span class=\"wpcf7-form-control-wrap\" data-name=\"anexo-zl-mfcf7-upld-btn\"><input type=\"button\" name=\"anexo-zl-mfcf7-upld-btn\" class=\"button button-primary qbutton\" id=\"mfcf7_zl_add_file\" value=\"Upload\"><\/span><\/label><\/p><\/li>\n                <li><label for=''> <strong>Documenta\u00e7\u00e3o necess\u00e1ria:<\/strong> <a href=\"https:\/\/portal.speedmais.com.br\/rioprevidencia\/documentacoes\/\" target=\"_blank\" rel=\"noreferrer noopener\">Clique aqui<\/a> <\/label><span class=\"wpcf7-form-control-wrap\" data-name=\"Aceite\"><span class=\"wpcf7-form-control wpcf7-acceptance\"><span class=\"wpcf7-list-item\"><label><input type=\"checkbox\" name=\"Aceite\" value=\"1\" aria-invalid=\"false\" \/><span class=\"wpcf7-list-item-label\">Confirmo a leitura da documenta\u00e7\u00e3o necess\u00e1ria para prosseguir com a demanda. <\/label><\/span><\/label><\/span><\/span><\/span><\/li>\n\n\t<\/ol>\n<\/fieldset>\n<div class=\"cbolm-hide-after-sent\"><div id=\"cf7sr-69e35c796eb09\" class=\"cf7sr-g-recaptcha\" data-theme=\"light\" data-type=\"image\" data-size=\"normal\" data-sitekey=\"6Lec2wEiAAAAAJ6poy23nrpqNxYM3tbNgepuqWPo\"><\/div><span class=\"wpcf7-form-control-wrap cf7sr-recaptcha\" data-name=\"cf7sr-recaptcha\"><input type=\"hidden\" name=\"cf7sr-recaptcha\" value=\"\" class=\"wpcf7-form-control\"><\/span><input class=\"wpcf7-form-control wpcf7-submit has-spinner\" type=\"submit\" value=\"Enviar\" \/><\/div><p style=\"display: none !important;\" class=\"akismet-fields-container\" data-prefix=\"_wpcf7_ak_\"><label>&#916;<textarea name=\"_wpcf7_ak_hp_textarea\" cols=\"45\" rows=\"8\" maxlength=\"100\"><\/textarea><\/label><input type=\"hidden\" id=\"ak_js_1\" name=\"_wpcf7_ak_js\" value=\"244\"\/><script>document.getElementById( \"ak_js_1\" ).setAttribute( \"value\", ( new Date() ).getTime() );<\/script><\/p><div class=\"wpcf7-response-output\" aria-hidden=\"true\"><\/div>\n<\/form>\n<\/div>\n<\/div>\n","protected":false},"excerpt":{"rendered":"","protected":false},"author":1,"featured_media":0,"parent":0,"menu_order":0,"comment_status":"closed","ping_status":"closed","template":"","meta":{"site-sidebar-layout":"default","site-content-layout":"","ast-site-content-layout":"default","site-content-style":"default","site-sidebar-style":"default","ast-global-header-display":"","ast-banner-title-visibility":"","ast-main-header-display":"","ast-hfb-above-header-display":"","ast-hfb-below-header-display":"","ast-hfb-mobile-header-display":"","site-post-title":"","ast-breadcrumbs-content":"","ast-featured-img":"","footer-sml-layout":"","theme-transparent-header-meta":"","adv-header-id-meta":"","stick-header-meta":"","header-above-stick-meta":"","header-main-stick-meta":"","header-below-stick-meta":"","astra-migrate-meta-layouts":"set","ast-page-background-enabled":"default","ast-page-background-meta":{"desktop":{"background-color":"var(--ast-global-color-4)","background-image":"","background-repeat":"repeat","background-position":"center center","background-size":"auto","background-attachment":"scroll","background-type":"","background-media":"","overlay-type":"","overlay-color":"","overlay-opacity":"","overlay-gradient":""},"tablet":{"background-color":"","background-image":"","background-repeat":"repeat","background-position":"center center","background-size":"auto","background-attachment":"scroll","background-type":"","background-media":"","overlay-type":"","overlay-color":"","overlay-opacity":"","overlay-gradient":""},"mobile":{"background-color":"","background-image":"","background-repeat":"repeat","background-position":"center center","background-size":"auto","background-attachment":"scroll","background-type":"","background-media":"","overlay-type":"","overlay-color":"","overlay-opacity":"","overlay-gradient":""}},"ast-content-background-meta":{"desktop":{"background-color":"var(--ast-global-color-5)","background-image":"","background-repeat":"repeat","background-position":"center center","background-size":"auto","background-attachment":"scroll","background-type":"","background-media":"","overlay-type":"","overlay-color":"","overlay-opacity":"","overlay-gradient":""},"tablet":{"background-color":"var(--ast-global-color-5)","background-image":"","background-repeat":"repeat","background-position":"center center","background-size":"auto","background-attachment":"scroll","background-type":"","background-media":"","overlay-type":"","overlay-color":"","overlay-opacity":"","overlay-gradient":""},"mobile":{"background-color":"var(--ast-global-color-5)","background-image":"","background-repeat":"repeat","background-position":"center center","background-size":"auto","background-attachment":"scroll","background-type":"","background-media":"","overlay-type":"","overlay-color":"","overlay-opacity":"","overlay-gradient":""}},"footnotes":""},"class_list":["post-32","page","type-page","status-publish","hentry"],"_links":{"self":[{"href":"https:\/\/portal.speedmais.com.br\/rioprevidencia\/wp-json\/wp\/v2\/pages\/32","targetHints":{"allow":["GET"]}}],"collection":[{"href":"https:\/\/portal.speedmais.com.br\/rioprevidencia\/wp-json\/wp\/v2\/pages"}],"about":[{"href":"https:\/\/portal.speedmais.com.br\/rioprevidencia\/wp-json\/wp\/v2\/types\/page"}],"author":[{"embeddable":true,"href":"https:\/\/portal.speedmais.com.br\/rioprevidencia\/wp-json\/wp\/v2\/users\/1"}],"replies":[{"embeddable":true,"href":"https:\/\/portal.speedmais.com.br\/rioprevidencia\/wp-json\/wp\/v2\/comments?post=32"}],"version-history":[{"count":4,"href":"https:\/\/portal.speedmais.com.br\/rioprevidencia\/wp-json\/wp\/v2\/pages\/32\/revisions"}],"predecessor-version":[{"id":102,"href":"https:\/\/portal.speedmais.com.br\/rioprevidencia\/wp-json\/wp\/v2\/pages\/32\/revisions\/102"}],"wp:attachment":[{"href":"https:\/\/portal.speedmais.com.br\/rioprevidencia\/wp-json\/wp\/v2\/media?parent=32"}],"curies":[{"name":"wp","href":"https:\/\/api.w.org\/{rel}","templated":true}]}}