{"id":92,"date":"2024-06-16T20:26:50","date_gmt":"2024-06-16T23:26:50","guid":{"rendered":"https:\/\/portal.speedmais.com.br\/rioprevidencia\/?page_id=92"},"modified":"2025-11-27T12:14:50","modified_gmt":"2025-11-27T15:14:50","slug":"documentacoes","status":"publish","type":"page","link":"https:\/\/portal.speedmais.com.br\/rioprevidencia\/documentacoes\/","title":{"rendered":"Documenta\u00e7\u00e3o"},"content":{"rendered":"\n<p><strong><strong>Para Todas as solicita\u00e7\u00f5es em que houver um procurador, al\u00e9m da documenta\u00e7\u00e3o solicitada, devem ser inclusos os seguintes documentos:<\/strong><\/strong><\/p>\n\n\n\n<ul class=\"wp-block-list\">\n<li>Documento de identidade do procurador (frente e verso);<\/li>\n\n\n\n<li>CPF do procurador (frente e verso);<\/li>\n\n\n\n<li>Procura\u00e7\u00e3o;<\/li>\n<\/ul>\n\n\n\n<p><strong>Para 13\u00b0 Pagamento:<\/strong><\/p>\n\n\n\n<ul class=\"wp-block-list\">\n<li>Documento de identidade; (frente e verso)<\/li>\n\n\n\n<li>CPF; (frente e verso);<\/li>\n<\/ul>\n\n\n\n<p>Na situa\u00e7\u00e3o de se fazer representar, al\u00e9m dos documentos acima, dever\u00e1 apresentar original:&nbsp;<\/p>\n\n\n\n<ul class=\"wp-block-list\">\n<li>Documento de identidade (frente e verso);&nbsp;<\/li>\n\n\n\n<li>CPF (frente e verso);&nbsp;<\/li>\n\n\n\n<li>Comprovante de resid\u00eancia (\u00e1gua, luz ou telefone fixo) do representante;&nbsp;<\/li>\n<\/ul>\n\n\n\n<p>Al\u00e9m do original do instituto que concedeu poderes para represent\u00e1-lo: Procura\u00e7\u00e3o p\u00fablica ou particular, curatela ou representa\u00e7\u00e3o legal advinda de senten\u00e7a judicial.&nbsp;<\/p>\n\n\n\n<p><strong><strong>Solicita\u00e7\u00e3o de Certid\u00f5es (benefici\u00e1rio\/PASEP).<\/strong><\/strong><\/p>\n\n\n\n<p><em>*Aten\u00e7\u00e3o: solicitante \u2013 pessoa que solicita o documento solicitado- pessoa de quem s\u00e3o solicitadas as informa\u00e7\u00f5es<\/em><\/p>\n\n\n\n<ol class=\"wp-block-list\">\n<li><strong>Para solicita\u00e7\u00e3o&nbsp;Certid\u00e3o de benefici\u00e1rio\/PASEP.<\/strong><\/li>\n<\/ol>\n\n\n\n<ul class=\"wp-block-list\">\n<li>Solicita\u00e7\u00e3o pelo pr\u00f3prio benefici\u00e1rio:&nbsp;\n<ul class=\"wp-block-list\">\n<li>&#8211; RG e CPF do benefici\u00e1rio.&nbsp;<\/li>\n<\/ul>\n<\/li>\n<\/ul>\n\n\n\n<p>                                        2. <strong>Para Solicita\u00e7\u00e3o de Certid\u00e3o Nada Consta.<\/strong><\/p>\n\n\n\n<ul class=\"wp-block-list\">\n<li> Solicita\u00e7\u00e3o pelo pr\u00f3prio solicitante:&nbsp;\n<ul class=\"wp-block-list\">\n<li>&#8211; RG e CPF do solicitante.&nbsp;&nbsp;<\/li>\n<\/ul>\n<\/li>\n<\/ul>\n\n\n\n<p>Na situa\u00e7\u00e3o de se fazer representar, al\u00e9m dos documentos acima, dever\u00e1 apresentar original:&nbsp;<\/p>\n\n\n\n<ul class=\"wp-block-list\">\n<li>Documento de identidade (frente e verso);&nbsp;<\/li>\n\n\n\n<li>CPF (frente e verso);&nbsp;<\/li>\n\n\n\n<li>Comprovante de resid\u00eancia (\u00e1gua, luz ou telefone fixo) do representante;&nbsp;<\/li>\n<\/ul>\n\n\n\n<p>Al\u00e9m do original do instituto que concedeu poderes para represent\u00e1-lo: Procura\u00e7\u00e3o p\u00fablica ou particular, curatela ou representa\u00e7\u00e3o legal advinda de senten\u00e7a judicial.&nbsp;<\/p>\n\n\n\n<p><strong><strong>Para Consigna\u00e7\u00e3o:<\/strong><\/strong><\/p>\n\n\n\n<ul class=\"wp-block-list\">\n<li>Documento de identidade; (frente e verso)<\/li>\n\n\n\n<li>CPF; (frente e verso);<\/li>\n\n\n\n<li>Comprovante de resid\u00eancia;<\/li>\n<\/ul>\n\n\n\n<p>Na situa\u00e7\u00e3o de se fazer representar, al\u00e9m dos documentos acima, dever\u00e1 apresentar original:&nbsp;<\/p>\n\n\n\n<ul class=\"wp-block-list\">\n<li>Documento de identidade (frente e verso);&nbsp;<\/li>\n\n\n\n<li>CPF (frente e verso);&nbsp;<\/li>\n\n\n\n<li>Comprovante de resid\u00eancia (\u00e1gua, luz ou telefone fixo) do representante;&nbsp;<\/li>\n<\/ul>\n\n\n\n<p>Al\u00e9m do original do instituto que concedeu poderes para represent\u00e1-lo: Procura\u00e7\u00e3o p\u00fablica ou particular, curatela ou representa\u00e7\u00e3o legal advinda de senten\u00e7a judicial.&nbsp;<\/p>\n\n\n\n<p><strong><strong>Para andamento de processos:<\/strong><\/strong><\/p>\n\n\n\n<ul class=\"wp-block-list\">\n<li>Documento de identidade; (frente e verso)<\/li>\n\n\n\n<li>CPF; (frente e verso);<\/li>\n\n\n\n<li>Comprovante de Resid\u00eancia.<\/li>\n<\/ul>\n\n\n\n<p>Na situa\u00e7\u00e3o de se fazer representar, al\u00e9m dos documentos acima, dever\u00e1 apresentar original:&nbsp;<\/p>\n\n\n\n<ul class=\"wp-block-list\">\n<li>Documento de identidade (frente e verso);&nbsp;<\/li>\n\n\n\n<li>CPF (frente e verso);&nbsp;<\/li>\n\n\n\n<li>Comprovante de resid\u00eancia (\u00e1gua, luz ou telefone fixo) do representante;&nbsp;<\/li>\n<\/ul>\n\n\n\n<p>Al\u00e9m do original do instituto que concedeu poderes para represent\u00e1-lo: Procura\u00e7\u00e3o p\u00fablica ou particular, curatela ou representa\u00e7\u00e3o legal advinda de senten\u00e7a judicial.&nbsp;<\/p>\n\n\n\n<p><strong><strong>Para acesso ao processo SEI:<\/strong><\/strong><\/p>\n\n\n\n<p>Esclarecemos que para solicitar acesso aos processos SEI, ser\u00e1 necess\u00e1rio primeiro o advogado ou pensionistas serem considerados usu\u00e1rios externo para utiliza\u00e7\u00e3o do SEI-RJ e, como tal, devem fazer o cadastro e esperar pela libera\u00e7\u00e3o do acesso seguindo o procedimento estabelecido pela Coordena\u00e7\u00e3o de Gest\u00e3o do SEI. Mais informa\u00e7\u00f5es podem ser obtidas neste site -&gt; <a href=\"https:\/\/portalsei.rj.gov.br\/usuarioexterno\" target=\"_blank\" rel=\"noreferrer noopener\">https:\/\/portalsei.rj.gov.br\/usuarioexterno<\/a> Caso o requerente n\u00e3o seja usu\u00e1rio GOV.BR n\u00edvel Prata ou Ouro, o solicitante deve entrar em contato com um dos canais de atendimento do Rioprevid\u00eancia e apresentar a documenta\u00e7\u00e3o necess\u00e1ria para a concretiza\u00e7\u00e3o do cadastro. Documentos:&nbsp;<\/p>\n\n\n\n<ul class=\"wp-block-list\">\n<li>Comprovante de Resid\u00eancia&nbsp;<\/li>\n\n\n\n<li>RG&nbsp;<\/li>\n\n\n\n<li>CPF (ou documento de identidade no qual conste CPF)&nbsp;<\/li>\n\n\n\n<li>Termo de Declara\u00e7\u00e3o de Concord\u00e2ncia e Veracidade preenchido e assinado: Clique aqui&nbsp;<\/li>\n<\/ul>\n\n\n\n<p>Na situa\u00e7\u00e3o de se fazer representar, al\u00e9m dos documentos acima, dever\u00e1 apresentar original:&nbsp;<\/p>\n\n\n\n<ul class=\"wp-block-list\">\n<li>Documento de identidade (frente e verso);&nbsp;<\/li>\n\n\n\n<li>CPF (frente e verso);&nbsp;<\/li>\n\n\n\n<li>Comprovante de resid\u00eancia (\u00e1gua, luz ou telefone fixo) do representante;&nbsp;<\/li>\n<\/ul>\n\n\n\n<p>Al\u00e9m do original do instituto que concedeu poderes para represent\u00e1-lo: Procura\u00e7\u00e3o p\u00fablica ou particular, curatela ou representa\u00e7\u00e3o legal advinda de senten\u00e7a judicial.&nbsp;<\/p>\n\n\n\n<p><strong><strong>Para Convoca\u00e7\u00e3o\/exig\u00eancia:<\/strong><\/strong><\/p>\n\n\n\n<ul class=\"wp-block-list\">\n<li>Documento de identidade; (frente e verso)&nbsp;<\/li>\n\n\n\n<li>CPF; (frente e verso);&nbsp;<\/li>\n\n\n\n<li>Aerograma, AR, Telegrama ou print do e-mail enviado pelo Rioprevid\u00eancia especificando qual a exig\u00eancia&nbsp;<\/li>\n<\/ul>\n\n\n\n<p>Na situa\u00e7\u00e3o de se fazer representar, al\u00e9m dos documentos acima, dever\u00e1 apresentar original:&nbsp;<\/p>\n\n\n\n<ul class=\"wp-block-list\">\n<li>Documento de identidade (frente e verso);&nbsp;<\/li>\n\n\n\n<li>CPF (frente e verso);&nbsp;<\/li>\n\n\n\n<li>Comprovante de resid\u00eancia (\u00e1gua, luz ou telefone fixo) do representante;&nbsp;<\/li>\n<\/ul>\n\n\n\n<p>Al\u00e9m do original do instituto que concedeu poderes para represent\u00e1-lo: Procura\u00e7\u00e3o p\u00fablica ou particular, curatela ou representa\u00e7\u00e3o legal advinda de senten\u00e7a judicial.&nbsp;<\/p>\n\n\n\n<p><strong><strong><strong>Para comunicado de \u00f3bito:<\/strong><\/strong><\/strong><\/p>\n\n\n\n<ul class=\"wp-block-list\">\n<li>Documento de identidade do solicitante;&nbsp;<\/li>\n\n\n\n<li>CPF do solicitante;&nbsp;<\/li>\n\n\n\n<li>Comprovante de resid\u00eancia (conta de consumo) do solicitante;&nbsp;<\/li>\n\n\n\n<li>Certid\u00e3o de \u00f3bito do benefici\u00e1rio;&nbsp;<\/li>\n\n\n\n<li>termo de responsabilidade assinado. Clique aqui&nbsp;<\/li>\n<\/ul>\n\n\n\n<p>Na situa\u00e7\u00e3o de se fazer representar, al\u00e9m dos documentos acima, dever\u00e1 apresentar original:&nbsp;<\/p>\n\n\n\n<ul class=\"wp-block-list\">\n<li>Documento de identidade (frente e verso);&nbsp;<\/li>\n\n\n\n<li>CPF (frente e verso);&nbsp;<\/li>\n\n\n\n<li>Comprovante de resid\u00eancia (\u00e1gua, luz ou telefone fixo) do representante;&nbsp;<\/li>\n<\/ul>\n\n\n\n<p>Al\u00e9m do original do instituto que concedeu poderes para represent\u00e1-lo: Procura\u00e7\u00e3o p\u00fablica ou particular, curatela ou representa\u00e7\u00e3o legal advinda de senten\u00e7a judicial.&nbsp;<\/p>\n\n\n\n<p><strong><strong><strong><strong>Para declara\u00e7\u00e3o de escolaridade:<\/strong><\/strong><\/strong><\/strong><\/p>\n\n\n\n<ul class=\"wp-block-list\">\n<li>Documento de identidade; (frente e verso)&nbsp;<\/li>\n\n\n\n<li>CPF; (frente e verso);&nbsp;<\/li>\n\n\n\n<li>Comprovante de resid\u00eancia (conta de consumo);&nbsp;<\/li>\n\n\n\n<li>Declara\u00e7\u00e3o da faculdade de que o requerente est\u00e1 matriculado e cursando o ensino superior (que dever\u00e1 constar o c\u00f3digo de verifica\u00e7\u00e3o eletr\u00f4nica).&nbsp;<\/li>\n\n\n\n<li>Termo de Responsabilidade assinado: Clique aqui&nbsp;&nbsp;<\/li>\n\n\n\n<li>A documenta\u00e7\u00e3o dever\u00e1 ser entregue ANTES de completar 21 anos e SEMESTRALMENTE, nos meses de fevereiro e agosto, at\u00e9 completar 24 anos ou o t\u00e9rmino da faculdade, o que ocorrer primeiro.&nbsp;<\/li>\n<\/ul>\n\n\n\n<p>Na situa\u00e7\u00e3o de se fazer representar, al\u00e9m dos documentos acima, dever\u00e1 apresentar original:&nbsp;<\/p>\n\n\n\n<ul class=\"wp-block-list\">\n<li>Documento de identidade (frente e verso);&nbsp;<\/li>\n\n\n\n<li>CPF (frente e verso);&nbsp;<\/li>\n\n\n\n<li>Comprovante de resid\u00eancia (\u00e1gua, luz ou telefone fixo) do representante;&nbsp;<\/li>\n<\/ul>\n\n\n\n<p>Al\u00e9m do original do instituto que concedeu poderes para represent\u00e1-lo: Procura\u00e7\u00e3o p\u00fablica ou particular, curatela ou representa\u00e7\u00e3o legal advinda de senten\u00e7a judicial.&nbsp;<\/p>\n\n\n\n<p><strong>Para Den\u00fancia:<\/strong><\/p>\n\n\n\n<p>Informamos que, se desejar, dever\u00e1 apresentar uma den\u00fancia formal e com documentos que comprovem a den\u00fancia, para que possa ser analisado. A den\u00fancia dever\u00e1 ser realizada atrav\u00e9s do canal Ouvidoria, atrav\u00e9s do telefone (21)2332-5355, ou do link <a href=\"https:\/\/www.rj.gov.br\/rioprevidencia\/Ouvidoria\" target=\"_blank\" rel=\"noreferrer noopener\">https:\/\/www.rj.gov.br\/rioprevidencia\/Ouvidoria<\/a>.&nbsp;<\/p>\n\n\n\n<p><strong>Para Informa\u00e7\u00f5es sobre pagamento:<\/strong><\/p>\n\n\n\n<ul class=\"wp-block-list\">\n<li>Documento de identidade; (frente e verso)<\/li>\n\n\n\n<li>CPF; (frente e verso);<\/li>\n<\/ul>\n\n\n\n<p>Na situa\u00e7\u00e3o de se fazer representar, al\u00e9m dos documentos acima, dever\u00e1 apresentar original:&nbsp;<\/p>\n\n\n\n<ul class=\"wp-block-list\">\n<li>Documento de identidade (frente e verso);&nbsp;<\/li>\n\n\n\n<li>CPF (frente e verso);&nbsp;<\/li>\n\n\n\n<li>Comprovante de resid\u00eancia (\u00e1gua, luz ou telefone fixo) do representante;\u00a0<br><\/li>\n<\/ul>\n\n\n\n<p>Al\u00e9m do original do instituto que concedeu poderes para represent\u00e1-lo: Procura\u00e7\u00e3o p\u00fablica ou particular, curatela ou representa\u00e7\u00e3o legal advinda de senten\u00e7a judicial.&nbsp;<\/p>\n\n\n\n<p><strong><strong>Para Informe de rendimentos\/Contracheque de falecidos.<\/strong><\/strong><\/p>\n\n\n\n<ul class=\"wp-block-list\">\n<li>Falecido: Certid\u00e3o de \u00f3bito.\u00a0<\/li>\n\n\n\n<li>Solicitante: Identidade, CPF e comprovante de resid\u00eancia.\u00a0<br><br>Na situa\u00e7\u00e3o de se fazer representar, al\u00e9m dos documentos acima, dever\u00e1 apresentar original:\u00a0<br><\/li>\n\n\n\n<li>Documento de identidade (frente e verso);\u00a0<\/li>\n\n\n\n<li>CPF (frente e verso);\u00a0<\/li>\n\n\n\n<li>Comprovante de resid\u00eancia (\u00e1gua, luz ou telefone fixo) do representante;\u00a0<br><br>Al\u00e9m do original do instituto que concedeu poderes para represent\u00e1-lo: Procura\u00e7\u00e3o p\u00fablica ou particular, curatela ou representa\u00e7\u00e3o legal advinda de senten\u00e7a judicial.\u00a0<br><\/li>\n<\/ul>\n\n\n\n<p><strong><strong><strong>Para Solicita\u00e7\u00e3o de isen\u00e7\u00e3o de imposto de renda.<\/strong><\/strong><\/strong><\/p>\n\n\n\n<ul class=\"wp-block-list\">\n<li>Documento de identidade; (frente e verso)<\/li>\n\n\n\n<li>CPF; (frente e verso);<\/li>\n\n\n\n<li>comprovante de resid\u00eancia (conta de consumo);<\/li>\n\n\n\n<li>laudo m\u00e9dico oficial emitido por institui\u00e7\u00e3o p\u00fablica Federal, Estadual ou Municipal ou laudo m\u00e9dico particular de no m\u00e1ximo 3 meses. Em qualquer caso, dever\u00e1 constar no laudo o CID (classifica\u00e7\u00e3o estat\u00edstica internacional de doen\u00e7as e problemas relacionados com a sa\u00fade) da doen\u00e7a e declara\u00e7\u00e3o expressa de que se enquadra na Lei 7.713 de 1988. Artigo 6\u00ba_Insiso XIV.<\/li>\n\n\n\n<li>procura\u00e7\u00e3o, tutela ou curatela, na hip\u00f3tese de ser representado;<\/li>\n\n\n\n<li>CPF, documento de identidade e comprovante de resid\u00eancia (conta de consumo) do devido representante legal, caso haja;<\/li>\n\n\n\n<li>Termo de responsabilidade assinado:\u00a0<a href=\"https:\/\/www.rj.gov.br\/rioprevidencia\/sites\/default\/files\/arquivos_pagina_basica\/Termo%20de%20Responsabilidade%20-%20documenta%C3%A7%C3%A3o_3.pdf\" target=\"_blank\" rel=\"noreferrer noopener\">Clique aqui<\/a> <em>*Aten\u00e7\u00e3o! Os inativos dever\u00e3o solicitar no seu \u00f3rg\u00e3o de origem<\/em>\u00a0<br><br>Na situa\u00e7\u00e3o de se fazer representar, al\u00e9m dos documentos acima, dever\u00e1 apresentar original:\u00a0<br><\/li>\n\n\n\n<li>Documento de identidade (frente e verso);\u00a0<\/li>\n\n\n\n<li>CPF (frente e verso);\u00a0<\/li>\n\n\n\n<li>Comprovante de resid\u00eancia (\u00e1gua, luz ou telefone fixo) do representante;\u00a0<br><br>Al\u00e9m do original do instituto que concedeu poderes para represent\u00e1-lo: Procura\u00e7\u00e3o p\u00fablica ou particular, curatela ou representa\u00e7\u00e3o legal advinda de senten\u00e7a judicial.\u00a0<br><\/li>\n<\/ul>\n\n\n\n<p><\/p>\n\n\n\n<p><strong><strong>Para solicita\u00e7\u00e3o de revers\u00e3o:<\/strong><\/strong><\/p>\n\n\n\n<ul class=\"wp-block-list\">\n<li>Documento de identidade; (frente e verso)<\/li>\n\n\n\n<li>CPF; (frente e verso)<\/li>\n\n\n\n<li>comprovante de resid\u00eancia (conta de consumo);<\/li>\n\n\n\n<li>Requerimento preenchido a pr\u00f3prio punho informando o motivo do cancelamento e solicitando a revers\u00e3o da cota da pens\u00e3o, datado e assinado pelo pr\u00f3prio;<\/li>\n\n\n\n<li>Termo de Responsabilidade assinado:\u00a0<a href=\"https:\/\/www.rj.gov.br\/rioprevidencia\/sites\/default\/files\/arquivos_pagina_basica\/Termo%20de%20Responsabilidade%20-%20documenta%C3%A7%C3%A3o_3.pdf\" target=\"_blank\" rel=\"noreferrer noopener\">Clique aqui<\/a>.<br><br>Na situa\u00e7\u00e3o de se fazer representar, al\u00e9m dos documentos acima, dever\u00e1 apresentar original:\u00a0<br><\/li>\n\n\n\n<li>Documento de identidade (frente e verso);\u00a0<\/li>\n\n\n\n<li>CPF (frente e verso);\u00a0<\/li>\n\n\n\n<li>Comprovante de resid\u00eancia (\u00e1gua, luz ou telefone fixo) do representante;\u00a0<br><br>Al\u00e9m do original do instituto que concedeu poderes para represent\u00e1-lo: Procura\u00e7\u00e3o p\u00fablica ou particular, curatela ou representa\u00e7\u00e3o legal advinda de senten\u00e7a judicial.\u00a0<br><\/li>\n<\/ul>\n\n\n\n<p><strong><strong>Para Retifica\u00e7\u00e3o da Fita Dirf:<\/strong><\/strong><\/p>\n\n\n\n<ul class=\"wp-block-list\">\n<li>Documento de identidade; (frente e verso)\u00a0<\/li>\n\n\n\n<li>CPF; (frente e verso)\u00a0<\/li>\n\n\n\n<li>declara\u00e7\u00e3o do Imposto de Renda;\u00a0<\/li>\n\n\n\n<li>Comprovante de resid\u00eancia (conta de consumo);\u00a0<\/li>\n\n\n\n<li>informe de rendimentos utilizado para fazer a declara\u00e7\u00e3o do Imposto de Renda;\u00a0<\/li>\n\n\n\n<li>declara\u00e7\u00e3o do requerente sobre a diverg\u00eancia a ser apurada. <em>*Aten\u00e7\u00e3o! Os inativos dever\u00e3o solicitar no seu \u00f3rg\u00e3o de origem<\/em>\u00a0<br><\/li>\n<\/ul>\n\n\n\n<p>Na situa\u00e7\u00e3o de se fazer representar, al\u00e9m dos documentos acima, dever\u00e1 apresentar original:&nbsp;<\/p>\n\n\n\n<ul class=\"wp-block-list\">\n<li>Documento de identidade (frente e verso);\u00a0<\/li>\n\n\n\n<li>CPF (frente e verso);\u00a0<\/li>\n\n\n\n<li>Comprovante de resid\u00eancia (\u00e1gua, luz ou telefone fixo) do representante;\u00a0<\/li>\n<\/ul>\n\n\n\n<p>Al\u00e9m do original do instituto que concedeu poderes para represent\u00e1-lo: Procura\u00e7\u00e3o p\u00fablica ou particular, curatela ou representa\u00e7\u00e3o legal advinda de senten\u00e7a judicial.&nbsp;<\/p>\n\n\n\n<p><strong><strong>Para revis\u00e3o de pens\u00e3o:<\/strong><\/strong><\/p>\n\n\n\n<ul class=\"wp-block-list\">\n<li>Documento de identidade; (frente e verso)\u00a0<\/li>\n\n\n\n<li>CPF; (frente e verso);\u00a0<\/li>\n\n\n\n<li>Comprovante de resid\u00eancia (conta de consumo);\u00a0<br><br>Na situa\u00e7\u00e3o de se fazer representar, al\u00e9m dos documentos acima, dever\u00e1 apresentar original:\u00a0<br><\/li>\n\n\n\n<li>Documento de identidade (frente e verso);\u00a0<\/li>\n\n\n\n<li>CPF (frente e verso);\u00a0<\/li>\n\n\n\n<li>Comprovante de resid\u00eancia (\u00e1gua, luz ou telefone fixo) do representante;\u00a0<br><br>Al\u00e9m do original do instituto que concedeu poderes para represent\u00e1-lo: Procura\u00e7\u00e3o p\u00fablica ou particular, curatela ou representa\u00e7\u00e3o legal advinda de senten\u00e7a judicial.<br>\u00a0<\/li>\n<\/ul>\n\n\n\n<p><strong><strong><strong>C\u00f3pia de Processo:<\/strong><\/strong><\/strong><\/p>\n\n\n\n<p>Solicitamos os seguintes documentos para o envio da c\u00f3pia do processo:<\/p>\n\n\n\n<ul class=\"wp-block-list\">\n<li>Identidade;<\/li>\n\n\n\n<li>CPF;<\/li>\n\n\n\n<li>Comprovante de resid\u00eancia;<\/li>\n\n\n\n<li>Termo de responsabilidade espec\u00edfico de c\u00f3pia.<br><\/li>\n<\/ul>\n\n\n\n<p><strong>Para Altera\u00e7\u00e3o cadastral ( Endere\u00e7o, telefone, nome&#8230;)<\/strong><\/p>\n\n\n\n<ul class=\"wp-block-list\">\n<li>Documento de identidade; (frente e verso)\u00a0<\/li>\n\n\n\n<li>CPF; (frente e verso);\u00a0<\/li>\n\n\n\n<li>Comprovante de resid\u00eancia;\u00a0<br><br>Na situa\u00e7\u00e3o de se fazer representar, al\u00e9m dos documentos acima, dever\u00e1 apresentar original:\u00a0<br><\/li>\n\n\n\n<li>Documento de identidade (frente e verso);\u00a0<\/li>\n\n\n\n<li>CPF (frente e verso);\u00a0<\/li>\n\n\n\n<li>Comprovante de resid\u00eancia (\u00e1gua, luz ou telefone fixo) do representante;\u00a0<br><br>Al\u00e9m do original do instituto que concedeu poderes para represent\u00e1-lo: Procura\u00e7\u00e3o p\u00fablica ou particular, curatela ou representa\u00e7\u00e3o legal advinda de senten\u00e7a judicial.\u00a0<br><\/li>\n<\/ul>\n\n\n\n<p><strong>Para Altera\u00e7\u00e3o de conta banc\u00e1ria:&nbsp;<\/strong><\/p>\n\n\n\n<ul class=\"wp-block-list\">\n<li>Of\u00edcio banc\u00e1rio com a informa\u00e7\u00e3o da conta antiga e a conta nova, assinada pelo gerente;\u00a0<\/li>\n\n\n\n<li>Identidade;\u00a0<\/li>\n\n\n\n<li>Cpf;\u00a0<\/li>\n\n\n\n<li>Comprovante de Resid\u00eancia.\u00a0<br><br>Na situa\u00e7\u00e3o de se fazer representar, al\u00e9m dos documentos acima, dever\u00e1 apresentar original:\u00a0<br><\/li>\n\n\n\n<li>Documento de identidade (frente e verso);\u00a0<\/li>\n\n\n\n<li>CPF (frente e verso);\u00a0<\/li>\n\n\n\n<li>Comprovante de resid\u00eancia (\u00e1gua, luz ou telefone fixo) do representante;\u00a0<br><br>Al\u00e9m do original do instituto que concedeu poderes para represent\u00e1-lo: Procura\u00e7\u00e3o p\u00fablica ou particular, curatela ou representa\u00e7\u00e3o legal advinda de senten\u00e7a judicial.\u00a0<\/li>\n<\/ul>\n","protected":false},"excerpt":{"rendered":"<p>Para Todas as solicita\u00e7\u00f5es em que houver um procurador, al\u00e9m da documenta\u00e7\u00e3o solicitada, devem ser inclusos os seguintes documentos: Para 13\u00b0 Pagamento: Na situa\u00e7\u00e3o de se fazer representar, al\u00e9m dos documentos acima, dever\u00e1 apresentar original:&nbsp; Al\u00e9m do original do instituto que concedeu poderes para represent\u00e1-lo: Procura\u00e7\u00e3o p\u00fablica ou particular, curatela ou representa\u00e7\u00e3o legal advinda de [&hellip;]<\/p>\n","protected":false},"author":1,"featured_media":0,"parent":0,"menu_order":2,"comment_status":"closed","ping_status":"closed","template":"","meta":{"site-sidebar-layout":"default","site-content-layout":"","ast-site-content-layout":"default","site-content-style":"default","site-sidebar-style":"default","ast-global-header-display":"","ast-banner-title-visibility":"","ast-main-header-display":"","ast-hfb-above-header-display":"","ast-hfb-below-header-display":"","ast-hfb-mobile-header-display":"","site-post-title":"","ast-breadcrumbs-content":"","ast-featured-img":"","footer-sml-layout":"","theme-transparent-header-meta":"","adv-header-id-meta":"","stick-header-meta":"","header-above-stick-meta":"","header-main-stick-meta":"","header-below-stick-meta":"","astra-migrate-meta-layouts":"set","ast-page-background-enabled":"default","ast-page-background-meta":{"desktop":{"background-color":"var(--ast-global-color-4)","background-image":"","background-repeat":"repeat","background-position":"center center","background-size":"auto","background-attachment":"scroll","background-type":"","background-media":"","overlay-type":"","overlay-color":"","overlay-opacity":"","overlay-gradient":""},"tablet":{"background-color":"","background-image":"","background-repeat":"repeat","background-position":"center center","background-size":"auto","background-attachment":"scroll","background-type":"","background-media":"","overlay-type":"","overlay-color":"","overlay-opacity":"","overlay-gradient":""},"mobile":{"background-color":"","background-image":"","background-repeat":"repeat","background-position":"center center","background-size":"auto","background-attachment":"scroll","background-type":"","background-media":"","overlay-type":"","overlay-color":"","overlay-opacity":"","overlay-gradient":""}},"ast-content-background-meta":{"desktop":{"background-color":"var(--ast-global-color-5)","background-image":"","background-repeat":"repeat","background-position":"center center","background-size":"auto","background-attachment":"scroll","background-type":"","background-media":"","overlay-type":"","overlay-color":"","overlay-opacity":"","overlay-gradient":""},"tablet":{"background-color":"var(--ast-global-color-5)","background-image":"","background-repeat":"repeat","background-position":"center center","background-size":"auto","background-attachment":"scroll","background-type":"","background-media":"","overlay-type":"","overlay-color":"","overlay-opacity":"","overlay-gradient":""},"mobile":{"background-color":"var(--ast-global-color-5)","background-image":"","background-repeat":"repeat","background-position":"center center","background-size":"auto","background-attachment":"scroll","background-type":"","background-media":"","overlay-type":"","overlay-color":"","overlay-opacity":"","overlay-gradient":""}},"footnotes":""},"class_list":["post-92","page","type-page","status-publish","hentry"],"_links":{"self":[{"href":"https:\/\/portal.speedmais.com.br\/rioprevidencia\/wp-json\/wp\/v2\/pages\/92","targetHints":{"allow":["GET"]}}],"collection":[{"href":"https:\/\/portal.speedmais.com.br\/rioprevidencia\/wp-json\/wp\/v2\/pages"}],"about":[{"href":"https:\/\/portal.speedmais.com.br\/rioprevidencia\/wp-json\/wp\/v2\/types\/page"}],"author":[{"embeddable":true,"href":"https:\/\/portal.speedmais.com.br\/rioprevidencia\/wp-json\/wp\/v2\/users\/1"}],"replies":[{"embeddable":true,"href":"https:\/\/portal.speedmais.com.br\/rioprevidencia\/wp-json\/wp\/v2\/comments?post=92"}],"version-history":[{"count":20,"href":"https:\/\/portal.speedmais.com.br\/rioprevidencia\/wp-json\/wp\/v2\/pages\/92\/revisions"}],"predecessor-version":[{"id":181,"href":"https:\/\/portal.speedmais.com.br\/rioprevidencia\/wp-json\/wp\/v2\/pages\/92\/revisions\/181"}],"wp:attachment":[{"href":"https:\/\/portal.speedmais.com.br\/rioprevidencia\/wp-json\/wp\/v2\/media?parent=92"}],"curies":[{"name":"wp","href":"https:\/\/api.w.org\/{rel}","templated":true}]}}